{"id":318,"date":"2024-10-19T00:49:21","date_gmt":"2024-10-18T22:49:21","guid":{"rendered":"https:\/\/eternalumina.com\/?page_id=318"},"modified":"2025-04-14T14:25:25","modified_gmt":"2025-04-14T12:25:25","slug":"gdpr-information-obligation","status":"publish","type":"page","link":"https:\/\/eternalumina.com\/de\/gdpr-information-obligation\/","title":{"rendered":"Informationspflicht gem\u00e4\u00df der DSGVO"},"content":{"rendered":"<h1 class=\"wp-block-heading\">Informationspflicht gem\u00e4\u00df der DSGVO<\/h1>\n\n\n\n<p>Die untenstehenden Informationen stellen eine pr\u00e4gnante, verst\u00e4ndliche und transparente Zusammenfassung der enthaltenen Informationen dar&nbsp;<a href=\"https:\/\/eternalumina.com\/de\/privacy-policy\/\">the Privacy Policy<\/a>&nbsp;Bez\u00fcglich des Verantwortlichen f\u00fcr die personenbezogenen Daten, des Zwecks und der Methode der Datenverarbeitung sowie Ihrer Rechte im Zusammenhang mit dieser Verarbeitung, in der Form, die erforderlich ist, um die Informationspflicht gem\u00e4\u00df der DSGVO zu erf\u00fcllen. Einzelheiten zur Methode der Verarbeitung und den an diesem Prozess beteiligten Stellen sind in der angegebenen Richtlinie verf\u00fcgbar.<\/p>\n\n\n\n<h2 class=\"wp-block-heading\">Wer ist der Verantwortliche f\u00fcr die personenbezogenen Daten?<\/h2>\n\n\n\n<p><strong>Verantwortlicher f\u00fcr personenbezogene Daten<\/strong><\/p>\n\n\n\n<p>Die Verantwortlichen f\u00fcr Ihre personenbezogenen Daten sind die Partner, die ein Unternehmen in Form einer Gesellschaft b\u00fcrgerlichen Rechts unter dem Namen betreiben:<\/p>\n\n\n\n<p><strong>TOOLING SYSTEMS S.C. M.P. STASZAK<\/strong><br>ul. T. Ko\u015bciuszki 78A\/15, 62-030 Lubo\u0144<br>NIP: 7831701766, REGON: 302485475<\/p>\n\n\n\n<p>Die Partner des Unternehmens, die als gemeinsame Verantwortliche f\u00fcr personenbezogene Daten fungieren, sind:<\/p>\n\n\n\n<p><strong>Piotr Staszak<\/strong>die ein Unternehmen unter dem Namen betreiben <em>TOOLING SYSTEMS Piotr Staszak<\/em><br>NIP: 7772109628, REGON: 302456462<\/p>\n\n\n\n<p><strong>Marzena Staszak<\/strong>die ein Unternehmen unter dem Namen betreiben <em>TOOLING SYSTEMS PRECYZYJNE NARZ\u0118DZIA SKRAWAJ\u0104CE Marzena Staszak<\/em><br>NIP: 5571509610, REGON: 302275915<\/p>\n\n\n\n<p>In Angelegenheiten, die die Verarbeitung personenbezogener Daten betreffen, k\u00f6nnen Sie uns kontaktieren:<\/p>\n\n\n\n<p>per Post: <strong>TOOLING SYSTEMS S.C., ul. T. Ko\u015bciuszki 78A\/15, 62-030 Lubo\u0144<\/strong><\/p>\n\n\n\n<p>per E-Mail: <strong><a class=\"\">biuro@toolingsystems.pl<\/a><\/strong> or <strong><a class=\"\">store@eternalumina.com<\/a><\/strong><\/p>\n\n\n\n<p>Der Verantwortliche hat einen Datenschutzbeauftragten, Piotr Staszak, ernannt.<br><br>Der Datenschutzbeauftragte kann \u00fcber folgende Wege kontaktiert werden:<\/p>\n\n\n\n<ul class=\"wp-block-list\">\n<li>by e-mail to the following address:&nbsp;pstaszak@toolingsystems.pl,<\/li>\n\n\n\n<li>per Telefon:<\/li>\n\n\n\n<li>oder schriftlich an die folgende Adresse:<br><\/li>\n<\/ul>\n\n\n\n<p>Sie k\u00f6nnen den Datenschutzbeauftragten in allen Angelegenheiten, die die Verarbeitung personenbezogener Daten betreffen, kontaktieren.<\/p>\n\n\n\n<h2 class=\"wp-block-heading\">Woher beziehen wir personenbezogene Daten und welche sind ihre Quellen?<\/h2>\n\n\n\n<p>Die Daten werden aus folgenden Quellen bezogen:<\/p>\n\n\n\n<ul class=\"wp-block-list\">\n<li>von den betroffenen Personen<\/li>\n<\/ul>\n\n\n\n<h2 class=\"wp-block-heading\">Wie lautet der Umfang der personenbezogenen Daten, die wir verarbeiten?<\/h2>\n\n\n\n<p>Der Dienst verarbeitet&nbsp;<strong>gew\u00f6hnliche personenbezogene Daten<\/strong>&nbsp;freiwillig bereitgestellt von den betroffenen Personen<br><small>(z. B. Name und Nachname, Login, E-Mail-Adresse, Telefonnummer, IP-Adresse usw.)<\/small><\/p>\n\n\n\n<p>Der detaillierte Umfang der verarbeiteten Daten ist verf\u00fcgbar in&nbsp;<a href=\"https:\/\/eternalumina.com\/de\/privacy-policy\/\">the Privacy Policy<\/a>&nbsp;.<\/p>\n\n\n\n<h2 class=\"wp-block-heading\">Was sind die Zwecke unserer Datenverarbeitung?<\/h2>\n\n\n\n<p>Personenbezogene Daten, die von Nutzern freiwillig bereitgestellt werden, werden f\u00fcr einen der folgenden Zwecke verarbeitet:<\/p>\n\n\n\n<ul class=\"wp-block-list\">\n<li>Bereitstellung von elektronischen Diensten:\n<ul class=\"wp-block-list\">\n<li>Dienste zur Registrierung und Pflege des Benutzerkontos auf der Website sowie die damit verbundenen Funktionen<\/li>\n\n\n\n<li>Newsletter-Dienste (einschlie\u00dflich des Versendens von Werbeinhalten mit Zustimmung)<\/li>\n\n\n\n<li>Dienste zum Kommentieren\/Liken von Eintr\u00e4gen im Service ohne Registrierung<\/li>\n<\/ul>\n<\/li>\n\n\n\n<li>Kommunikation zwischen dem Administrator und den Nutzern in Angelegenheiten im Zusammenhang mit dem Service und dem Datenschutz<\/li>\n\n\n\n<li>Sicherung des berechtigten Interesses des Administrators<\/li>\n<\/ul>\n\n\n\n<h2 class=\"wp-block-heading\">Was sind die rechtlichen Grundlagen der Datenverarbeitung?<\/h2>\n\n\n\n<p>Die Website sammelt und verarbeitet Benutzerdaten basierend auf:<\/p>\n\n\n\n<ul class=\"wp-block-list\">\n<li>Verordnung (EU) 2016\/679 des Europ\u00e4ischen Parlaments und des Rates vom 27. April 2016 zum Schutz nat\u00fcrlicher Personen bei der Verarbeitung personenbezogener Daten und zum freien Verkehr solcher Daten sowie zur Aufhebung der Richtlinie 95\/46\/EG (Datenschutz-Grundverordnung)\n<ul class=\"wp-block-list\">\n<li>Artikel 6 Absatz 1 Buchstabe a<br><small>die betroffene Person hat ihre Zustimmung zur Verarbeitung ihrer personenbezogenen Daten f\u00fcr einen oder mehrere spezifische Zwecke gegeben<\/small><\/li>\n\n\n\n<li>Artikel 6 Abs. 1 Buchst. b<br><small>die Verarbeitung ist erforderlich f\u00fcr die Erf\u00fcllung eines Vertrages, an dem die betroffene Person beteiligt ist, oder um auf Antrag der betroffenen Person vor Abschluss eines Vertrages Ma\u00dfnahmen zu ergreifen<\/small><\/li>\n\n\n\n<li>Artikel 6 Abs. 1 Buchst. f<br><small>die Verarbeitung ist erforderlich f\u00fcr die Zwecke der berechtigten Interessen, die vom Verantwortlichen oder von einem Dritten verfolgt werden<\/small><\/li>\n<\/ul>\n<\/li>\n\n\n\n<li>Gesetz vom 10. Mai 2018 zum Schutz personenbezogener Daten (Gesetzblatt 2018, Pos. 1000)<\/li>\n\n\n\n<li>Gesetz vom 16. Juli 2004 \u2013 Telekommunikationsgesetz (Gesetzblatt 2004 Nr. 171, Pos. 1800)<\/li>\n\n\n\n<li>Gesetz vom 4. Februar 1994 \u00fcber das Urheberrecht und verwandte Schutzrechte (Gesetzblatt 1994 Nr. 24, Pos. 83)<\/li>\n<\/ul>\n\n\n\n<h2 class=\"wp-block-heading\">Was ist das berechtigte Interesse, das vom Verantwortlichen verfolgt wird?<\/h2>\n\n\n\n<ul class=\"wp-block-list\">\n<li>Um Anspr\u00fcche festzustellen, zu verfolgen oder abzuwehren, ist die rechtliche Grundlage der Verarbeitung unser berechtigtes Interesse (Artikel 6 Absatz 1 Buchstabe f der DSGVO) zum Schutz unserer Rechte, einschlie\u00dflich unter anderem;<\/li>\n\n\n\n<li>Um das Risiko potenzieller Kunden zu bewerten<\/li>\n\n\n\n<li>Um geplante Marketingkampagnen zu bewerten<\/li>\n\n\n\n<li>Zu Zwecken des Direktmarketings<\/li>\n<\/ul>\n\n\n\n<h2 class=\"wp-block-heading\">Wie lange verarbeiten wir personenbezogene Daten?<\/h2>\n\n\n\n<p>In der Regel werden die angegebenen personenbezogenen Daten nur f\u00fcr den Zeitraum der Erbringung von Dienstleistungen innerhalb des vom Verantwortlichen betriebenen Dienstes gespeichert. Sie werden innerhalb von&nbsp;<strong>2 Jahre nach Ende der Dienstleistungserbringung<\/strong> (Verkauf) solange die Garantie f\u00fcr die gekauften Waren g\u00fcltig ist.<\/p>\n\n\n\n<p>In Ausnahmef\u00e4llen, um das berechtigte Interesse des Verantwortlichen zu sch\u00fctzen, kann dieser Zeitraum verl\u00e4ngert werden. In einem solchen Fall wird der Verantwortliche die angegebenen Daten ab dem Zeitpunkt der Anfrage des Nutzers zu deren L\u00f6schung f\u00fcr h\u00f6chstens 3 Jahre speichern, wenn ein Versto\u00df oder der Verdacht auf einen Versto\u00df gegen die Bestimmungen der Servicebedingungen durch die Person, deren Daten verarbeitet werden, vorliegt.<\/p>\n\n\n\n<h2 class=\"wp-block-heading\">Wer ist der Empf\u00e4nger von Daten, einschlie\u00dflich personenbezogener Daten?<\/h2>\n\n\n\n<p>In der Regel ist der einzige Empf\u00e4nger der Daten der Verantwortliche.<\/p>\n\n\n\n<p>Die Datenverarbeitung kann jedoch anderen Stellen anvertraut werden, die dem Verantwortlichen Dienstleistungen zur Aufrechterhaltung des Betriebs der Website erbringen. Zu diesen Stellen geh\u00f6ren unter anderem:<\/p>\n\n\n\n<ul class=\"wp-block-list\">\n<li>Hostingunternehmen, die Hosting- oder verwandte Dienstleistungen f\u00fcr den Verantwortlichen erbringen<\/li>\n\n\n\n<li>Unternehmen, \u00fcber die der Newsletter-Service bereitgestellt wird<\/li>\n<\/ul>\n\n\n\n<h2 class=\"wp-block-heading\">Werden Ihre personenbezogenen Daten au\u00dferhalb der Europ\u00e4ischen Union \u00fcbertragen?<\/h2>\n\n\n\n<p>Personenbezogene Daten&nbsp;<strong>werden nicht au\u00dferhalb der Europ\u00e4ischen Union \u00fcbertragen<\/strong>&nbsp;es sei denn, sie werden aufgrund einer individuellen Handlung des Nutzers ver\u00f6ffentlicht (z. B. das Hinterlassen eines Kommentars oder eines Beitrags), wodurch die Daten f\u00fcr jede Person, die die Website besucht, zug\u00e4nglich gemacht werden.<\/p>\n\n\n\n<h2 class=\"wp-block-heading\">Werden personenbezogene Daten die Grundlage f\u00fcr automatisierte Entscheidungen sein?<\/h2>\n\n\n\n<p>Personenbezogene Daten&nbsp;<strong>werden nicht verwendet<\/strong>&nbsp;f\u00fcr automatisierte Entscheidungsfindung (Profiling).<\/p>\n\n\n\n<h2 class=\"wp-block-heading\">Welche Rechte haben Sie in Bezug auf die Verarbeitung personenbezogener Daten?<\/h2>\n\n\n\n<ul class=\"wp-block-list\">\n<li><strong>Recht auf Zugang zu personenbezogenen Daten<\/strong><br>Nutzer haben das Recht auf Zugang zu ihren personenbezogenen Daten, das auf Antrag beim Verantwortlichen ausge\u00fcbt wird<\/li>\n\n\n\n<li><strong>Recht auf Berichtigung personenbezogener Daten<\/strong><br>Nutzer haben das Recht, vom Verantwortlichen die sofortige Berichtigung unrichtiger personenbezogener Daten und\/oder die Erg\u00e4nzung unvollst\u00e4ndiger personenbezogener Daten zu verlangen, die auf Antrag beim Verantwortlichen vorgenommen wird<\/li>\n\n\n\n<li><strong>Recht auf L\u00f6schung personenbezogener Daten<\/strong><br>Nutzer haben das Recht, vom Verantwortlichen die sofortige L\u00f6schung personenbezogener Daten zu verlangen, was auf Antrag beim Verantwortlichen erfolgt<br><br>Im Fall von Benutzerkonten besteht die L\u00f6schung der Daten in der Anonymisierung der Daten, die eine Identifizierung des Nutzers erm\u00f6glichen<br><br>Im Fall des Newsletter-Dienstes hat der Nutzer die M\u00f6glichkeit, seine personenbezogenen Daten selbst \u00fcber den Link in jeder versendeten E-Mail zu l\u00f6schen<\/li>\n\n\n\n<li><strong>Recht auf Einschr\u00e4nkung der Verarbeitung personenbezogener Daten<\/strong><br>Nutzer haben das Recht, die Verarbeitung personenbezogener Daten in den in Art. 18 DSGVO genannten F\u00e4llen einzuschr\u00e4nken, einschlie\u00dflich der Anfechtung der Richtigkeit personenbezogener Daten, umgesetzt auf Antrag beim Verantwortlichen<\/li>\n\n\n\n<li><strong>Recht auf Daten\u00fcbertragbarkeit<\/strong><br>Nutzer haben das Recht, vom Verantwortlichen sie betreffende personenbezogene Daten in einem strukturierten, g\u00e4ngigen und maschinenlesbaren Format zu erhalten, umgesetzt auf Antrag beim Verantwortlichen<\/li>\n\n\n\n<li><strong>Recht auf Widerspruch gegen die Verarbeitung personenbezogener Daten<\/strong><br>Nutzer haben das Recht, der Verarbeitung ihrer personenbezogenen Daten in den in Art. 21 DSGVO genannten F\u00e4llen zu widersprechen, umgesetzt auf Antrag beim Verantwortlichen<\/li>\n\n\n\n<li><strong>Recht, eine Beschwerde einzureichen<\/strong><br>Nutzer haben das Recht, eine Beschwerde bei der Aufsichtsbeh\u00f6rde einzureichen, die f\u00fcr den Schutz personenbezogener Daten zust\u00e4ndig ist<\/li>\n<\/ul>","protected":false},"excerpt":{"rendered":"<p>GDPR information obligation The information below is a concise, understandable and transparent summary of the information contained in&nbsp;the Privacy Policy&nbsp;regarding the Data Controller, the purpose and method of processing personal data and your rights in connection with this processing, in the form required to meet the information obligation of the GDPR. Details regarding the method&#8230;<\/p>","protected":false},"author":1,"featured_media":0,"parent":0,"menu_order":0,"comment_status":"closed","ping_status":"closed","template":"","meta":{"_seopress_robots_primary_cat":"","_seopress_titles_title":"GDPR Information Obligation","_seopress_titles_desc":"Learn about our GDPR information obligation and how we protect your privacy. Find out more about our data handling practices and your rights.","_seopress_robots_index":"","_kadence_starter_templates_imported_post":false,"_kad_post_transparent":"","_kad_post_title":"","_kad_post_layout":"","_kad_post_sidebar_id":"","_kad_post_content_style":"","_kad_post_vertical_padding":"","_kad_post_feature":"","_kad_post_feature_position":"","_kad_post_header":false,"_kad_post_footer":false,"_kad_post_classname":"","footnotes":""},"class_list":["post-318","page","type-page","status-publish","hentry"],"_links":{"self":[{"href":"https:\/\/eternalumina.com\/de\/wp-json\/wp\/v2\/pages\/318","targetHints":{"allow":["GET"]}}],"collection":[{"href":"https:\/\/eternalumina.com\/de\/wp-json\/wp\/v2\/pages"}],"about":[{"href":"https:\/\/eternalumina.com\/de\/wp-json\/wp\/v2\/types\/page"}],"author":[{"embeddable":true,"href":"https:\/\/eternalumina.com\/de\/wp-json\/wp\/v2\/users\/1"}],"replies":[{"embeddable":true,"href":"https:\/\/eternalumina.com\/de\/wp-json\/wp\/v2\/comments?post=318"}],"version-history":[{"count":8,"href":"https:\/\/eternalumina.com\/de\/wp-json\/wp\/v2\/pages\/318\/revisions"}],"predecessor-version":[{"id":1957,"href":"https:\/\/eternalumina.com\/de\/wp-json\/wp\/v2\/pages\/318\/revisions\/1957"}],"wp:attachment":[{"href":"https:\/\/eternalumina.com\/de\/wp-json\/wp\/v2\/media?parent=318"}],"curies":[{"name":"wp","href":"https:\/\/api.w.org\/{rel}","templated":true}]}}