{"id":350,"date":"2024-10-19T16:54:30","date_gmt":"2024-10-19T14:54:30","guid":{"rendered":"https:\/\/eternalumina.com\/?page_id=350"},"modified":"2025-04-14T16:57:08","modified_gmt":"2025-04-14T14:57:08","slug":"privacy-policy","status":"publish","type":"page","link":"https:\/\/eternalumina.com\/de\/privacy-policy\/","title":{"rendered":"Datenschutzbestimmungen"},"content":{"rendered":"<h2 class=\"wp-block-heading\">Wer wir sind<\/h2>\n\n\n\n<p>Unsere Website-Adresse lautet: https:\/\/eternalumina.com<\/p>\n\n\n\n<h2 class=\"wp-block-heading\">Kommentare<\/h2>\n\n\n\n<p>Wenn Besucher Kommentare auf der Seite hinterlassen, sammeln wir die im Kommentarfeld angezeigten Daten sowie die IP-Adresse des Besuchers und den Benutzer-Agent-String des Browsers zur Unterst\u00fctzung der Spam-Erkennung.<\/p>\n\n\n\n<p>Eine anonymisierte Zeichenfolge, die aus Ihrer E-Mail-Adresse erstellt wurde (auch Hash genannt), kann dem Gravatar-Dienst zur Verf\u00fcgung gestellt werden, um zu \u00fcberpr\u00fcfen, ob Sie diesen nutzen. Die Datenschutzrichtlinie des Gravatar-Dienstes finden Sie hier: https:\/\/automattic.com\/privacy\/. Nach der Genehmigung Ihres Kommentars ist Ihr Profilbild im Kontext Ihres Kommentars \u00f6ffentlich sichtbar.<\/p>\n\n\n\n<h2 class=\"wp-block-heading\">Medien<\/h2>\n\n\n\n<p>Wenn Sie Bilder auf die Website hochladen, sollten Sie vermeiden, Bilder mit eingebetteten Standortdaten (EXIF GPS) hochzuladen. Besucher der Website k\u00f6nnen Standortdaten aus den Bildern herunterladen und extrahieren.<\/p>\n\n\n\n<h2 class=\"wp-block-heading\">Cookies<\/h2>\n\n\n\n<p>Wenn Sie einen Kommentar auf unserer Website hinterlassen, k\u00f6nnen Sie der Speicherung Ihres Namens, Ihrer E-Mail-Adresse und Ihrer Website in Cookies zustimmen. Diese dienen Ihrer Bequemlichkeit, damit Sie Ihre Daten nicht erneut eingeben m\u00fcssen, wenn Sie einen weiteren Kommentar hinterlassen. Diese Cookies bleiben ein Jahr lang gespeichert.<\/p>\n\n\n\n<p>Wenn Sie unsere Login-Seite besuchen, setzen wir ein tempor\u00e4res Cookie, um festzustellen, ob Ihr Browser Cookies akzeptiert. Dieses Cookie enth\u00e4lt keine pers\u00f6nlichen Daten und wird gel\u00f6scht, wenn Sie Ihren Browser schlie\u00dfen.<\/p>\n\n\n\n<p>Wenn Sie sich einloggen, richten wir auch mehrere Cookies ein, um Ihre Login-Informationen und Ihre Anzeigeeinstellungen zu speichern. Login-Cookies bleiben zwei Tage lang gespeichert, und Anzeigeoptionen-Cookies bleiben ein Jahr lang bestehen. Wenn Sie \u201eAngemeldet bleiben\u201c ausw\u00e4hlen, bleibt Ihr Login zwei Wochen lang bestehen. Wenn Sie sich aus Ihrem Konto ausloggen, werden die Login-Cookies entfernt.<\/p>\n\n\n\n<p>Wenn Sie einen Artikel bearbeiten oder ver\u00f6ffentlichen, wird ein zus\u00e4tzliches Cookie in Ihrem Browser gespeichert. Dieses Cookie enth\u00e4lt keine pers\u00f6nlichen Daten und zeigt lediglich die Post-ID des Artikels an, den Sie gerade bearbeitet haben. Es l\u00e4uft nach 1 Tag ab.<\/p>\n\n\n\n<h2 class=\"wp-block-heading\">Eingebettete Inhalte von anderen Websites<\/h2>\n\n\n\n<p>Artikel auf dieser Website k\u00f6nnen eingebettete Inhalte enthalten (z. B. Videos, Bilder, Artikel usw.). Eingebettete Inhalte von anderen Websites verhalten sich genauso, als ob der Besucher die andere Website besucht h\u00e4tte.<\/p>\n\n\n\n<p>Diese Websites k\u00f6nnen Daten \u00fcber Sie sammeln, Cookies verwenden, zus\u00e4tzliche Tracking-Methoden von Drittanbietern einbetten und Ihre Interaktionen mit den eingebetteten Inhalten \u00fcberwachen, einschlie\u00dflich des Trackings Ihrer Interaktionen mit den eingebetteten Inhalten, wenn Sie ein Konto haben und bei dieser Website eingeloggt sind.<\/p>\n\n\n\n<h2 class=\"wp-block-heading\">Mit wem teilen wir Ihre Daten<\/h2>\n\n\n\n<p>Wenn Sie eine Passwortzur\u00fccksetzung anfordern, wird Ihre IP-Adresse in der Zur\u00fccksetzungs-E-Mail enthalten sein.<\/p>\n\n\n\n<h2 class=\"wp-block-heading\">Wie lange wir Ihre Daten aufbewahren<\/h2>\n\n\n\n<p>Wenn Sie einen Kommentar hinterlassen, wird der Kommentar und seine Metadaten unbegrenzt gespeichert. So k\u00f6nnen wir Folgekommentare automatisch erkennen und genehmigen, anstatt sie in einer Moderationswarteschlange zu halten.<\/p>\n\n\n\n<p>F\u00fcr Benutzer, die sich auf unserer Website registrieren (falls vorhanden), speichern wir auch die pers\u00f6nlichen Informationen, die sie in ihrem Benutzerprofil angeben. Alle Benutzer k\u00f6nnen ihre pers\u00f6nlichen Informationen jederzeit anzeigen, bearbeiten oder l\u00f6schen (au\u00dfer dass sie ihren Benutzernamen nicht \u00e4ndern k\u00f6nnen). Website-Administratoren k\u00f6nnen diese Informationen ebenfalls einsehen und bearbeiten.<\/p>\n\n\n\n<h2 class=\"wp-block-heading\">Welche Rechte Sie an Ihren Daten haben<\/h2>\n\n\n\n<p>Wenn Sie ein Konto auf dieser Seite haben oder Kommentare hinterlassen haben, k\u00f6nnen Sie anfordern, eine exportierte Datei mit den pers\u00f6nlichen Daten zu erhalten, die wir \u00fcber Sie gespeichert haben, einschlie\u00dflich aller Daten, die Sie uns zur Verf\u00fcgung gestellt haben. Sie k\u00f6nnen auch verlangen, dass wir alle pers\u00f6nlichen Daten l\u00f6schen, die wir \u00fcber Sie gespeichert haben. Dies schlie\u00dft keine Daten ein, die wir aus administrativen, rechtlichen oder sicherheitsrelevanten Gr\u00fcnden aufbewahren m\u00fcssen.<\/p>\n\n\n\n<h2 class=\"wp-block-heading\">Wohin Ihre Daten gesendet werden<\/h2>\n\n\n\n<p>Kommentare von Besuchern k\u00f6nnen durch einen automatisierten Spam-Erkennungsdienst \u00fcberpr\u00fcft werden.<\/p>\n\n\n\n<p>Wir sammeln Informationen \u00fcber Sie w\u00e4hrend des Checkout-Prozesses in unserem Gesch\u00e4ft.<\/p>\n\n\n\n<h2 class=\"wp-block-heading\">Was wir sammeln und speichern<\/h2>\n\n\n\n<p>W\u00e4hrend Sie unsere Seite besuchen, werden wir verfolgen:<\/p>\n\n\n\n<ul class=\"wp-block-list\">\n<li>Produkte, die Sie angesehen haben: Wir verwenden dies, um Ihnen beispielsweise Produkte anzuzeigen, die Sie k\u00fcrzlich angesehen haben<\/li>\n\n\n\n<li>Standort, IP-Adresse und Browsertyp: Wir verwenden dies f\u00fcr Zwecke wie die Sch\u00e4tzung von Steuern und Versandkosten<\/li>\n\n\n\n<li>Lieferadresse: Wir werden Sie bitten, diese anzugeben, damit wir zum Beispiel die Versandkosten sch\u00e4tzen k\u00f6nnen, bevor Sie eine Bestellung aufgeben, und Ihnen die Bestellung zusenden k\u00f6nnen!<\/li>\n<\/ul>\n\n\n\n<p>Wir werden auch Cookies verwenden, um den Inhalt des Warenkorbs zu verfolgen, w\u00e4hrend Sie unsere Seite durchsuchen.<\/p>\n\n\n\n<p>Wenn Sie bei uns einkaufen, bitten wir Sie, Informationen wie Ihren Namen, Rechnungsadresse, Lieferadresse, E-Mail-Adresse, Telefonnummer, Kreditkarten-\/Zahlungsdetails und optionale Kontoinformationen wie Benutzernamen und Passwort bereitzustellen. Wir werden diese Informationen f\u00fcr Zwecke wie die folgenden verwenden:<\/p>\n\n\n\n<ul class=\"wp-block-list\">\n<li>Wir senden Ihnen Informationen zu Ihrem Konto und Ihrer Bestellung<\/li>\n\n\n\n<li>Wir werden auf Ihre Anfragen antworten, einschlie\u00dflich R\u00fcckerstattungen und Beschwerden<\/li>\n\n\n\n<li>Zahlungen verarbeiten und Betrug verhindern<\/li>\n\n\n\n<li>Richten Sie Ihr Konto f\u00fcr unseren Shop ein<\/li>\n\n\n\n<li>Erf\u00fcllen Sie alle rechtlichen Verpflichtungen, die wir haben, wie z.B. die Berechnung von Steuern<\/li>\n\n\n\n<li>Unser Angebot im Shop verbessern<\/li>\n\n\n\n<li>Senden Ihnen Marketingnachrichten, wenn Sie sich entscheiden, diese zu erhalten<\/li>\n<\/ul>\n\n\n\n<p>Wenn Sie ein Konto erstellen, speichern wir Ihren Namen, Ihre Adresse, E-Mail und Telefonnummer, die zur Bef\u00fcllung des Checkout f\u00fcr zuk\u00fcnftige Bestellungen verwendet werden.<\/p>\n\n\n\n<p>Wir speichern Informationen \u00fcber Sie in der Regel so lange, wie wir sie f\u00fcr die Zwecke ben\u00f6tigen, f\u00fcr die wir sie sammeln und verwenden, und solange wir gesetzlich nicht verpflichtet sind, sie weiterhin zu speichern. Zum Beispiel werden wir Bestellinformationen f\u00fcr XXX Jahre aus steuerlichen und buchhalterischen Zwecken aufbewahren. Dies umfasst Ihren Namen, Ihre E-Mail-Adresse sowie Ihre Rechnungs- und Lieferadressen.<\/p>\n\n\n\n<p>Wir werden auch Kommentare oder Bewertungen speichern, wenn Sie sich entscheiden, diese zu hinterlassen.<\/p>\n\n\n\n<h2 class=\"wp-block-heading\">Wer ist der Datenverantwortliche?<\/h2>\n\n\n\n<p><strong>Verantwortlicher f\u00fcr personenbezogene Daten<\/strong><\/p>\n\n\n\n<p>Die Verantwortlichen f\u00fcr Ihre personenbezogenen Daten sind die Partner, die ein Unternehmen in Form einer Gesellschaft b\u00fcrgerlichen Rechts unter dem Namen betreiben:<\/p>\n\n\n\n<p><strong>TOOLING SYSTEMS S.C. M.P. STASZAK<\/strong><br>ul. T. Ko\u015bciuszki 78A\/15, 62-030 Lubo\u0144<br>NIP: 7831701766, REGON: 302485475<\/p>\n\n\n\n<p>Die Partner des Unternehmens, die als gemeinsame Verantwortliche f\u00fcr personenbezogene Daten fungieren, sind:<\/p>\n\n\n\n<p><strong>Piotr Staszak<\/strong>die ein Unternehmen unter dem Namen betreiben&nbsp;<em>TOOLING SYSTEMS Piotr Staszak<\/em><br>NIP: 7772109628, REGON: 302456462<\/p>\n\n\n\n<p><strong>Marzena Staszak<\/strong>die ein Unternehmen unter dem Namen betreiben&nbsp;<em>TOOLING SYSTEMS PRECYZYJNE NARZ\u0118DZIA SKRAWAJ\u0104CE Marzena Staszak<\/em><br>NIP: 5571509610, REGON: 302275915<\/p>\n\n\n\n<p>In Angelegenheiten, die die Verarbeitung personenbezogener Daten betreffen, k\u00f6nnen Sie uns kontaktieren:<\/p>\n\n\n\n<p>per Post:&nbsp;<strong>TOOLING SYSTEMS S.C., ul. T. Ko\u015bciuszki 78A\/15, 62-030 Lubo\u0144<\/strong><\/p>\n\n\n\n<p>per E-Mail:&nbsp;<strong><a class=\"\">biuro@toolingsystems.pl<\/a><\/strong>&nbsp;or&nbsp;<strong><a class=\"\">store@eternalumina.com<\/a><\/strong><\/p>\n\n\n\n<p>Der Verantwortliche hat einen Datenschutzbeauftragten, Piotr Staszak, ernannt.<br><br>Der Datenschutzbeauftragte kann \u00fcber folgende Wege kontaktiert werden:<\/p>\n\n\n\n<ul class=\"wp-block-list\">\n<li>by e-mail to the following address:\u00a0pstaszak@toolingsystems.pl,<\/li>\n\n\n\n<li>per Telefon:<\/li>\n\n\n\n<li>oder schriftlich an die folgende Adresse:<\/li>\n<\/ul>\n\n\n\n<p>Sie k\u00f6nnen den Datenschutzbeauftragten in allen Angelegenheiten, die die Verarbeitung personenbezogener Daten betreffen, kontaktieren.<\/p>\n\n\n\n<h2 class=\"wp-block-heading\">Was wir mit anderen teilen<\/h2>\n\n\n\n<p>Wir teilen Informationen mit Dritten, die uns dabei helfen, Ihnen unsere Bestell- und Shop-Dienste bereitzustellen.<\/p>\n\n\n\n<p>Detaillierte Informationen finden Sie in unserem <a href=\"https:\/\/eternalumina.com\/de\/cookie-policy-eu\/\" data-type=\"page\" data-id=\"1175\">Cookie-Richtlinie (EU)<\/a><\/p>\n\n\n\n<h3 class=\"wp-block-heading\">Zahlungen<\/h3>\n\n\n\n<p>Wir akzeptieren Zahlungen \u00fcber die Zahlungsabwicklungsdienste PayPal und AUTOPAY. <\/p>\n\n\n\n<p>Bei der Verarbeitung von Zahlungen werden einige Ihrer Daten an PayPal weitergegeben, einschlie\u00dflich der Informationen, die zur Bearbeitung oder Unterst\u00fctzung der Zahlung erforderlich sind, wie der Kaufbetrag und Rechnungsinformationen.<\/p>\n\n\n\n<p>Please see the&nbsp;<a href=\"https:\/\/www.paypal.com\/us\/webapps\/mpp\/ua\/privacy-full\">Datenschutzrichtlinie von PayPal<\/a>&nbsp;for more details.<\/p>\n\n\n\n<p>Wir sammeln Informationen \u00fcber Sie w\u00e4hrend des Checkout-Prozesses in unserem Gesch\u00e4ft.<\/p>\n\n\n\n<h2 class=\"wp-block-heading\"><\/h2>","protected":false},"excerpt":{"rendered":"<p>Who we are Our website address is: https:\/\/eternalumina.com. Comments When visitors leave comments on the site we collect the data shown in the comments form, and also the visitor\u2019s IP address and browser user agent string to help spam detection. An anonymised string created from your email address (also called a hash) may be provided&#8230;<\/p>","protected":false},"author":1,"featured_media":0,"parent":0,"menu_order":0,"comment_status":"closed","ping_status":"closed","template":"","meta":{"_seopress_robots_primary_cat":"","_seopress_titles_title":"Privacy Policy","_seopress_titles_desc":"We value your privacy. Read our comprehensive privacy policy to understand how we collect, use, and protect your personal information.","_seopress_robots_index":"","_kadence_starter_templates_imported_post":false,"_kad_post_transparent":"","_kad_post_title":"","_kad_post_layout":"","_kad_post_sidebar_id":"","_kad_post_content_style":"","_kad_post_vertical_padding":"","_kad_post_feature":"","_kad_post_feature_position":"","_kad_post_header":false,"_kad_post_footer":false,"_kad_post_classname":"","footnotes":""},"class_list":["post-350","page","type-page","status-publish","hentry"],"_links":{"self":[{"href":"https:\/\/eternalumina.com\/de\/wp-json\/wp\/v2\/pages\/350","targetHints":{"allow":["GET"]}}],"collection":[{"href":"https:\/\/eternalumina.com\/de\/wp-json\/wp\/v2\/pages"}],"about":[{"href":"https:\/\/eternalumina.com\/de\/wp-json\/wp\/v2\/types\/page"}],"author":[{"embeddable":true,"href":"https:\/\/eternalumina.com\/de\/wp-json\/wp\/v2\/users\/1"}],"replies":[{"embeddable":true,"href":"https:\/\/eternalumina.com\/de\/wp-json\/wp\/v2\/comments?post=350"}],"version-history":[{"count":8,"href":"https:\/\/eternalumina.com\/de\/wp-json\/wp\/v2\/pages\/350\/revisions"}],"predecessor-version":[{"id":1958,"href":"https:\/\/eternalumina.com\/de\/wp-json\/wp\/v2\/pages\/350\/revisions\/1958"}],"wp:attachment":[{"href":"https:\/\/eternalumina.com\/de\/wp-json\/wp\/v2\/media?parent=350"}],"curies":[{"name":"wp","href":"https:\/\/api.w.org\/{rel}","templated":true}]}}