{"id":760,"date":"2024-11-06T01:41:04","date_gmt":"2024-11-06T00:41:04","guid":{"rendered":"https:\/\/eternalumina.com\/?page_id=760"},"modified":"2025-04-14T14:06:36","modified_gmt":"2025-04-14T12:06:36","slug":"charity","status":"publish","type":"page","link":"https:\/\/eternalumina.com\/de\/charity\/","title":{"rendered":"Wohlt\u00e4tigkeit"},"content":{"rendered":"<h2 class=\"wp-block-heading\">Das Projekt Eterna Lumina hat einen eigenen Engel <\/h2>\n\n\n\n<p><\/p>\n\n\n\n<pre class=\"wp-block-verse\">Alles, was wir hier tun, ist unserem geliebten Max gewidmet, den wir verloren haben. Jede Idee, die entstanden ist und begonnen hat, in der Realit\u00e4t Gestalt anzunehmen, wurzelt in dem tiefen Schmerz \u00fcber diesen Verlust, den wir hier auf der Erde nie zur\u00fcckgewinnen k\u00f6nnen.<br><br>Obwohl Eterna Lumina ein kommerzielles Projekt ist, haben wir beschlossen, mindestens 10\u202f% des Gewinns aus dem Kerzenverkauf direkt f\u00fcr die Unterst\u00fctzung junger Menschen mit psychischen Problemen, insbesondere Depressionen und bipolarer St\u00f6rung, bereitzustellen (in Form von Zusch\u00fcssen zu Psychotherapie- und\/oder psychiatrischen Behandlungskosten). Leider wissen wir aus eigener Erfahrung, dass das \u00f6ffentliche Gesundheitssystem in diesem Bereich in Polen \u2014 gelinde gesagt \u2014 nicht so funktioniert, wie es sollte!<br><br>Das Projekt befindet sich noch in der Anfangsphase, so dass wir noch nicht viele Mittel zur Verf\u00fcgung stellen k\u00f6nnen. Wir werden diesen Abschnitt jedoch nach und nach aktualisieren, um Sie auf dem Laufenden zu halten, wie und wo wir diese Mittel einsetzen, um den Bed\u00fcrftigen zu helfen.<br><br>Ja, wir haben diese Informationen absichtlich unter einer Schaltfl\u00e4che versteckt, in der Annahme, dass nur wenige bis zu diesem Punkt gelangen und sie lesen wollen. Aber wenn Sie es getan haben, bedeutet das wahrscheinlich, dass das Projekt bei Ihnen auf einer tieferen Ebene Anklang gefunden hat.<br><br>Wir hoffen, dass Sie uns die Daumen dr\u00fccken.<br><br>Ich w\u00fcnsche Ihnen alles Gute,  <br><br>Piotr und Marzena<\/pre>\n\n\n\n<p><\/p>","protected":false},"excerpt":{"rendered":"<p>The Eterna Lumina project has got it`s own Angel Everything we do here is dedicated to our beloved Max, whom we lost. Every idea that has emerged and started to take shape in reality is rooted in the deep pain of that loss we can never reclaim here on Earth.Although Eterna Lumina is a commercial&#8230;<\/p>","protected":false},"author":1,"featured_media":0,"parent":0,"menu_order":0,"comment_status":"closed","ping_status":"closed","template":"","meta":{"_seopress_robots_primary_cat":"","_seopress_titles_title":"Charity - Eterna Lumina","_seopress_titles_desc":"Join Eterna Lumina in creating a lasting legacy for loved ones through heartfelt charitable initiatives. Together, we can transform loss into hope.","_seopress_robots_index":"","_kadence_starter_templates_imported_post":false,"_kad_post_transparent":"","_kad_post_title":"","_kad_post_layout":"","_kad_post_sidebar_id":"","_kad_post_content_style":"","_kad_post_vertical_padding":"","_kad_post_feature":"","_kad_post_feature_position":"","_kad_post_header":false,"_kad_post_footer":false,"_kad_post_classname":"","footnotes":""},"class_list":["post-760","page","type-page","status-publish","hentry"],"_links":{"self":[{"href":"https:\/\/eternalumina.com\/de\/wp-json\/wp\/v2\/pages\/760","targetHints":{"allow":["GET"]}}],"collection":[{"href":"https:\/\/eternalumina.com\/de\/wp-json\/wp\/v2\/pages"}],"about":[{"href":"https:\/\/eternalumina.com\/de\/wp-json\/wp\/v2\/types\/page"}],"author":[{"embeddable":true,"href":"https:\/\/eternalumina.com\/de\/wp-json\/wp\/v2\/users\/1"}],"replies":[{"embeddable":true,"href":"https:\/\/eternalumina.com\/de\/wp-json\/wp\/v2\/comments?post=760"}],"version-history":[{"count":36,"href":"https:\/\/eternalumina.com\/de\/wp-json\/wp\/v2\/pages\/760\/revisions"}],"predecessor-version":[{"id":1955,"href":"https:\/\/eternalumina.com\/de\/wp-json\/wp\/v2\/pages\/760\/revisions\/1955"}],"wp:attachment":[{"href":"https:\/\/eternalumina.com\/de\/wp-json\/wp\/v2\/media?parent=760"}],"curies":[{"name":"wp","href":"https:\/\/api.w.org\/{rel}","templated":true}]}}