{"id":1901,"date":"2025-02-19T09:35:07","date_gmt":"2025-02-19T08:35:07","guid":{"rendered":"https:\/\/eternalumina.com\/?post_type=product&#038;p=1901"},"modified":"2026-03-27T20:15:10","modified_gmt":"2026-03-27T19:15:10","slug":"kerosene-lamp-oil-for-refillable-memorial-candles-eterna-lumina","status":"publish","type":"product","link":"https:\/\/eternalumina.com\/de\/store\/kerosene-lamp-oil-for-refillable-memorial-candles-eterna-lumina\/","title":{"rendered":"Lampenpetroleum 1L f\u00fcr ETERNA LUMINA Gedenkkerzen"},"content":{"rendered":"<p style=\"text-align: center;\"><strong>Petroleum-Lampen\u00f6l, fl\u00fcssig, f\u00fcr Lampen, Kerzen und Fackeln, farblos 1L, TF-CHEM<\/strong><\/p>\n<p>Eine Nachf\u00fcllung von ~250 ml reicht f\u00fcr etwa 72 Stunden konstanten Flammen unserer nachf\u00fcllbaren \u00d6l-Gedenkkerze.<\/p>\n<p>Gefrierpunkt -30\u00b0C, gepr\u00fcft.<\/p>\n<p>ACHTUNG:<\/p>\n<ul>\n<li>NUR F\u00dcR DEN AUSSENBEREICH<\/li>\n<li>NICHT SCHLUCKEN, NICHT EINATMEN<\/li>\n<li>VON KINDERN FERN HALTEN<\/li>\n<li>PRODUKTDATENBLATT AUF ANFRAGE ERH\u00c4LTLICH<\/li>\n<\/ul>","protected":false},"excerpt":{"rendered":"<p>Petroleum-Lampen\u00f6l, fl\u00fcssig, f\u00fcr Lampen, Kerzen und Fackeln, farblos 1L, TF-CHEM<\/p>","protected":false},"featured_media":1903,"comment_status":"open","ping_status":"closed","template":"","meta":{"_seopress_robots_primary_cat":"none","_seopress_titles_title":"Illuminate Your Moments with Eterna Lumina Paraffin Oil","_seopress_titles_desc":"Paraffin oil, liquid, for lamps, candles and torches, colorless 1L, LUX","_seopress_robots_index":"","_kadence_starter_templates_imported_post":false,"_kad_post_transparent":"default","_kad_post_title":"","_kad_post_layout":"default","_kad_post_sidebar_id":"","_kad_post_content_style":"default","_kad_post_vertical_padding":"default","_kad_post_feature":"","_kad_post_feature_position":"","_kad_post_header":false,"_kad_post_footer":false,"_kad_post_classname":""},"product_brand":[],"product_cat":[136],"product_tag":[74,68,84,37,69,33,32,73,88,94,91,76,87,89,83,79,77,92,70,23,86,36,71,80,81,85,75,82,90,111,93,72,34,78,22,35,30,109,21,110,24],"class_list":{"0":"post-1901","1":"product","2":"type-product","3":"status-publish","4":"has-post-thumbnail","6":"product_cat-consumables","7":"product_tag-candle","8":"product_tag-devotional-articles","9":"product_tag-devotionalien","10":"product_tag-dewocjonalia","11":"product_tag-ecology","12":"product_tag-ekologia","13":"product_tag-eterna-lumina","14":"product_tag-eternal-light","15":"product_tag-ewiges-licht","16":"product_tag-gedenk-olivenkerze","17":"product_tag-grabsteinkerzen","18":"product_tag-grave-candle","19":"product_tag-kein-plastik","20":"product_tag-kerze","21":"product_tag-lampa-naftowa","22":"product_tag-memorial-olive-candle","23":"product_tag-modern-design","24":"product_tag-modernes-design","25":"product_tag-natural-flame","26":"product_tag-naturalny-plomien","27":"product_tag-naturliche-flamme","28":"product_tag-nie-dla-plastiku","29":"product_tag-no-to-plastic","30":"product_tag-oil-candle","31":"product_tag-oil-lamp","32":"product_tag-okologie","33":"product_tag-olive-candle","34":"product_tag-olive-lamp","35":"product_tag-olivenkerze","36":"product_tag-parafina-do-swiec-koscielnych-lux","37":"product_tag-petroleumlampe","38":"product_tag-recycling","39":"product_tag-recykling","40":"product_tag-unique","41":"product_tag-wieczne-swiatlo","42":"product_tag-zero-waste","43":"product_tag-znicz","44":"product_tag-znicz-olejowy","45":"product_tag-znicz-oliwny","46":"product_tag-znicz-parafinowy","47":"product_tag-znicze-nagrobkowe","48":"pa_capacity-1000ml","49":"pa_color-colorless","51":"first","52":"instock","53":"taxable","54":"shipping-taxable","55":"product-type-simple","56":"entry","57":"content-bg","58":"loop-entry"},"_links":{"self":[{"href":"https:\/\/eternalumina.com\/de\/wp-json\/wp\/v2\/product\/1901","targetHints":{"allow":["GET"]}}],"collection":[{"href":"https:\/\/eternalumina.com\/de\/wp-json\/wp\/v2\/product"}],"about":[{"href":"https:\/\/eternalumina.com\/de\/wp-json\/wp\/v2\/types\/product"}],"replies":[{"embeddable":true,"href":"https:\/\/eternalumina.com\/de\/wp-json\/wp\/v2\/comments?post=1901"}],"wp:featuredmedia":[{"embeddable":true,"href":"https:\/\/eternalumina.com\/de\/wp-json\/wp\/v2\/media\/1903"}],"wp:attachment":[{"href":"https:\/\/eternalumina.com\/de\/wp-json\/wp\/v2\/media?parent=1901"}],"wp:term":[{"taxonomy":"product_brand","embeddable":true,"href":"https:\/\/eternalumina.com\/de\/wp-json\/wp\/v2\/product_brand?post=1901"},{"taxonomy":"product_cat","embeddable":true,"href":"https:\/\/eternalumina.com\/de\/wp-json\/wp\/v2\/product_cat?post=1901"},{"taxonomy":"product_tag","embeddable":true,"href":"https:\/\/eternalumina.com\/de\/wp-json\/wp\/v2\/product_tag?post=1901"}],"curies":[{"name":"wp","href":"https:\/\/api.w.org\/{rel}","templated":true}]}}