{"id":1911,"date":"2025-02-21T16:09:28","date_gmt":"2025-02-21T15:09:28","guid":{"rendered":"https:\/\/eternalumina.com\/?post_type=product&#038;p=1911"},"modified":"2026-02-28T20:17:12","modified_gmt":"2026-02-28T19:17:12","slug":"refillable-memorial-candle-eterna-lumina-matt-black-laser-engraving-broken-heart-dedication","status":"publish","type":"product","link":"https:\/\/eternalumina.com\/de\/store\/refillable-memorial-candle-eterna-lumina-matt-black-laser-engraving-broken-heart-dedication\/","title":{"rendered":"Nachf\u00fcllbare Gedenkkerze ETERNA LUMINA, mattes Schwarz, Lasergravur: gebrochenes Herz + Widmung"},"content":{"rendered":"<p style=\"text-align: center;\"><strong><span class=\"\">Nachf\u00fcllbare Gedenkkerze mit verstellbarem Baumwolldocht, geeignet f\u00fcr fl\u00fcssiges Paraffin.\nGefertigt aus eloxiertem Aluminium in matter schwarzer Ausf\u00fchrung, mit Lasergravur \u2014 Grafik und personalisierte Widmung (2\u20134 W\u00f6rter, z. B. \u201eGeliebte Mama\u201c).\nDurch die Personalisierung verl\u00e4ngert sich die Lieferzeit auf 4\u20135 Werktage.\nDer Text der Widmung ist w\u00e4hrend des Bestellvorgangs im Kommentarfeld anzugeben.<\/span><\/strong><\/p>\n<p style=\"text-align: center;\"><strong>Bitte beachten Sie, dass aufgrund der individuellen Personalisierung Produkte, die auf Sonderbestellung gefertigt werden, vom Umtausch und der R\u00fcckgabe ausgeschlossen sind.<\/strong><\/p>\n<p><strong>HINWEISE: <\/strong><\/p>\n<ul>\n<li>Das Produkt ist nicht mit \u00d6l gef\u00fcllt, Paraffin\u00f6l zum Bef\u00fcllen der Kerze muss separat erworben werden.<\/li>\n<li>Laterne ist nicht enthalten, aber es ist ein vorgeschlagenes Set zu unserer Olivenkerze, muss separat gekauft werden (auch wenn wir einige Fotos oder Videos mit diesen Produkten zusammen ver\u00f6ffentlichen k\u00f6nnen)<\/li>\n<li>Eine R\u00fcckgabe von dauerhaft personalisierten Produkten, die auf Bestellung gefertigt wurden, ist nicht m\u00f6glich.<\/li>\n<\/ul>\n<p><strong>SICHERHEITSHINWEISE:<\/strong><\/p>\n<ul>\n<li><span class=\"OYPEnA font-feature-liga-off font-feature-clig-off font-feature-calt-off text-decoration-none text-strikethrough-none\">Lassen Sie eine brennende Kerze nicht unbeaufsichtigt<\/span><\/li>\n<li><span class=\"OYPEnA font-feature-liga-off font-feature-clig-off font-feature-calt-off text-decoration-none text-strikethrough-none\">F\u00fcllen Sie den Brennstoff nur nach, wenn die Kerze nicht brennt und abgek\u00fchlt ist.<\/span><\/li>\n<li><span class=\"OYPEnA font-feature-liga-off font-feature-clig-off font-feature-calt-off text-decoration-none text-strikethrough-none\">Kerzen von brennbaren Gegenst\u00e4nden fernhalten<\/span><\/li>\n<li><span class=\"OYPEnA font-feature-liga-off font-feature-clig-off font-feature-calt-off text-decoration-none text-strikethrough-none\">stellen Sie die Kerze auf eine flache, stabile Unterlage<\/span><\/li>\n<li><span class=\"OYPEnA font-feature-liga-off font-feature-clig-off font-feature-calt-off text-decoration-none text-strikethrough-none\">wegen Verbrennungsgefahr von Kindern fernhalten<\/span><\/li>\n<li><span class=\"OYPEnA font-feature-liga-off font-feature-clig-off font-feature-calt-off text-decoration-none text-strikethrough-none\">nur auf Friedh\u00f6fen und im Freien zu verwenden<\/span><\/li>\n<li><span class=\"OYPEnA font-feature-liga-off font-feature-clig-off font-feature-calt-off text-decoration-none text-strikethrough-none\">Verwendung in einer geeigneten Laterne<\/span><\/li>\n<\/ul>\n<p style=\"text-align: center;\"><strong>Hergestellt in Polen <\/strong><strong>Eingetragenes Design der Europ\u00e4ischen Union<\/strong><\/p>\n<p style=\"text-align: center;\"><strong><a href=\"https:\/\/euipo.europa.eu\/eSearch\/#details\/designs\/015069214-0001\/eRegister\" target=\"_blank\" rel=\"noopener\">EUIPO Nr. 015069214-0001\/ Datum der Eintragung 09\/08\/2024\/<\/a><\/strong><\/p>\n<pre style=\"text-align: center;\"><strong><a title=\"Laden Sie\" href=\"https:\/\/eternalumina.com\/de\/store\/\">Zur\u00fcck zum Shop<\/a><\/strong><\/pre>","protected":false},"excerpt":{"rendered":"<p><strong>Nachf\u00fcllbare Gedenkkerze - personalisierte Version<\/strong><br \/>\nElegante und individuell gestaltbare Gedenkkerze aus eloxiertem Aluminium in mattschwarzer Ausf\u00fchrung. Entworfen mit einem verstellbaren Baumwolldocht und nachf\u00fcllbar mit fl\u00fcssigem Paraffin (\u00d6l nicht enthalten, separat zu kaufen <a href=\"https:\/\/eternalumina.com\/de\/kategoria-produktu\/consumables\/\">hier<\/a>). Ideal f\u00fcr Friedh\u00f6fe und den Au\u00dfenbereich. Paar mit einer Laterne f\u00fcr einen kompletten Satz (Laternen separat erh\u00e4ltlich <a href=\"https:\/\/eternalumina.com\/de\/kategoria-produktu\/lanterns\/\">hier<\/a>). Personalisierung mit einer lasergravierten Grafik und einer Widmung aus 2 W\u00f6rtern (z. B. \"Geliebte Mama\"). Hinweis: Die Personalisierung verl\u00e4ngert die Lieferzeit um 4-5 Arbeitstage.<\/p>\n<p><strong>Das ist wichtig:<\/strong> Personalisierte Artikel k\u00f6nnen nicht zur\u00fcckgegeben werden. Einzelheiten zur Widmung sollten in den Bestellkommentaren angegeben werden. Laterne separat f\u00fcr ein komplettes Set verkauft.<\/p>\n<p><strong>Sicherheitshinweise:<\/strong> Lassen Sie eine brennende Kerze niemals unbeaufsichtigt. Erst nach dem Abk\u00fchlen nachf\u00fcllen. Von brennbaren Gegenst\u00e4nden und Kindern fernhalten.<\/p>\n<p><strong>Hergestellt in Polen <\/strong><strong>Eingetragenes Design der Europ\u00e4ischen Union<\/strong><\/p>\n<p><strong><a title=\"EUIPO Nr. 015069214-0001\/ Datum der Eintragung 09\/08\/2024\/\" href=\"https:\/\/euipo.europa.eu\/eSearch\/#details\/designs\/015069214-0001\/eRegister\" target=\"_blank\" rel=\"noopener\">EUIPO Nr. 015069214-0001\/ Datum der Eintragung 09\/08\/2024\/\u00a0<\/a><\/strong><\/p>","protected":false},"featured_media":2265,"comment_status":"open","ping_status":"closed","template":"","meta":{"_seopress_robots_primary_cat":"none","_seopress_titles_title":"ETERNA LUMINA: Modern Reusable Memorial Candle Design","_seopress_titles_desc":"Unique, modern and modest, reusable olive oil memorial candle by ETERNA LUMINA, that change the way you can mourn your loves ones. Made of anodised aluminium with laser engraving, 100% recyclable and enviroment-friendly, prevents from producing contaminated plastic wastes at cementieries due to it`s reusable feature. You just refill with the paraffin liquid oil, adjust the height of the knob and the flame lasts for about 72 hours.","_seopress_robots_index":"","_kadence_starter_templates_imported_post":false,"_kad_post_transparent":"default","_kad_post_title":"","_kad_post_layout":"default","_kad_post_sidebar_id":"","_kad_post_content_style":"default","_kad_post_vertical_padding":"default","_kad_post_feature":"","_kad_post_feature_position":"","_kad_post_header":false,"_kad_post_footer":false,"_kad_post_classname":""},"product_brand":[156],"product_cat":[135],"product_tag":[74,68,84,37,69,33,32,73,88,94,91,76,87,89,83,134,79,112,123,77,92,70,23,86,36,71,80,81,85,75,82,90,93,72,34,125,126,127,124,31,22,35,30,133,130,109,21,110,24],"class_list":{"0":"post-1911","1":"product","2":"type-product","3":"status-publish","4":"has-post-thumbnail","6":"product_brand-eternalumina","7":"product_cat-oil-refillable-memorial-candles","8":"product_tag-candle","9":"product_tag-devotional-articles","10":"product_tag-devotionalien","11":"product_tag-dewocjonalia","12":"product_tag-ecology","13":"product_tag-ekologia","14":"product_tag-eterna-lumina","15":"product_tag-eternal-light","16":"product_tag-ewiges-licht","17":"product_tag-gedenk-olivenkerze","18":"product_tag-grabsteinkerzen","19":"product_tag-grave-candle","20":"product_tag-kein-plastik","21":"product_tag-kerze","22":"product_tag-lampa-naftowa","23":"product_tag-memorial-candle","24":"product_tag-memorial-olive-candle","25":"product_tag-memorial-olive-oil-candle","26":"product_tag-memory-candle","27":"product_tag-modern-design","28":"product_tag-modernes-design","29":"product_tag-natural-flame","30":"product_tag-naturalny-plomien","31":"product_tag-naturliche-flamme","32":"product_tag-nie-dla-plastiku","33":"product_tag-no-to-plastic","34":"product_tag-oil-candle","35":"product_tag-oil-lamp","36":"product_tag-okologie","37":"product_tag-olive-candle","38":"product_tag-olive-lamp","39":"product_tag-olivenkerze","40":"product_tag-petroleumlampe","41":"product_tag-recycling","42":"product_tag-recykling","43":"product_tag-remembrance-candles","44":"product_tag-remembrance-candles-for-funerals","45":"product_tag-remembrance-candles-for-loved-ones","46":"product_tag-reusable-memory-candle","47":"product_tag-swieto-zmarlych","48":"product_tag-wieczne-swiatlo","49":"product_tag-zero-waste","50":"product_tag-znicz","51":"product_tag-znicz-ekologiczny","52":"product_tag-znicz-nagrobny","53":"product_tag-znicz-olejowy","54":"product_tag-znicz-oliwny","55":"product_tag-znicz-parafinowy","56":"product_tag-znicze-nagrobkowe","57":"pa_burning-time-72h","58":"pa_capacity-250ml","59":"pa_color-laser-engraving-heart-cross","60":"pa_color-laser-engraving-personalised-dedication","61":"pa_color-matt-black","62":"pa_cotton-wick-additional-included-diameter-3mm-length-30cm","63":"pa_dimensions-diameter-60mm","64":"pa_dimensions-height-120mm","66":"first","67":"instock","68":"sale","69":"taxable","70":"shipping-taxable","71":"purchasable","72":"product-type-simple","73":"entry","74":"content-bg","75":"loop-entry"},"_links":{"self":[{"href":"https:\/\/eternalumina.com\/de\/wp-json\/wp\/v2\/product\/1911","targetHints":{"allow":["GET"]}}],"collection":[{"href":"https:\/\/eternalumina.com\/de\/wp-json\/wp\/v2\/product"}],"about":[{"href":"https:\/\/eternalumina.com\/de\/wp-json\/wp\/v2\/types\/product"}],"replies":[{"embeddable":true,"href":"https:\/\/eternalumina.com\/de\/wp-json\/wp\/v2\/comments?post=1911"}],"wp:featuredmedia":[{"embeddable":true,"href":"https:\/\/eternalumina.com\/de\/wp-json\/wp\/v2\/media\/2265"}],"wp:attachment":[{"href":"https:\/\/eternalumina.com\/de\/wp-json\/wp\/v2\/media?parent=1911"}],"wp:term":[{"taxonomy":"product_brand","embeddable":true,"href":"https:\/\/eternalumina.com\/de\/wp-json\/wp\/v2\/product_brand?post=1911"},{"taxonomy":"product_cat","embeddable":true,"href":"https:\/\/eternalumina.com\/de\/wp-json\/wp\/v2\/product_cat?post=1911"},{"taxonomy":"product_tag","embeddable":true,"href":"https:\/\/eternalumina.com\/de\/wp-json\/wp\/v2\/product_tag?post=1911"}],"curies":[{"name":"wp","href":"https:\/\/api.w.org\/{rel}","templated":true}]}}