{"id":721,"date":"2024-11-01T00:59:49","date_gmt":"2024-10-31T23:59:49","guid":{"rendered":"https:\/\/eternalumina.com\/?post_type=product&#038;p=721"},"modified":"2026-02-28T20:21:03","modified_gmt":"2026-02-28T19:21:03","slug":"znicz-oliwny-refillable-memorial-candle-eterna-lumina-matt-silver-laser-engraving-heart-cross","status":"publish","type":"product","link":"https:\/\/eternalumina.com\/de\/store\/znicz-oliwny-refillable-memorial-candle-eterna-lumina-matt-silver-laser-engraving-heart-cross\/","title":{"rendered":"Nachf\u00fcllbare Gedenkkerze ETERNA LUMINA, matt silber, Lasergravur: Herz\/Kreuz"},"content":{"rendered":"<p style=\"text-align: center;\"><strong>Nachf\u00fcllbare Gedenkkerze mit verstellbarem Baumwolldocht, nachf\u00fcllbar mit fl\u00fcssigem Paraffin, aus eloxiertem Aluminium \u2013 mattsilber, Lasergravur \u2013 Grafik, ohne Widmung.<\/strong><\/p>\n<p><strong>HINWEIS:<\/strong><\/p>\n<ul>\n<li>Das Produkt ist nicht mit \u00d6l gef\u00fcllt, Paraffin\u00f6l zum Bef\u00fcllen der Kerze muss separat erworben werden.<\/li>\n<li>Laterne ist nicht enthalten, aber es ist ein vorgeschlagenes Set zu unserer Olivenkerze, muss separat gekauft werden (auch wenn wir einige Fotos oder Videos mit diesen Produkten zusammen ver\u00f6ffentlichen k\u00f6nnen)<\/li>\n<\/ul>\n<p><strong>SICHERHEITSHINWEISE:<\/strong><\/p>\n<ul>\n<li><span class=\"OYPEnA font-feature-liga-off font-feature-clig-off font-feature-calt-off text-decoration-none text-strikethrough-none\">Lassen Sie eine brennende Kerze nicht unbeaufsichtigt<\/span><\/li>\n<li><span class=\"OYPEnA font-feature-liga-off font-feature-clig-off font-feature-calt-off text-decoration-none text-strikethrough-none\">F\u00fcllen Sie den Brennstoff nur nach, wenn die Kerze nicht brennt und abgek\u00fchlt ist.<\/span><\/li>\n<li><span class=\"OYPEnA font-feature-liga-off font-feature-clig-off font-feature-calt-off text-decoration-none text-strikethrough-none\">Kerzen von brennbaren Gegenst\u00e4nden fernhalten<\/span><\/li>\n<li><span class=\"OYPEnA font-feature-liga-off font-feature-clig-off font-feature-calt-off text-decoration-none text-strikethrough-none\">stellen Sie die Kerze auf eine flache, stabile Unterlage<\/span><\/li>\n<li><span class=\"OYPEnA font-feature-liga-off font-feature-clig-off font-feature-calt-off text-decoration-none text-strikethrough-none\"><span class=\"VIpgJd-yAWNEb-VIpgJd-fmcmS-sn54Q\">wegen Verbrennungsgefahr von Kindern fernhalten<\/span><\/span><\/li>\n<li><span class=\"OYPEnA font-feature-liga-off font-feature-clig-off font-feature-calt-off text-decoration-none text-strikethrough-none\">nur auf Friedh\u00f6fen und im Freien zu verwenden<\/span><\/li>\n<li><span class=\"OYPEnA font-feature-liga-off font-feature-clig-off font-feature-calt-off text-decoration-none text-strikethrough-none\">Verwendung in einer geeigneten Laterne<\/span><\/li>\n<\/ul>\n<p><strong>Hergestellt in Polen\u00a0<\/strong><strong>Eingetragenes Design der Europ\u00e4ischen Union<\/strong><\/p>\n<p><strong><a title=\"EUIPO Nr. 015069214-0001\/ Datum der Eintragung 09\/08\/2024\/\" href=\"https:\/\/euipo.europa.eu\/eSearch\/#details\/designs\/015069214-0001\/eRegister\" target=\"_blank\" rel=\"noopener\">EUIPO Nr. 015069214-0001\/ Datum der Eintragung 09\/08\/2024\/\u00a0<\/a><\/strong><\/p>\n<pre style=\"text-align: center;\"><a title=\"Laden Sie\" href=\"https:\/\/eternalumina.com\/de\/store\/\">Zur\u00fcck zum Shop<\/a><\/pre>","protected":false},"excerpt":{"rendered":"<p><strong>Nachf\u00fcllbare Gedenkkerze - Version mit eingravierten Grafiken<\/strong><br \/>\nStilvolle Gedenkkerze aus eloxiertem Aluminium in mattsilberner Ausf\u00fchrung. Entworfen mit einem verstellbaren Baumwolldocht und nachf\u00fcllbar mit fl\u00fcssigem Paraffin (\u00d6l nicht enthalten, separat zu kaufen <a href=\"https:\/\/eternalumina.com\/de\/kategoria-produktu\/consumables\/\">hier<\/a>). Ideal f\u00fcr Friedh\u00f6fe und den Au\u00dfenbereich. Paar mit einer Laterne f\u00fcr einen kompletten Satz (Laternen separat erh\u00e4ltlich <a href=\"https:\/\/eternalumina.com\/de\/kategoria-produktu\/lanterns\/\">hier<\/a>).<\/p>\n<p><strong>Das ist wichtig:<\/strong> Dauerhaft personalisierte Artikel k\u00f6nnen nicht zur\u00fcckgegeben werden.<\/p>\n<p><strong>Sicherheitshinweise:<\/strong> Lassen Sie eine brennende Kerze niemals unbeaufsichtigt. Erst nach dem Abk\u00fchlen nachf\u00fcllen. Von brennbaren Gegenst\u00e4nden und Kindern fernhalten.<\/p>\n<p><strong>Hergestellt in Polen\u00a0<\/strong><strong>Eingetragenes Design der Europ\u00e4ischen Union<\/strong><\/p>\n<p><strong><a href=\"https:\/\/euipo.europa.eu\/eSearch\/#details\/designs\/015069214-0001\/eRegister\" target=\"_blank\" rel=\"noopener\">EUIPO Nr. 015069214-0001\/ Datum der Eintragung 09\/08\/2024\/<\/a><\/strong><\/p>","protected":false},"featured_media":2456,"comment_status":"open","ping_status":"closed","template":"","meta":{"_seopress_robots_primary_cat":"none","_seopress_titles_title":"Eco-Friendly Modern Memorial Candle ETERNA LUMINA","_seopress_titles_desc":"Unique, modern and modest, reusable olive oil memorial candle by ETERNA LUMINA, that change the way you can mourn your loves ones. Made of anodised aluminium with laser engraving, 100% recyclable and enviroment-friendly, prevents from producing contaminated plastic wastes at cementieries due to it`s reusable feature. You just refill with the paraffin liquid oil, adjust the height of the knob and the flame lasts for about 72 hours.","_seopress_robots_index":"","_kadence_starter_templates_imported_post":false,"_kad_post_transparent":"default","_kad_post_title":"","_kad_post_layout":"default","_kad_post_sidebar_id":"","_kad_post_content_style":"default","_kad_post_vertical_padding":"default","_kad_post_feature":"","_kad_post_feature_position":"","_kad_post_header":false,"_kad_post_footer":false,"_kad_post_classname":""},"product_brand":[156],"product_cat":[135],"product_tag":[74,68,84,37,69,33,32,73,88,94,91,76,87,89,83,79,112,123,77,92,70,23,86,36,71,80,81,85,75,82,90,93,72,34,125,126,127,124,31,22,35,30,130,109,21,110,132,24],"class_list":{"0":"post-721","1":"product","2":"type-product","3":"status-publish","4":"has-post-thumbnail","6":"product_brand-eternalumina","7":"product_cat-oil-refillable-memorial-candles","8":"product_tag-candle","9":"product_tag-devotional-articles","10":"product_tag-devotionalien","11":"product_tag-dewocjonalia","12":"product_tag-ecology","13":"product_tag-ekologia","14":"product_tag-eterna-lumina","15":"product_tag-eternal-light","16":"product_tag-ewiges-licht","17":"product_tag-gedenk-olivenkerze","18":"product_tag-grabsteinkerzen","19":"product_tag-grave-candle","20":"product_tag-kein-plastik","21":"product_tag-kerze","22":"product_tag-lampa-naftowa","23":"product_tag-memorial-olive-candle","24":"product_tag-memorial-olive-oil-candle","25":"product_tag-memory-candle","26":"product_tag-modern-design","27":"product_tag-modernes-design","28":"product_tag-natural-flame","29":"product_tag-naturalny-plomien","30":"product_tag-naturliche-flamme","31":"product_tag-nie-dla-plastiku","32":"product_tag-no-to-plastic","33":"product_tag-oil-candle","34":"product_tag-oil-lamp","35":"product_tag-okologie","36":"product_tag-olive-candle","37":"product_tag-olive-lamp","38":"product_tag-olivenkerze","39":"product_tag-petroleumlampe","40":"product_tag-recycling","41":"product_tag-recykling","42":"product_tag-remembrance-candles","43":"product_tag-remembrance-candles-for-funerals","44":"product_tag-remembrance-candles-for-loved-ones","45":"product_tag-reusable-memory-candle","46":"product_tag-swieto-zmarlych","47":"product_tag-wieczne-swiatlo","48":"product_tag-zero-waste","49":"product_tag-znicz","50":"product_tag-znicz-nagrobny","51":"product_tag-znicz-olejowy","52":"product_tag-znicz-oliwny","53":"product_tag-znicz-parafinowy","54":"product_tag-znicze-ekologiczne","55":"product_tag-znicze-nagrobkowe","56":"pa_burning-time-72h","57":"pa_capacity-250ml","58":"pa_color-laser-engraving-heart-cross","59":"pa_color-matt-silver","60":"pa_condition-new","61":"pa_cotton-wick-additional-included-diameter-3mm-length-30cm","62":"pa_dimensions-diameter-60mm","63":"pa_dimensions-height-120mm","65":"first","66":"instock","67":"sale","68":"taxable","69":"shipping-taxable","70":"purchasable","71":"product-type-simple","72":"entry","73":"content-bg","74":"loop-entry"},"_links":{"self":[{"href":"https:\/\/eternalumina.com\/de\/wp-json\/wp\/v2\/product\/721","targetHints":{"allow":["GET"]}}],"collection":[{"href":"https:\/\/eternalumina.com\/de\/wp-json\/wp\/v2\/product"}],"about":[{"href":"https:\/\/eternalumina.com\/de\/wp-json\/wp\/v2\/types\/product"}],"replies":[{"embeddable":true,"href":"https:\/\/eternalumina.com\/de\/wp-json\/wp\/v2\/comments?post=721"}],"wp:featuredmedia":[{"embeddable":true,"href":"https:\/\/eternalumina.com\/de\/wp-json\/wp\/v2\/media\/2456"}],"wp:attachment":[{"href":"https:\/\/eternalumina.com\/de\/wp-json\/wp\/v2\/media?parent=721"}],"wp:term":[{"taxonomy":"product_brand","embeddable":true,"href":"https:\/\/eternalumina.com\/de\/wp-json\/wp\/v2\/product_brand?post=721"},{"taxonomy":"product_cat","embeddable":true,"href":"https:\/\/eternalumina.com\/de\/wp-json\/wp\/v2\/product_cat?post=721"},{"taxonomy":"product_tag","embeddable":true,"href":"https:\/\/eternalumina.com\/de\/wp-json\/wp\/v2\/product_tag?post=721"}],"curies":[{"name":"wp","href":"https:\/\/api.w.org\/{rel}","templated":true}]}}