{"id":318,"date":"2024-10-19T00:49:21","date_gmt":"2024-10-18T22:49:21","guid":{"rendered":"https:\/\/eternalumina.com\/?page_id=318"},"modified":"2025-04-14T14:25:25","modified_gmt":"2025-04-14T12:25:25","slug":"gdpr-information-obligation","status":"publish","type":"page","link":"https:\/\/eternalumina.com\/es\/gdpr-information-obligation\/","title":{"rendered":"Obligaci\u00f3n de informaci\u00f3n seg\u00fan el RGPD"},"content":{"rendered":"<h1 class=\"wp-block-heading\">Obligaci\u00f3n de informaci\u00f3n seg\u00fan el RGPD<\/h1>\n\n\n\n<p>La informaci\u00f3n a continuaci\u00f3n es un resumen conciso, comprensible y transparente de la informaci\u00f3n contenida en&nbsp;<a href=\"https:\/\/eternalumina.com\/es\/privacy-policy\/\">la Pol\u00edtica de privacidad<\/a>&nbsp;Con respecto al Responsable del tratamiento de los datos personales, el prop\u00f3sito y el m\u00e9todo de procesamiento de los datos personales, as\u00ed como sus derechos en relaci\u00f3n con este procesamiento, en la forma requerida para cumplir con la obligaci\u00f3n de informaci\u00f3n seg\u00fan el RGPD. Los detalles sobre el m\u00e9todo de procesamiento y las entidades involucradas en este proceso est\u00e1n disponibles en la pol\u00edtica indicada.<\/p>\n\n\n\n<h2 class=\"wp-block-heading\">\u00bfQui\u00e9n es el responsable del tratamiento de los datos personales?<\/h2>\n\n\n\n<p><strong>Responsable del tratamiento de datos personales<\/strong><\/p>\n\n\n\n<p>Los responsables del tratamiento de sus datos personales son los socios que gestionan la actividad empresarial en forma de sociedad civil bajo el nombre:<\/p>\n\n\n\n<p><strong>TOOLING SYSTEMS S.C. M.P. STASZAK<\/strong><br>ul. T. Ko\u015bciuszki 78A\/15, 62-030 Lubo\u0144<br>NIP: 7831701766, REGON: 302485475<\/p>\n\n\n\n<p>Los socios de la empresa, que act\u00faan como co-responsables del tratamiento de datos personales, son:<\/p>\n\n\n\n<p><strong>Piotr Staszak<\/strong>que gestionan la actividad empresarial bajo el nombre <em>TOOLING SYSTEMS Piotr Staszak<\/em><br>NIP: 7772109628, REGON: 302456462<\/p>\n\n\n\n<p><strong>Marzena Staszak<\/strong>que gestionan la actividad empresarial bajo el nombre <em>TOOLING SYSTEMS PRECYZYJNE NARZ\u0118DZIA SKRAWAJ\u0104CE Marzena Staszak<\/em><br>NIP: 5571509610, REGON: 302275915<\/p>\n\n\n\n<p>En asuntos relacionados con el tratamiento de datos personales, puede ponerse en contacto con nosotros:<\/p>\n\n\n\n<p>por correo postal: <strong>TOOLING SYSTEMS S.C., ul. T. Ko\u015bciuszki 78A\/15, 62-030 Lubo\u0144<\/strong><\/p>\n\n\n\n<p>por correo electr\u00f3nico: <strong><a class=\"\">biuro@toolingsystems.pl<\/a><\/strong> or <strong><a class=\"\">store@eternalumina.com<\/a><\/strong><\/p>\n\n\n\n<p>El Responsable del tratamiento ha designado un Delegado de Protecci\u00f3n de Datos, Piotr Staszak.<br><br>El Delegado de Protecci\u00f3n de Datos se puede contactar a trav\u00e9s de:<\/p>\n\n\n\n<ul class=\"wp-block-list\">\n<li>by e-mail to the following address:&nbsp;pstaszak@toolingsystems.pl,<\/li>\n\n\n\n<li>por tel\u00e9fono:<\/li>\n\n\n\n<li>o por escrito a la siguiente direcci\u00f3n:<br><\/li>\n<\/ul>\n\n\n\n<p>Puede ponerse en contacto con el Delegado de Protecci\u00f3n de Datos en todas las cuestiones relacionadas con el tratamiento de datos personales.<\/p>\n\n\n\n<h2 class=\"wp-block-heading\">\u00bfDe d\u00f3nde obtenemos los datos personales y cu\u00e1les son sus fuentes?<\/h2>\n\n\n\n<p>Los datos se obtienen de las siguientes fuentes:<\/p>\n\n\n\n<ul class=\"wp-block-list\">\n<li>de los interesados<\/li>\n<\/ul>\n\n\n\n<h2 class=\"wp-block-heading\">\u00bfCu\u00e1l es el alcance de los datos personales que procesamos?<\/h2>\n\n\n\n<p>El servicio procesa&nbsp;<strong>datos personales ordinarios<\/strong>&nbsp;proporcionados voluntariamente por las personas afectadas<br><small>(p. ej. nombre y apellido, inicio de sesi\u00f3n, direcci\u00f3n de correo electr\u00f3nico, n\u00famero de tel\u00e9fono, direcci\u00f3n IP, etc.)<\/small><\/p>\n\n\n\n<p>El alcance detallado de los datos procesados est\u00e1 disponible en&nbsp;<a href=\"https:\/\/eternalumina.com\/es\/privacy-policy\/\">la Pol\u00edtica de privacidad<\/a>&nbsp;.<\/p>\n\n\n\n<h2 class=\"wp-block-heading\">\u00bfCu\u00e1les son los fines de nuestro procesamiento de datos?<\/h2>\n\n\n\n<p>Los datos personales proporcionados voluntariamente por los usuarios se procesan para uno de los siguientes fines:<\/p>\n\n\n\n<ul class=\"wp-block-list\">\n<li>Implementaci\u00f3n de servicios electr\u00f3nicos:\n<ul class=\"wp-block-list\">\n<li>Servicios para registrar y mantener la cuenta del Usuario en el Sitio Web y las funcionalidades relacionadas con ella<\/li>\n\n\n\n<li>Servicios de bolet\u00edn informativo (incluido el env\u00edo de contenido publicitario con consentimiento)<\/li>\n\n\n\n<li>Servicios para comentar\/dar me gusta a las entradas en el Servicio sin necesidad de registrarse<\/li>\n<\/ul>\n<\/li>\n\n\n\n<li>Comunicaci\u00f3n entre el Administrador y los Usuarios en asuntos relacionados con el Servicio y la protecci\u00f3n de datos<\/li>\n\n\n\n<li>Garantizar el inter\u00e9s leg\u00edtimo del Administrador<\/li>\n<\/ul>\n\n\n\n<h2 class=\"wp-block-heading\">\u00bfCu\u00e1les son las bases legales para el procesamiento de datos?<\/h2>\n\n\n\n<p>El Sitio Web recoge y procesa los datos del Usuario bas\u00e1ndose en:<\/p>\n\n\n\n<ul class=\"wp-block-list\">\n<li>Reglamento (UE) 2016\/679 del Parlamento Europeo y del Consejo de 27 de abril de 2016 relativo a la protecci\u00f3n de las personas f\u00edsicas en lo que respecta al tratamiento de datos personales y a la libre circulaci\u00f3n de esos datos, y por el que se deroga la Directiva 95\/46\/CE (Reglamento General de Protecci\u00f3n de Datos)\n<ul class=\"wp-block-list\">\n<li>Art\u00edculo 6 p\u00e1rrafo 1 letra a<br><small>la persona interesada ha dado su consentimiento para el tratamiento de sus datos personales para uno o m\u00e1s fines espec\u00edficos<\/small><\/li>\n\n\n\n<li>Art\u00edculo 6 p\u00e1rrafo 1 letra b<br><small>el tratamiento es necesario para la ejecuci\u00f3n de un contrato en el que la persona interesada sea parte o para tomar medidas a solicitud de la persona interesada antes de la celebraci\u00f3n de un contrato<\/small><\/li>\n\n\n\n<li>Art\u00edculo 6 p\u00e1rrafo 1 letra f<br><small>el tratamiento es necesario para los fines de los intereses leg\u00edtimos perseguidos por el responsable o por un tercero<\/small><\/li>\n<\/ul>\n<\/li>\n\n\n\n<li>Ley del 10 de mayo de 2018 sobre la protecci\u00f3n de datos personales (Diario Oficial de 2018, art\u00edculo 1000)<\/li>\n\n\n\n<li>Ley del 16 de julio de 2004 \u2013 Ley de Telecomunicaciones (Diario Oficial de 2004, n\u00famero 171, art\u00edculo 1800)<\/li>\n\n\n\n<li>Ley del 4 de febrero de 1994 sobre los derechos de autor y los derechos conexos (Diario Oficial de 1994, n\u00famero 24, art\u00edculo 83)<\/li>\n<\/ul>\n\n\n\n<h2 class=\"wp-block-heading\">\u00bfCu\u00e1l es el inter\u00e9s leg\u00edtimo perseguido por el Responsable?<\/h2>\n\n\n\n<ul class=\"wp-block-list\">\n<li>Con el fin de determinar, perseguir o defenderse de reclamaciones, la base legal para el tratamiento es nuestro inter\u00e9s leg\u00edtimo (Art\u00edculo 6 (1) (f) del RGPD) en la protecci\u00f3n de nuestros derechos, incluyendo, entre otros;<\/li>\n\n\n\n<li>Para evaluar el riesgo de los clientes potenciales<\/li>\n\n\n\n<li>Para evaluar las campa\u00f1as de marketing planificadas<\/li>\n\n\n\n<li>Con el prop\u00f3sito de marketing directo<\/li>\n<\/ul>\n\n\n\n<h2 class=\"wp-block-heading\">\u00bfDurante cu\u00e1nto tiempo procesamos los datos personales?<\/h2>\n\n\n\n<p>Como regla general, los datos personales indicados se almacenan solo durante el per\u00edodo de prestaci\u00f3n de servicios dentro del servicio operado por el Responsable. Se eliminan o anonimizan dentro de&nbsp;<strong>2 a\u00f1os desde el final de la prestaci\u00f3n de servicios<\/strong> (venta) mientras est\u00e9 vigente la garant\u00eda de los bienes adquiridos.<\/p>\n\n\n\n<p>En casos excepcionales, para proteger el inter\u00e9s leg\u00edtimo perseguido por el Responsable, este per\u00edodo puede ser extendido. En tal situaci\u00f3n, el Responsable almacenar\u00e1 los datos indicados, desde el momento de la solicitud del Usuario para eliminarlos, durante no m\u00e1s de 3 a\u00f1os en caso de una violaci\u00f3n o sospecha de violaci\u00f3n de las disposiciones del reglamento del servicio por parte de la persona cuyos datos est\u00e1n siendo procesados.<\/p>\n\n\n\n<h2 class=\"wp-block-heading\">\u00bfQui\u00e9n es el destinatario de los datos, incluidos los datos personales?<\/h2>\n\n\n\n<p>Como regla general, el \u00fanico destinatario de los datos es el Responsable.<\/p>\n\n\n\n<p>Sin embargo, el procesamiento de datos puede ser confiado a otras entidades que prestan servicios al Responsable para mantener el funcionamiento del Sitio Web. Estas entidades incluyen, entre otras:<\/p>\n\n\n\n<ul class=\"wp-block-list\">\n<li>Empresas de alojamiento que prestan servicios de alojamiento o servicios relacionados al Responsable<\/li>\n\n\n\n<li>Empresas a trav\u00e9s de las cuales se proporciona el servicio de bolet\u00edn<\/li>\n<\/ul>\n\n\n\n<h2 class=\"wp-block-heading\">\u00bfSe transferir\u00e1n sus datos personales fuera de la Uni\u00f3n Europea?<\/h2>\n\n\n\n<p>Datos personales&nbsp;<strong>no ser\u00e1n transferidos fuera de la Uni\u00f3n Europea<\/strong>&nbsp;a menos que se publiquen como resultado de una acci\u00f3n individual del Usuario (por ejemplo, al dejar un comentario o una entrada), lo que har\u00e1 que los datos est\u00e9n disponibles para cualquier persona que visite el sitio web.<\/p>\n\n\n\n<h2 class=\"wp-block-heading\">\u00bfSer\u00e1n los datos personales la base para la toma de decisiones automatizadas?<\/h2>\n\n\n\n<p>Datos personales&nbsp;<strong>no ser\u00e1n utilizados<\/strong>&nbsp;para la toma de decisiones automatizadas (perfilado).<\/p>\n\n\n\n<h2 class=\"wp-block-heading\">\u00bfQu\u00e9 derechos tiene respecto al procesamiento de datos personales?<\/h2>\n\n\n\n<ul class=\"wp-block-list\">\n<li><strong>Derecho de acceso a los datos personales<\/strong><br>Los usuarios tienen derecho a acceder a sus datos personales, lo cual se ejerce mediante solicitud dirigida al Responsable<\/li>\n\n\n\n<li><strong>Derecho a rectificar los datos personales<\/strong><br>Los usuarios tienen el derecho de exigir al Responsable que rectifique inmediatamente los datos personales incorrectos y\/o complete los datos personales incompletos, realizado a solicitud presentada al Responsable<\/li>\n\n\n\n<li><strong>Derecho a suprimir los datos personales<\/strong><br>Los usuarios tienen derecho a solicitar al Responsable la eliminaci\u00f3n inmediata de los datos personales, ejecutado a solicitud presentada al Responsable<br><br>En el caso de las cuentas de usuario, la eliminaci\u00f3n de los datos consiste en anonimizar los datos que permiten la identificaci\u00f3n del Usuario<br><br>En el caso del servicio de bolet\u00edn, el Usuario tiene la opci\u00f3n de eliminar sus datos personales \u00e9l mismo utilizando el enlace incluido en cada correo electr\u00f3nico enviado<\/li>\n\n\n\n<li><strong>Derecho a limitar el tratamiento de los datos personales<\/strong><br>Los usuarios tienen derecho a limitar el tratamiento de los datos personales en los casos indicados en el art. 18 del RGPD, incluido el cuestionamiento de la exactitud de los datos personales, ejecutado a solicitud presentada al Responsable<\/li>\n\n\n\n<li><strong>Derecho a la portabilidad de los datos personales<\/strong><br>Los usuarios tienen derecho a obtener del Responsable los datos personales que les conciernen en un formato estructurado, de uso com\u00fan y lectura mec\u00e1nica, ejecutado a solicitud presentada al Responsable<\/li>\n\n\n\n<li><strong>Derecho a oponerse al tratamiento de los datos personales<\/strong><br>Los usuarios tienen derecho a oponerse al tratamiento de sus datos personales en los casos especificados en el art. 21 del RGPD, ejecutado a solicitud presentada al Responsable<\/li>\n\n\n\n<li><strong>Derecho a presentar una queja<\/strong><br>Los usuarios tienen derecho a presentar una queja ante la autoridad de supervisi\u00f3n responsable de la protecci\u00f3n de los datos personales<\/li>\n<\/ul>","protected":false},"excerpt":{"rendered":"<p>GDPR information obligation The information below is a concise, understandable and transparent summary of the information contained in&nbsp;the Privacy Policy&nbsp;regarding the Data Controller, the purpose and method of processing personal data and your rights in connection with this processing, in the form required to meet the information obligation of the GDPR. Details regarding the method&#8230;<\/p>","protected":false},"author":1,"featured_media":0,"parent":0,"menu_order":0,"comment_status":"closed","ping_status":"closed","template":"","meta":{"_seopress_robots_primary_cat":"","_seopress_titles_title":"GDPR Information Obligation","_seopress_titles_desc":"Learn about our GDPR information obligation and how we protect your privacy. Find out more about our data handling practices and your rights.","_seopress_robots_index":"","_kadence_starter_templates_imported_post":false,"_kad_post_transparent":"","_kad_post_title":"","_kad_post_layout":"","_kad_post_sidebar_id":"","_kad_post_content_style":"","_kad_post_vertical_padding":"","_kad_post_feature":"","_kad_post_feature_position":"","_kad_post_header":false,"_kad_post_footer":false,"_kad_post_classname":"","footnotes":""},"class_list":["post-318","page","type-page","status-publish","hentry"],"_links":{"self":[{"href":"https:\/\/eternalumina.com\/es\/wp-json\/wp\/v2\/pages\/318","targetHints":{"allow":["GET"]}}],"collection":[{"href":"https:\/\/eternalumina.com\/es\/wp-json\/wp\/v2\/pages"}],"about":[{"href":"https:\/\/eternalumina.com\/es\/wp-json\/wp\/v2\/types\/page"}],"author":[{"embeddable":true,"href":"https:\/\/eternalumina.com\/es\/wp-json\/wp\/v2\/users\/1"}],"replies":[{"embeddable":true,"href":"https:\/\/eternalumina.com\/es\/wp-json\/wp\/v2\/comments?post=318"}],"version-history":[{"count":8,"href":"https:\/\/eternalumina.com\/es\/wp-json\/wp\/v2\/pages\/318\/revisions"}],"predecessor-version":[{"id":1957,"href":"https:\/\/eternalumina.com\/es\/wp-json\/wp\/v2\/pages\/318\/revisions\/1957"}],"wp:attachment":[{"href":"https:\/\/eternalumina.com\/es\/wp-json\/wp\/v2\/media?parent=318"}],"curies":[{"name":"wp","href":"https:\/\/api.w.org\/{rel}","templated":true}]}}