{"id":350,"date":"2024-10-19T16:54:30","date_gmt":"2024-10-19T14:54:30","guid":{"rendered":"https:\/\/eternalumina.com\/?page_id=350"},"modified":"2025-04-14T16:57:08","modified_gmt":"2025-04-14T14:57:08","slug":"privacy-policy","status":"publish","type":"page","link":"https:\/\/eternalumina.com\/es\/privacy-policy\/","title":{"rendered":"Pol\u00edtica de privacidad"},"content":{"rendered":"<h2 class=\"wp-block-heading\">Qui\u00e9nes somos<\/h2>\n\n\n\n<p>Nuestra direcci\u00f3n web es: https:\/\/eternalumina.com<\/p>\n\n\n\n<h2 class=\"wp-block-heading\">Comentarios<\/h2>\n\n\n\n<p>Cuando los visitantes dejan comentarios en el sitio, recopilamos los datos mostrados en el formulario de comentarios, as\u00ed como la direcci\u00f3n IP del visitante y la cadena del agente de usuario del navegador para ayudar a detectar el spam.<\/p>\n\n\n\n<p>Una cadena anonimizada creada a partir de tu direcci\u00f3n de correo electr\u00f3nico (tambi\u00e9n llamada hash) puede ser proporcionada al servicio de Gravatar para verificar si lo est\u00e1s utilizando. La Pol\u00edtica de Privacidad del servicio Gravatar est\u00e1 disponible aqu\u00ed: https:\/\/automattic.com\/privacy\/. Tras la aprobaci\u00f3n de tu comentario, tu foto de perfil ser\u00e1 visible p\u00fablicamente en el contexto de tu comentario.<\/p>\n\n\n\n<h2 class=\"wp-block-heading\">Medios<\/h2>\n\n\n\n<p>Si subes im\u00e1genes al sitio web, debes evitar subir im\u00e1genes que incluyan datos de ubicaci\u00f3n incrustados (EXIF GPS). Los visitantes del sitio web pueden descargar y extraer cualquier dato de ubicaci\u00f3n de las im\u00e1genes en el sitio.<\/p>\n\n\n\n<h2 class=\"wp-block-heading\">Cookies<\/h2>\n\n\n\n<p>Si dejas un comentario en nuestro sitio, puedes optar por guardar tu nombre, direcci\u00f3n de correo electr\u00f3nico y sitio web en cookies. Estas se utilizan para tu comodidad, de modo que no tengas que volver a completar tus datos cuando dejes otro comentario. Estas cookies tendr\u00e1n una duraci\u00f3n de un a\u00f1o.<\/p>\n\n\n\n<p>Si visitas nuestra p\u00e1gina de inicio de sesi\u00f3n, estableceremos una cookie temporal para determinar si tu navegador acepta cookies. Esta cookie no contiene datos personales y se elimina al cerrar tu navegador.<\/p>\n\n\n\n<p>Cuando inicias sesi\u00f3n, tambi\u00e9n configuramos varias cookies para guardar tu informaci\u00f3n de inicio de sesi\u00f3n y tus preferencias de visualizaci\u00f3n de pantalla. Las cookies de inicio de sesi\u00f3n duran dos d\u00edas, y las cookies de opciones de pantalla duran un a\u00f1o. Si seleccionas \"Recordarme\", tu inicio de sesi\u00f3n se mantendr\u00e1 durante dos semanas. Si cierras sesi\u00f3n en tu cuenta, las cookies de inicio de sesi\u00f3n se eliminar\u00e1n.<\/p>\n\n\n\n<p>Si editas o publicas un art\u00edculo, se guardar\u00e1 una cookie adicional en tu navegador. Esta cookie no contiene datos personales y simplemente indica el ID del art\u00edculo que acabas de editar. Expira despu\u00e9s de 1 d\u00eda.<\/p>\n\n\n\n<h2 class=\"wp-block-heading\">Contenido incrustado de otros sitios web<\/h2>\n\n\n\n<p>Los art\u00edculos en este sitio pueden incluir contenido incrustado (por ejemplo, videos, im\u00e1genes, art\u00edculos, etc.). El contenido incrustado de otros sitios web se comporta de la misma manera que si el visitante hubiera visitado el otro sitio web.<\/p>\n\n\n\n<p>Estos sitios web pueden recopilar datos sobre ti, usar cookies, incrustar rastreo adicional de terceros y monitorear tu interacci\u00f3n con ese contenido incrustado, incluyendo rastrear tu interacci\u00f3n con el contenido incrustado si tienes una cuenta y est\u00e1s conectado a ese sitio web.<\/p>\n\n\n\n<h2 class=\"wp-block-heading\">Con qui\u00e9n compartimos tus datos<\/h2>\n\n\n\n<p>Si solicitas un restablecimiento de contrase\u00f1a, tu direcci\u00f3n IP se incluir\u00e1 en el correo electr\u00f3nico de restablecimiento.<\/p>\n\n\n\n<h2 class=\"wp-block-heading\">Cu\u00e1nto tiempo conservamos tus datos<\/h2>\n\n\n\n<p>Si dejas un comentario, el comentario y sus metadatos se retendr\u00e1n indefinidamente. Esto nos permite reconocer y aprobar autom\u00e1ticamente cualquier comentario de seguimiento en lugar de mantenerlos en una cola de moderaci\u00f3n.<\/p>\n\n\n\n<p>Para los usuarios que se registren en nuestro sitio web (si los hay), tambi\u00e9n almacenamos la informaci\u00f3n personal que proporcionan en su perfil de usuario. Todos los usuarios pueden ver, editar o eliminar su informaci\u00f3n personal en cualquier momento (excepto que no pueden cambiar su nombre de usuario). Los administradores del sitio web tambi\u00e9n pueden ver y editar esa informaci\u00f3n.<\/p>\n\n\n\n<h2 class=\"wp-block-heading\">Qu\u00e9 derechos tienes sobre tus datos<\/h2>\n\n\n\n<p>Si tienes una cuenta en este sitio o has dejado comentarios, puedes solicitar recibir un archivo exportado con los datos personales que tenemos sobre ti, incluyendo cualquier dato que nos hayas proporcionado. Tambi\u00e9n puedes solicitar que borremos cualquier dato personal que tengamos sobre ti. Esto no incluye los datos que estamos obligados a conservar por motivos administrativos, legales o de seguridad.<\/p>\n\n\n\n<h2 class=\"wp-block-heading\">D\u00f3nde se env\u00edan tus datos<\/h2>\n\n\n\n<p>Los comentarios de los visitantes pueden ser revisados a trav\u00e9s de un servicio automatizado de detecci\u00f3n de spam.<\/p>\n\n\n\n<p>Recopilamos informaci\u00f3n sobre ti durante el proceso de pago en nuestra tienda.<\/p>\n\n\n\n<h2 class=\"wp-block-heading\">Qu\u00e9 recopilamos y almacenamos<\/h2>\n\n\n\n<p>Mientras visitas nuestro sitio, rastrearemos:<\/p>\n\n\n\n<ul class=\"wp-block-list\">\n<li>Productos que has visto: usaremos esto para, por ejemplo, mostrarte productos que has visto recientemente<\/li>\n\n\n\n<li>Ubicaci\u00f3n, direcci\u00f3n IP y tipo de navegador: usaremos esto para fines como estimar impuestos y env\u00edo<\/li>\n\n\n\n<li>Direcci\u00f3n de env\u00edo: te pediremos que la ingreses para que podamos, por ejemplo, estimar el env\u00edo antes de que realices un pedido y envi\u00e1rtelo.<\/li>\n<\/ul>\n\n\n\n<p>Tambi\u00e9n usaremos cookies para realizar un seguimiento del contenido del carrito mientras navegas por nuestro sitio.<\/p>\n\n\n\n<p>Cuando compras con nosotros, te pediremos que proporciones informaci\u00f3n, incluyendo tu nombre, direcci\u00f3n de facturaci\u00f3n, direcci\u00f3n de env\u00edo, direcci\u00f3n de correo electr\u00f3nico, n\u00famero de tel\u00e9fono, detalles de tarjeta de cr\u00e9dito\/pago e informaci\u00f3n opcional de cuenta como nombre de usuario y contrase\u00f1a. Usaremos esta informaci\u00f3n para fines como:<\/p>\n\n\n\n<ul class=\"wp-block-list\">\n<li>Te enviaremos informaci\u00f3n sobre tu cuenta y pedido<\/li>\n\n\n\n<li>Wir werden auf Ihre Anfragen antworten, einschlie\u00dflich R\u00fcckerstattungen und Beschwerden<\/li>\n\n\n\n<li>Procesar pagos y prevenir fraudes<\/li>\n\n\n\n<li>Configura tu cuenta para nuestra tienda<\/li>\n\n\n\n<li>Cumplir con cualquier obligaci\u00f3n legal que tengamos, como calcular impuestos<\/li>\n\n\n\n<li>Mejorar las ofertas de nuestra tienda<\/li>\n\n\n\n<li>Enviarte mensajes de marketing, si decides recibirlos<\/li>\n<\/ul>\n\n\n\n<p>Si creas una cuenta, almacenaremos tu nombre, direcci\u00f3n, correo electr\u00f3nico y n\u00famero de tel\u00e9fono, que se utilizar\u00e1n para completar autom\u00e1ticamente el proceso de pago en futuros pedidos.<\/p>\n\n\n\n<p>En general, almacenamos informaci\u00f3n sobre ti durante el tiempo que necesitemos la informaci\u00f3n para los fines para los cuales la recopilamos y utilizamos, y no estamos legalmente obligados a seguir guard\u00e1ndola. Por ejemplo, almacenaremos la informaci\u00f3n del pedido durante XXX a\u00f1os para fines fiscales y contables. Esto incluye tu nombre, direcci\u00f3n de correo electr\u00f3nico y las direcciones de facturaci\u00f3n y env\u00edo.<\/p>\n\n\n\n<p>Tambi\u00e9n almacenaremos comentarios o rese\u00f1as, si decides dejarlos.<\/p>\n\n\n\n<h2 class=\"wp-block-heading\">\u00bfQui\u00e9n es el responsable del tratamiento de datos?<\/h2>\n\n\n\n<p><strong>Responsable del tratamiento de datos personales<\/strong><\/p>\n\n\n\n<p>Los responsables del tratamiento de sus datos personales son los socios que gestionan la actividad empresarial en forma de sociedad civil bajo el nombre:<\/p>\n\n\n\n<p><strong>TOOLING SYSTEMS S.C. M.P. STASZAK<\/strong><br>ul. T. Ko\u015bciuszki 78A\/15, 62-030 Lubo\u0144<br>NIP: 7831701766, REGON: 302485475<\/p>\n\n\n\n<p>Los socios de la empresa, que act\u00faan como co-responsables del tratamiento de datos personales, son:<\/p>\n\n\n\n<p><strong>Piotr Staszak<\/strong>que gestionan la actividad empresarial bajo el nombre&nbsp;<em>TOOLING SYSTEMS Piotr Staszak<\/em><br>NIP: 7772109628, REGON: 302456462<\/p>\n\n\n\n<p><strong>Marzena Staszak<\/strong>que gestionan la actividad empresarial bajo el nombre&nbsp;<em>TOOLING SYSTEMS PRECYZYJNE NARZ\u0118DZIA SKRAWAJ\u0104CE Marzena Staszak<\/em><br>NIP: 5571509610, REGON: 302275915<\/p>\n\n\n\n<p>En asuntos relacionados con el tratamiento de datos personales, puede ponerse en contacto con nosotros:<\/p>\n\n\n\n<p>por correo postal:&nbsp;<strong>TOOLING SYSTEMS S.C., ul. T. Ko\u015bciuszki 78A\/15, 62-030 Lubo\u0144<\/strong><\/p>\n\n\n\n<p>por correo electr\u00f3nico:&nbsp;<strong><a class=\"\">biuro@toolingsystems.pl<\/a><\/strong>&nbsp;or&nbsp;<strong><a class=\"\">store@eternalumina.com<\/a><\/strong><\/p>\n\n\n\n<p>El Responsable del tratamiento ha designado un Delegado de Protecci\u00f3n de Datos, Piotr Staszak.<br><br>El Delegado de Protecci\u00f3n de Datos se puede contactar a trav\u00e9s de:<\/p>\n\n\n\n<ul class=\"wp-block-list\">\n<li>by e-mail to the following address:\u00a0pstaszak@toolingsystems.pl,<\/li>\n\n\n\n<li>por tel\u00e9fono:<\/li>\n\n\n\n<li>o por escrito a la siguiente direcci\u00f3n:<\/li>\n<\/ul>\n\n\n\n<p>Puede ponerse en contacto con el Delegado de Protecci\u00f3n de Datos en todas las cuestiones relacionadas con el tratamiento de datos personales.<\/p>\n\n\n\n<h2 class=\"wp-block-heading\">Lo que compartimos con otros<\/h2>\n\n\n\n<p>Compartimos informaci\u00f3n con terceros que nos ayudan a proporcionarte nuestros servicios de pedidos y tienda.<\/p>\n\n\n\n<p>Puede encontrar informaci\u00f3n detallada en nuestro <a href=\"https:\/\/eternalumina.com\/es\/cookie-policy-eu\/\" data-type=\"page\" data-id=\"1175\">Pol\u00edtica de Cookies (UE)<\/a><\/p>\n\n\n\n<h3 class=\"wp-block-heading\">Pagos<\/h3>\n\n\n\n<p>Aceptamos pagos a trav\u00e9s de las pasarelas de pago PayPal y AUTOPAY. <\/p>\n\n\n\n<p>Al procesar los pagos, algunos de tus datos ser\u00e1n enviados a PayPal, incluida la informaci\u00f3n necesaria para procesar o apoyar el pago, como el total de la compra e informaci\u00f3n de facturaci\u00f3n.<\/p>\n\n\n\n<p>Please see the&nbsp;<a href=\"https:\/\/www.paypal.com\/us\/webapps\/mpp\/ua\/privacy-full\">Pol\u00edtica de privacidad de PayPal<\/a>&nbsp;for more details.<\/p>\n\n\n\n<p>Recopilamos informaci\u00f3n sobre ti durante el proceso de pago en nuestra tienda.<\/p>\n\n\n\n<h2 class=\"wp-block-heading\"><\/h2>","protected":false},"excerpt":{"rendered":"<p>Who we are Our website address is: https:\/\/eternalumina.com. Comments When visitors leave comments on the site we collect the data shown in the comments form, and also the visitor\u2019s IP address and browser user agent string to help spam detection. An anonymised string created from your email address (also called a hash) may be provided&#8230;<\/p>","protected":false},"author":1,"featured_media":0,"parent":0,"menu_order":0,"comment_status":"closed","ping_status":"closed","template":"","meta":{"_seopress_robots_primary_cat":"","_seopress_titles_title":"Privacy Policy","_seopress_titles_desc":"We value your privacy. Read our comprehensive privacy policy to understand how we collect, use, and protect your personal information.","_seopress_robots_index":"","_kadence_starter_templates_imported_post":false,"_kad_post_transparent":"","_kad_post_title":"","_kad_post_layout":"","_kad_post_sidebar_id":"","_kad_post_content_style":"","_kad_post_vertical_padding":"","_kad_post_feature":"","_kad_post_feature_position":"","_kad_post_header":false,"_kad_post_footer":false,"_kad_post_classname":"","footnotes":""},"class_list":["post-350","page","type-page","status-publish","hentry"],"_links":{"self":[{"href":"https:\/\/eternalumina.com\/es\/wp-json\/wp\/v2\/pages\/350","targetHints":{"allow":["GET"]}}],"collection":[{"href":"https:\/\/eternalumina.com\/es\/wp-json\/wp\/v2\/pages"}],"about":[{"href":"https:\/\/eternalumina.com\/es\/wp-json\/wp\/v2\/types\/page"}],"author":[{"embeddable":true,"href":"https:\/\/eternalumina.com\/es\/wp-json\/wp\/v2\/users\/1"}],"replies":[{"embeddable":true,"href":"https:\/\/eternalumina.com\/es\/wp-json\/wp\/v2\/comments?post=350"}],"version-history":[{"count":8,"href":"https:\/\/eternalumina.com\/es\/wp-json\/wp\/v2\/pages\/350\/revisions"}],"predecessor-version":[{"id":1958,"href":"https:\/\/eternalumina.com\/es\/wp-json\/wp\/v2\/pages\/350\/revisions\/1958"}],"wp:attachment":[{"href":"https:\/\/eternalumina.com\/es\/wp-json\/wp\/v2\/media?parent=350"}],"curies":[{"name":"wp","href":"https:\/\/api.w.org\/{rel}","templated":true}]}}