{"id":760,"date":"2024-11-06T01:41:04","date_gmt":"2024-11-06T00:41:04","guid":{"rendered":"https:\/\/eternalumina.com\/?page_id=760"},"modified":"2025-04-14T14:06:36","modified_gmt":"2025-04-14T12:06:36","slug":"charity","status":"publish","type":"page","link":"https:\/\/eternalumina.com\/es\/charity\/","title":{"rendered":"Caridad"},"content":{"rendered":"<h2 class=\"wp-block-heading\">El proyecto Eterna Lumina tiene su propio \u00c1ngel <\/h2>\n\n\n\n<p><\/p>\n\n\n\n<pre class=\"wp-block-verse\">Todo lo que hacemos aqu\u00ed est\u00e1 dedicado a nuestro querido Max, a quien perdimos. Cada idea que ha surgido y ha empezado a tomar forma en la realidad est\u00e1 arraigada en el profundo dolor de esa p\u00e9rdida que nunca podremos recuperar aqu\u00ed en la Tierra.<br><br>Aunque Eterna Lumina es un proyecto comercial, hemos decidido destinar al menos el 10\u202f% de las ganancias de la venta de nuestras velas a apoyar directamente a j\u00f3venes que enfrentan desaf\u00edos de salud mental, en particular depresi\u00f3n y trastorno bipolar (en forma de cofinanciamiento para terapia psicol\u00f3gica y\/o tratamiento psiqui\u00e1trico). Lamentablemente, sabemos por experiencia propia que el sistema de salud p\u00fablica en esta \u00e1rea en Polonia, por decir lo menos, no funciona como deber\u00eda.<br><br>El proyecto est\u00e1 a\u00fan en sus primeras fases, por lo que todav\u00eda no tenemos muchos fondos que compartir. No obstante, actualizaremos esta secci\u00f3n con el tiempo para mantenerle informado sobre c\u00f3mo y ad\u00f3nde dirigimos estos fondos para ayudar a los necesitados.<br><br>S\u00ed, hemos ocultado intencionadamente esta informaci\u00f3n bajo un bot\u00f3n, suponiendo que s\u00f3lo unos pocos querr\u00e1n llegar hasta aqu\u00ed y leerla. Pero si lo has hecho, probablemente significa que el proyecto ha resonado en ti a un nivel m\u00e1s profundo.<br><br>Esperamos que cruce los dedos por nosotros.<br><br>Le deseo lo mejor,  <br><br>Piotr y Marzena<\/pre>\n\n\n\n<p><\/p>","protected":false},"excerpt":{"rendered":"<p>The Eterna Lumina project has got it`s own Angel Everything we do here is dedicated to our beloved Max, whom we lost. Every idea that has emerged and started to take shape in reality is rooted in the deep pain of that loss we can never reclaim here on Earth.Although Eterna Lumina is a commercial&#8230;<\/p>","protected":false},"author":1,"featured_media":0,"parent":0,"menu_order":0,"comment_status":"closed","ping_status":"closed","template":"","meta":{"_seopress_robots_primary_cat":"","_seopress_titles_title":"Charity - Eterna Lumina","_seopress_titles_desc":"Join Eterna Lumina in creating a lasting legacy for loved ones through heartfelt charitable initiatives. Together, we can transform loss into hope.","_seopress_robots_index":"","_kadence_starter_templates_imported_post":false,"_kad_post_transparent":"","_kad_post_title":"","_kad_post_layout":"","_kad_post_sidebar_id":"","_kad_post_content_style":"","_kad_post_vertical_padding":"","_kad_post_feature":"","_kad_post_feature_position":"","_kad_post_header":false,"_kad_post_footer":false,"_kad_post_classname":"","footnotes":""},"class_list":["post-760","page","type-page","status-publish","hentry"],"_links":{"self":[{"href":"https:\/\/eternalumina.com\/es\/wp-json\/wp\/v2\/pages\/760","targetHints":{"allow":["GET"]}}],"collection":[{"href":"https:\/\/eternalumina.com\/es\/wp-json\/wp\/v2\/pages"}],"about":[{"href":"https:\/\/eternalumina.com\/es\/wp-json\/wp\/v2\/types\/page"}],"author":[{"embeddable":true,"href":"https:\/\/eternalumina.com\/es\/wp-json\/wp\/v2\/users\/1"}],"replies":[{"embeddable":true,"href":"https:\/\/eternalumina.com\/es\/wp-json\/wp\/v2\/comments?post=760"}],"version-history":[{"count":36,"href":"https:\/\/eternalumina.com\/es\/wp-json\/wp\/v2\/pages\/760\/revisions"}],"predecessor-version":[{"id":1955,"href":"https:\/\/eternalumina.com\/es\/wp-json\/wp\/v2\/pages\/760\/revisions\/1955"}],"wp:attachment":[{"href":"https:\/\/eternalumina.com\/es\/wp-json\/wp\/v2\/media?parent=760"}],"curies":[{"name":"wp","href":"https:\/\/api.w.org\/{rel}","templated":true}]}}