{"id":2467,"date":"2026-01-31T19:38:21","date_gmt":"2026-01-31T18:38:21","guid":{"rendered":"https:\/\/eternalumina.com\/?post_type=product&#038;p=2467"},"modified":"2026-02-28T20:15:44","modified_gmt":"2026-02-28T19:15:44","slug":"refillable-memorial-candle-eterna-lumina-matt-gold-laser-engraving-heart-cross-dedication","status":"publish","type":"product","link":"https:\/\/eternalumina.com\/es\/store\/refillable-memorial-candle-eterna-lumina-matt-gold-laser-engraving-heart-cross-dedication\/","title":{"rendered":"Vela conmemorativa recargable ETERNA LUMINA, oro mate, grabado l\u00e1ser: coraz\u00f3n\/cruz + dedicatoria"},"content":{"rendered":"<p style=\"text-align: center;\"><strong><span class=\"\">.<\/span><span class=\"\"> Vela conmemorativa con mecha de algod\u00f3n ajustable, rellenable con parafina l\u00edquida, fabricada en aluminio anodizado \u2013 oro mate, grabado l\u00e1ser \u2013 gr\u00e1fico y dedicatoria personalizada (2\u20134 palabras, p. ej. \u00ab Mam\u00e1 querida \u00bb, etc.).\nLa personalizaci\u00f3n ampl\u00eda el plazo de entrega a 4\u20135 d\u00edas laborables. El texto de la dedicatoria debe indicarse en los comentarios durante el proceso de pedido.<\/span><\/strong><\/p>\n<p style=\"text-align: center;\"><strong>Debido al car\u00e1cter personalizado del producto, los art\u00edculos realizados por encargo especial no admiten devoluci\u00f3n.<\/strong><\/p>\n<p><strong>NOTAS: <\/strong><\/p>\n<ul>\n<li>El producto no est\u00e1 relleno de aceite, el aceite de parafina para rellenar la vela debe adquirirse por separado.<\/li>\n<li>La linterna no est\u00e1 incluida pero es un conjunto sugerido a nuestra vela de olivo, debe comprarse por separado (aunque podemos publicar algunas fotos o videos con esos productos juntos)<\/li>\n<li>No es posible devolver de forma permanente productos personalizados fabricados por encargo especial.<\/li>\n<\/ul>\n<p><strong>NOTAS DE SEGURIDAD:<\/strong><\/p>\n<ul>\n<li><span class=\"OYPEnA font-feature-liga-off font-feature-clig-off font-feature-calt-off text-decoration-none text-strikethrough-none\">no deje una vela encendida sin vigilancia<\/span><\/li>\n<li><span class=\"OYPEnA font-feature-liga-off font-feature-clig-off font-feature-calt-off text-decoration-none text-strikethrough-none\">rellena el combustible s\u00f3lo cuando la vela no est\u00e9 encendida y se haya enfriado<\/span><\/li>\n<li><span class=\"OYPEnA font-feature-liga-off font-feature-clig-off font-feature-calt-off text-decoration-none text-strikethrough-none\">mantenga las velas alejadas de objetos inflamables<\/span><\/li>\n<li><span class=\"OYPEnA font-feature-liga-off font-feature-clig-off font-feature-calt-off text-decoration-none text-strikethrough-none\">coloca la vela sobre una superficie plana y estable<\/span><\/li>\n<li><span class=\"OYPEnA font-feature-liga-off font-feature-clig-off font-feature-calt-off text-decoration-none text-strikethrough-none\">mantener alejado de los ni\u00f1os por riesgo de quemaduras<\/span><\/li>\n<li><span class=\"OYPEnA font-feature-liga-off font-feature-clig-off font-feature-calt-off text-decoration-none text-strikethrough-none\">s\u00f3lo para uso en cementerios, al aire libre<\/span><\/li>\n<li><span class=\"OYPEnA font-feature-liga-off font-feature-clig-off font-feature-calt-off text-decoration-none text-strikethrough-none\">uso en una linterna adecuada<\/span><\/li>\n<\/ul>\n<p><strong>Hecho en Polonia\u00a0<\/strong><strong>Dise\u00f1o registrado de la Uni\u00f3n Europea<\/strong><\/p>\n<p><strong><a href=\"https:\/\/euipo.europa.eu\/eSearch\/#details\/designs\/015069214-0001\/eRegister\" target=\"_blank\" rel=\"noopener\">EUIPO No 015069214-0001\/ fecha de registro 09\/08\/2024\/<\/a><\/strong><\/p>\n<pre style=\"text-align: center;\"><a title=\"Tienda\" href=\"https:\/\/eternalumina.com\/es\/store\/\">Volver a la tienda<\/a><\/pre>","protected":false},"excerpt":{"rendered":"<p><strong>Vela conmemorativa rellenable - Versi\u00f3n personalizada<\/strong><br \/>\nElegant and customizable memorial candle crafted from anodized aluminum in a matte gold finish. Designed with an adjustable cotton wick and refillable with liquid paraffin (oil not included, to buy separately <a href=\"https:\/\/eternalumina.com\/es\/kategoria-produktu\/consumables\/\">aqu\u00ed<\/a>). Ideal para cementerio para uso al aire libre. Comb\u00ednelo con una linterna para completar el conjunto (las linternas se venden por separado). <a href=\"https:\/\/eternalumina.com\/es\/kategoria-produktu\/lanterns\/\">aqu\u00ed<\/a>). Personal\u00edcelo con un gr\u00e1fico grabado a l\u00e1ser y una dedicatoria de 2 palabras (por ejemplo, \"Querida mam\u00e1\"). Nota: La personalizaci\u00f3n a\u00f1ade 4-5 d\u00edas laborables a la entrega.<\/p>\n<p><strong>Importante:<\/strong> Los art\u00edculos personalizados no pueden devolverse. Los detalles de la dedicatoria deben indicarse en los comentarios del pedido. El farolillo se vende por separado para completar el conjunto.<\/p>\n<p><strong>Notas de seguridad:<\/strong> Nunca dejes una vela encendida sin vigilancia. Rellenar s\u00f3lo cuando se haya enfriado. Mant\u00e9ngala alejada de objetos inflamables y de los ni\u00f1os.<\/p>\n<p><strong>Made in Poland,\u00a0Registered European Union Design<\/strong><\/p>\n<p><strong><a title=\"EUIPO No. 015069214-0001\/ fecha de registro 09\/08\/2024\/\" href=\"https:\/\/euipo.europa.eu\/eSearch\/#details\/designs\/015069214-0001\/eRegister\" target=\"_blank\" rel=\"noopener\">EUIPO No. 015069214-0001\/ fecha de registro 09\/08\/2024\/\u00a0<\/a><\/strong><\/p>","protected":false},"featured_media":2468,"comment_status":"open","ping_status":"closed","template":"","meta":{"_seopress_robots_primary_cat":"none","_seopress_titles_title":"ETERNA LUMINA: Modern Reusable Memorial Candle Design","_seopress_titles_desc":"Unique, modern and modest, reusable olive oil memorial candle by ETERNA LUMINA, that change the way you can mourn your loves ones. Made of anodised aluminium with laser engraving, 100% recyclable and enviroment-friendly, prevents from producing contaminated plastic wastes at cementieries due to it`s reusable feature. You just refill with the paraffin liquid oil, adjust the height of the knob and the flame lasts for about 72 hours.","_seopress_robots_index":"","_kadence_starter_templates_imported_post":false,"_kad_post_transparent":"default","_kad_post_title":"","_kad_post_layout":"default","_kad_post_sidebar_id":"","_kad_post_content_style":"default","_kad_post_vertical_padding":"default","_kad_post_feature":"","_kad_post_feature_position":"","_kad_post_header":false,"_kad_post_footer":false,"_kad_post_classname":""},"product_brand":[156],"product_cat":[135],"product_tag":[74,68,84,37,69,33,32,73,88,94,91,76,87,89,83,134,79,112,123,77,92,70,23,86,36,71,80,81,85,75,82,90,93,72,34,125,126,127,124,31,22,35,30,133,130,109,21,110,24],"class_list":{"0":"post-2467","1":"product","2":"type-product","3":"status-publish","4":"has-post-thumbnail","6":"product_brand-eternalumina","7":"product_cat-oil-refillable-memorial-candles","8":"product_tag-candle","9":"product_tag-devotional-articles","10":"product_tag-devotionalien","11":"product_tag-dewocjonalia","12":"product_tag-ecology","13":"product_tag-ekologia","14":"product_tag-eterna-lumina","15":"product_tag-eternal-light","16":"product_tag-ewiges-licht","17":"product_tag-gedenk-olivenkerze","18":"product_tag-grabsteinkerzen","19":"product_tag-grave-candle","20":"product_tag-kein-plastik","21":"product_tag-kerze","22":"product_tag-lampa-naftowa","23":"product_tag-memorial-candle","24":"product_tag-memorial-olive-candle","25":"product_tag-memorial-olive-oil-candle","26":"product_tag-memory-candle","27":"product_tag-modern-design","28":"product_tag-modernes-design","29":"product_tag-natural-flame","30":"product_tag-naturalny-plomien","31":"product_tag-naturliche-flamme","32":"product_tag-nie-dla-plastiku","33":"product_tag-no-to-plastic","34":"product_tag-oil-candle","35":"product_tag-oil-lamp","36":"product_tag-okologie","37":"product_tag-olive-candle","38":"product_tag-olive-lamp","39":"product_tag-olivenkerze","40":"product_tag-petroleumlampe","41":"product_tag-recycling","42":"product_tag-recykling","43":"product_tag-remembrance-candles","44":"product_tag-remembrance-candles-for-funerals","45":"product_tag-remembrance-candles-for-loved-ones","46":"product_tag-reusable-memory-candle","47":"product_tag-swieto-zmarlych","48":"product_tag-wieczne-swiatlo","49":"product_tag-zero-waste","50":"product_tag-znicz","51":"product_tag-znicz-ekologiczny","52":"product_tag-znicz-nagrobny","53":"product_tag-znicz-olejowy","54":"product_tag-znicz-oliwny","55":"product_tag-znicz-parafinowy","56":"product_tag-znicze-nagrobkowe","57":"pa_burning-time-72h","58":"pa_capacity-250ml","59":"pa_color-laser-engraving-heart-cross","60":"pa_color-laser-engraving-personalised-dedication","61":"pa_color-matt-black","62":"pa_condition-new","63":"pa_cotton-wick-additional-included-diameter-3mm-length-30cm","64":"pa_dimensions-diameter-60mm","65":"pa_dimensions-height-120mm","67":"first","68":"instock","69":"sale","70":"taxable","71":"shipping-taxable","72":"purchasable","73":"product-type-simple","74":"entry","75":"content-bg","76":"loop-entry"},"_links":{"self":[{"href":"https:\/\/eternalumina.com\/es\/wp-json\/wp\/v2\/product\/2467","targetHints":{"allow":["GET"]}}],"collection":[{"href":"https:\/\/eternalumina.com\/es\/wp-json\/wp\/v2\/product"}],"about":[{"href":"https:\/\/eternalumina.com\/es\/wp-json\/wp\/v2\/types\/product"}],"replies":[{"embeddable":true,"href":"https:\/\/eternalumina.com\/es\/wp-json\/wp\/v2\/comments?post=2467"}],"wp:featuredmedia":[{"embeddable":true,"href":"https:\/\/eternalumina.com\/es\/wp-json\/wp\/v2\/media\/2468"}],"wp:attachment":[{"href":"https:\/\/eternalumina.com\/es\/wp-json\/wp\/v2\/media?parent=2467"}],"wp:term":[{"taxonomy":"product_brand","embeddable":true,"href":"https:\/\/eternalumina.com\/es\/wp-json\/wp\/v2\/product_brand?post=2467"},{"taxonomy":"product_cat","embeddable":true,"href":"https:\/\/eternalumina.com\/es\/wp-json\/wp\/v2\/product_cat?post=2467"},{"taxonomy":"product_tag","embeddable":true,"href":"https:\/\/eternalumina.com\/es\/wp-json\/wp\/v2\/product_tag?post=2467"}],"curies":[{"name":"wp","href":"https:\/\/api.w.org\/{rel}","templated":true}]}}