{"id":724,"date":"2024-11-01T01:24:51","date_gmt":"2024-11-01T00:24:51","guid":{"rendered":"https:\/\/eternalumina.com\/?post_type=product&#038;p=724"},"modified":"2026-02-28T20:19:48","modified_gmt":"2026-02-28T19:19:48","slug":"znicz-oliwny-refillable-memorial-candle-eterna-lumina-matt-silver-laser-engraving-heart-cross-dedication","status":"publish","type":"product","link":"https:\/\/eternalumina.com\/es\/store\/znicz-oliwny-refillable-memorial-candle-eterna-lumina-matt-silver-laser-engraving-heart-cross-dedication\/","title":{"rendered":"Vela conmemorativa recargable ETERNA LUMINA, plata mate, grabado l\u00e1ser: coraz\u00f3n\/cruz + dedicatoria"},"content":{"rendered":"<p style=\"text-align: center;\"><strong>Vela conmemorativa recargable con mecha de algod\u00f3n ajustable, rellenable con parafina l\u00edquida, fabricada en aluminio anodizado - plata mate, <span class=\"\">Lasergravur \u2014 Grafik und personalisierte Widmung (2\u20134 W\u00f6rter, z. B. \u201eGeliebte Mama\u201c).\nDurch die Personalisierung verl\u00e4ngert sich die Lieferzeit auf 4\u20135 Werktage.\nBitte geben Sie den Text der Widmung w\u00e4hrend des Bestellvorgangs im Kommentarfeld an.<\/span><\/strong><\/p>\n<p style=\"text-align: center;\"><strong><span class=\"VIpgJd-yAWNEb-VIpgJd-fmcmS-sn54Q\">Debido al car\u00e1cter personalizado del producto, los art\u00edculos realizados por encargo especial no admiten devoluci\u00f3n.<\/span><\/strong><\/p>\n<p><strong>NOTA:<\/strong><\/p>\n<ul>\n<li>El producto no est\u00e1 relleno de aceite, el aceite de parafina para rellenar la vela debe adquirirse por separado.<\/li>\n<li>La linterna no est\u00e1 incluida pero es un conjunto sugerido a nuestra vela de olivo, debe comprarse por separado (aunque podemos publicar algunas fotos o videos con esos productos juntos)<\/li>\n<li>No es posible devolver de forma permanente productos personalizados fabricados por encargo especial.<\/li>\n<\/ul>\n<p><strong>NOTAS DE SEGURIDAD:<\/strong><\/p>\n<ul>\n<li><span class=\"OYPEnA font-feature-liga-off font-feature-clig-off font-feature-calt-off text-decoration-none text-strikethrough-none\">no deje una vela encendida sin vigilancia<\/span><\/li>\n<li><span class=\"OYPEnA font-feature-liga-off font-feature-clig-off font-feature-calt-off text-decoration-none text-strikethrough-none\">rellena el combustible s\u00f3lo cuando la vela no est\u00e9 encendida y se haya enfriado<\/span><\/li>\n<li><span class=\"OYPEnA font-feature-liga-off font-feature-clig-off font-feature-calt-off text-decoration-none text-strikethrough-none\">mantenga las velas alejadas de objetos inflamables<\/span><\/li>\n<li><span class=\"OYPEnA font-feature-liga-off font-feature-clig-off font-feature-calt-off text-decoration-none text-strikethrough-none\">coloca la vela sobre una superficie plana y estable<\/span><\/li>\n<li><span class=\"OYPEnA font-feature-liga-off font-feature-clig-off font-feature-calt-off text-decoration-none text-strikethrough-none\"><span class=\"VIpgJd-yAWNEb-VIpgJd-fmcmS-sn54Q\">mantener alejado de los ni\u00f1os por riesgo de quemaduras<\/span><\/span><\/li>\n<li><span class=\"OYPEnA font-feature-liga-off font-feature-clig-off font-feature-calt-off text-decoration-none text-strikethrough-none\">s\u00f3lo para uso en cementerios, al aire libre<\/span><\/li>\n<li><span class=\"OYPEnA font-feature-liga-off font-feature-clig-off font-feature-calt-off text-decoration-none text-strikethrough-none\">uso en una linterna adecuada<\/span><\/li>\n<\/ul>\n<p><strong>Hecho en Polonia <\/strong><strong>Dise\u00f1o registrado de la Uni\u00f3n Europea<\/strong><\/p>\n<p><strong><a title=\"EUIPO No. 015069214-0001\/ fecha de registro 09\/08\/2024\/\" href=\"https:\/\/euipo.europa.eu\/eSearch\/#details\/designs\/015069214-0001\/eRegister\" target=\"_blank\" rel=\"noopener\">EUIPO No. 015069214-0001\/ fecha de registro 09\/08\/2024\/\u00a0<\/a><\/strong><\/p>\n<pre style=\"text-align: center;\"><a title=\"Tienda\" href=\"https:\/\/eternalumina.com\/es\/store\/\">Volver a la tienda<\/a><\/pre>","protected":false},"excerpt":{"rendered":"<p><strong>Vela conmemorativa rellenable - Versi\u00f3n personalizada<\/strong><br \/>\nVela conmemorativa elegante y personalizable fabricada en aluminio anodizado con acabado plateado mate. Dise\u00f1ado con una mecha de algod\u00f3n ajustable y rellenable con parafina l\u00edquida (aceite no incluido, para comprar por separado. <a href=\"https:\/\/eternalumina.com\/es\/kategoria-produktu\/consumables\/\">aqu\u00ed<\/a>). Ideal para cementerio para uso al aire libre. Comb\u00ednelo con una linterna para completar el conjunto (las linternas se venden por separado). <a href=\"https:\/\/eternalumina.com\/es\/kategoria-produktu\/lanterns\/\">aqu\u00ed<\/a>). Personal\u00edcelo con un gr\u00e1fico grabado a l\u00e1ser y una dedicatoria de 2 palabras (por ejemplo, \"Querida mam\u00e1\"). Nota: La personalizaci\u00f3n a\u00f1ade 4-5 d\u00edas laborables a la entrega.<\/p>\n<p><strong>Importante:<\/strong> Los art\u00edculos personalizados no pueden devolverse. Los detalles de la dedicatoria deben indicarse en los comentarios del pedido. El farolillo se vende por separado para completar el conjunto.<\/p>\n<p><strong>Notas de seguridad:<\/strong> Nunca dejes una vela encendida sin vigilancia. Rellenar s\u00f3lo cuando se haya enfriado. Mant\u00e9ngala alejada de objetos inflamables y de los ni\u00f1os.<\/p>\n<p><strong>Hecho en Polonia\u00a0<\/strong><strong>Dise\u00f1o registrado de la Uni\u00f3n Europea<\/strong><\/p>\n<p><strong><a title=\"EUIPO No. 015069214-0001\/ fecha de registro 09\/08\/2024\/\" href=\"https:\/\/euipo.europa.eu\/eSearch\/#details\/designs\/015069214-0001\/eRegister\" target=\"_blank\" rel=\"noopener\">EUIPO No. 015069214-0001\/ fecha de registro 09\/08\/2024\/\u00a0<\/a><\/strong><\/p>","protected":false},"featured_media":2455,"comment_status":"open","ping_status":"closed","template":"","meta":{"_seopress_robots_primary_cat":"none","_seopress_titles_title":"ETERNA LUMINA: The Modern Memorial Candle You Need","_seopress_titles_desc":"Unique, modern and modest, reusable olive oil memorial candle by ETERNA LUMINA, that change the way you can mourn your loves ones. Made of anodised aluminium with laser engraving, 100% recyclable and enviroment-friendly, prevents from producing contaminated plastic wastes at cementieries due to it`s reusable feature. You just refill with the paraffin liquid oil, adjust the height of the knob and the flame lasts for about 72 hours.","_seopress_robots_index":"","_kadence_starter_templates_imported_post":false,"_kad_post_transparent":"default","_kad_post_title":"","_kad_post_layout":"default","_kad_post_sidebar_id":"","_kad_post_content_style":"default","_kad_post_vertical_padding":"default","_kad_post_feature":"","_kad_post_feature_position":"","_kad_post_header":false,"_kad_post_footer":false,"_kad_post_classname":""},"product_brand":[156],"product_cat":[135],"product_tag":[74,68,84,37,69,33,32,73,88,94,129,128,91,76,87,89,83,79,112,123,77,92,70,23,86,36,71,131,80,81,85,75,82,90,93,72,34,125,126,127,124,31,22,35,30,133,130,109,21,110,132,24],"class_list":{"0":"post-724","1":"product","2":"type-product","3":"status-publish","4":"has-post-thumbnail","6":"product_brand-eternalumina","7":"product_cat-oil-refillable-memorial-candles","8":"product_tag-candle","9":"product_tag-devotional-articles","10":"product_tag-devotionalien","11":"product_tag-dewocjonalia","12":"product_tag-ecology","13":"product_tag-ekologia","14":"product_tag-eterna-lumina","15":"product_tag-eternal-light","16":"product_tag-ewiges-licht","17":"product_tag-gedenk-olivenkerze","18":"product_tag-gedenkkerze","19":"product_tag-gedenkkerzen","20":"product_tag-grabsteinkerzen","21":"product_tag-grave-candle","22":"product_tag-kein-plastik","23":"product_tag-kerze","24":"product_tag-lampa-naftowa","25":"product_tag-memorial-olive-candle","26":"product_tag-memorial-olive-oil-candle","27":"product_tag-memory-candle","28":"product_tag-modern-design","29":"product_tag-modernes-design","30":"product_tag-natural-flame","31":"product_tag-naturalny-plomien","32":"product_tag-naturliche-flamme","33":"product_tag-nie-dla-plastiku","34":"product_tag-no-to-plastic","35":"product_tag-nowoczesne-znicze","36":"product_tag-oil-candle","37":"product_tag-oil-lamp","38":"product_tag-okologie","39":"product_tag-olive-candle","40":"product_tag-olive-lamp","41":"product_tag-olivenkerze","42":"product_tag-petroleumlampe","43":"product_tag-recycling","44":"product_tag-recykling","45":"product_tag-remembrance-candles","46":"product_tag-remembrance-candles-for-funerals","47":"product_tag-remembrance-candles-for-loved-ones","48":"product_tag-reusable-memory-candle","49":"product_tag-swieto-zmarlych","50":"product_tag-wieczne-swiatlo","51":"product_tag-zero-waste","52":"product_tag-znicz","53":"product_tag-znicz-ekologiczny","54":"product_tag-znicz-nagrobny","55":"product_tag-znicz-olejowy","56":"product_tag-znicz-oliwny","57":"product_tag-znicz-parafinowy","58":"product_tag-znicze-ekologiczne","59":"product_tag-znicze-nagrobkowe","60":"pa_burning-time-72h","61":"pa_capacity-250ml","62":"pa_color-laser-engraving-heart-cross","63":"pa_color-laser-engraving-personalised-dedication","64":"pa_color-matt-silver","65":"pa_condition-new","66":"pa_cotton-wick-additional-included-diameter-3mm-length-30cm","67":"pa_dimensions-diameter-60mm","68":"pa_dimensions-height-120mm","70":"first","71":"instock","72":"sale","73":"taxable","74":"shipping-taxable","75":"purchasable","76":"product-type-simple","77":"entry","78":"content-bg","79":"loop-entry"},"_links":{"self":[{"href":"https:\/\/eternalumina.com\/es\/wp-json\/wp\/v2\/product\/724","targetHints":{"allow":["GET"]}}],"collection":[{"href":"https:\/\/eternalumina.com\/es\/wp-json\/wp\/v2\/product"}],"about":[{"href":"https:\/\/eternalumina.com\/es\/wp-json\/wp\/v2\/types\/product"}],"replies":[{"embeddable":true,"href":"https:\/\/eternalumina.com\/es\/wp-json\/wp\/v2\/comments?post=724"}],"wp:featuredmedia":[{"embeddable":true,"href":"https:\/\/eternalumina.com\/es\/wp-json\/wp\/v2\/media\/2455"}],"wp:attachment":[{"href":"https:\/\/eternalumina.com\/es\/wp-json\/wp\/v2\/media?parent=724"}],"wp:term":[{"taxonomy":"product_brand","embeddable":true,"href":"https:\/\/eternalumina.com\/es\/wp-json\/wp\/v2\/product_brand?post=724"},{"taxonomy":"product_cat","embeddable":true,"href":"https:\/\/eternalumina.com\/es\/wp-json\/wp\/v2\/product_cat?post=724"},{"taxonomy":"product_tag","embeddable":true,"href":"https:\/\/eternalumina.com\/es\/wp-json\/wp\/v2\/product_tag?post=724"}],"curies":[{"name":"wp","href":"https:\/\/api.w.org\/{rel}","templated":true}]}}