{"id":725,"date":"2024-11-01T01:41:02","date_gmt":"2024-11-01T00:41:02","guid":{"rendered":"https:\/\/eternalumina.com\/?post_type=product&#038;p=725"},"modified":"2026-02-28T20:26:02","modified_gmt":"2026-02-28T19:26:02","slug":"znicz-oliwny-refillable-memorial-candle-eterna-lumina-matt-silver-basic","status":"publish","type":"product","link":"https:\/\/eternalumina.com\/es\/store\/znicz-oliwny-refillable-memorial-candle-eterna-lumina-matt-silver-basic\/","title":{"rendered":"Vela conmemorativa recargable ETERNA LUMINA, plata mate, b\u00e1sica"},"content":{"rendered":"<p style=\"text-align: center;\"><strong>Vela conmemorativa recargable con mecha de algod\u00f3n ajustable, recargable con parafina l\u00edquida, fabricada en aluminio anodizado - color plata mate, versi\u00f3n b\u00e1sica (sin gr\u00e1ficos grabados con l\u00e1ser, sin dedicatoria).<\/strong><\/p>\n<p><strong>NOTA:<\/strong><\/p>\n<ul>\n<li>El producto no est\u00e1 relleno de aceite, el aceite de parafina para rellenar la vela debe adquirirse por separado.<\/li>\n<li>La linterna no est\u00e1 incluida pero es un conjunto sugerido a nuestra vela de olivo, debe comprarse por separado (aunque podemos publicar algunas fotos o videos con esos productos juntos)<\/li>\n<\/ul>\n<p><strong>NOTAS DE SEGURIDAD:<\/strong><\/p>\n<ul>\n<li><span class=\"OYPEnA font-feature-liga-off font-feature-clig-off font-feature-calt-off text-decoration-none text-strikethrough-none\">no deje una vela encendida sin vigilancia<\/span><\/li>\n<li><span class=\"OYPEnA font-feature-liga-off font-feature-clig-off font-feature-calt-off text-decoration-none text-strikethrough-none\">rellena el combustible s\u00f3lo cuando la vela no est\u00e9 encendida y se haya enfriado<\/span><\/li>\n<li><span class=\"OYPEnA font-feature-liga-off font-feature-clig-off font-feature-calt-off text-decoration-none text-strikethrough-none\">mantenga las velas alejadas de objetos inflamables<\/span><\/li>\n<li><span class=\"OYPEnA font-feature-liga-off font-feature-clig-off font-feature-calt-off text-decoration-none text-strikethrough-none\">coloca la vela sobre una superficie plana y estable<\/span><\/li>\n<li><span class=\"OYPEnA font-feature-liga-off font-feature-clig-off font-feature-calt-off text-decoration-none text-strikethrough-none\"><span class=\"VIpgJd-yAWNEb-VIpgJd-fmcmS-sn54Q\">mantener alejado de los ni\u00f1os por riesgo de quemaduras<\/span><\/span><\/li>\n<li><span class=\"OYPEnA font-feature-liga-off font-feature-clig-off font-feature-calt-off text-decoration-none text-strikethrough-none\">s\u00f3lo para uso en cementerios, al aire libre<\/span><\/li>\n<li><span class=\"OYPEnA font-feature-liga-off font-feature-clig-off font-feature-calt-off text-decoration-none text-strikethrough-none\">uso en una linterna adecuada<\/span><\/li>\n<\/ul>\n<p><strong>Hecho en Polonia <\/strong><strong>Dise\u00f1o registrado de la Uni\u00f3n Europea<\/strong><\/p>\n<p><strong><a title=\"EUIPO No. 015069214-0001\/ fecha de registro 09\/08\/2024\/\" href=\"https:\/\/euipo.europa.eu\/eSearch\/#details\/designs\/015069214-0001\/eRegister\" target=\"_blank\" rel=\"noopener\">EUIPO No. 015069214-0001\/ fecha de registro 09\/08\/2024\/\u00a0<\/a><\/strong><\/p>\n<pre style=\"text-align: center;\"><a title=\"Tienda\" href=\"https:\/\/eternalumina.com\/es\/store\/\">Volver a la tienda<\/a><\/pre>","protected":false},"excerpt":{"rendered":"<p><strong>Vela conmemorativa rellenable - Versi\u00f3n b\u00e1sica<\/strong><br \/>\nElegante y duradera vela conmemorativa fabricada en aluminio anodizado con acabado plateado mate. Dise\u00f1ado con una mecha de algod\u00f3n ajustable y rellenable con parafina l\u00edquida (aceite no incluido, para comprar por separado. <a href=\"https:\/\/eternalumina.com\/es\/kategoria-produktu\/consumables\/\">aqu\u00ed<\/a>). Ideal para cementerio para uso al aire libre. Comb\u00ednelo con una linterna para completar el conjunto (las linternas se venden por separado). <a href=\"https:\/\/eternalumina.com\/es\/kategoria-produktu\/lanterns\/\">aqu\u00ed<\/a>).<\/p>\n<p><strong>Notas de seguridad:<\/strong> No deje nunca las velas encendidas sin vigilancia. Rell\u00e9nelas s\u00f3lo cuando se hayan enfriado. Mant\u00e9ngalas alejadas de objetos inflamables y de los ni\u00f1os.<\/p>\n<p><strong>Hecho en Polonia <\/strong><strong>Dise\u00f1o registrado de la Uni\u00f3n Europea<\/strong><\/p>\n<p><strong><a title=\"EUIPO No. 015069214-0001\/ fecha de registro 09\/08\/2024\/\" href=\"https:\/\/euipo.europa.eu\/eSearch\/#details\/designs\/015069214-0001\/eRegister\" target=\"_blank\" rel=\"noopener\">EUIPO No. 015069214-0001\/ fecha de registro 09\/08\/2024\/\u00a0<\/a><\/strong><\/p>","protected":false},"featured_media":2454,"comment_status":"open","ping_status":"closed","template":"","meta":{"_seopress_robots_primary_cat":"none","_seopress_titles_title":"Elegant Reusable Memorial Candle - ETERNA LUMINA","_seopress_titles_desc":"Unique, modern and modest, reusable olive oil memorial candle by ETERNA LUMINA, that change the way you can mourn your loves ones. Made of anodised aluminium with laser engraving, 100% recyclable and enviroment-friendly, prevents from producing contaminated plastic wastes at cementieries due to it`s reusable feature. You just refill with the paraffin liquid oil, adjust the height of the knob and the flame lasts for about 72 hours.","_seopress_robots_index":"","_kadence_starter_templates_imported_post":false,"_kad_post_transparent":"default","_kad_post_title":"","_kad_post_layout":"default","_kad_post_sidebar_id":"","_kad_post_content_style":"default","_kad_post_vertical_padding":"default","_kad_post_feature":"","_kad_post_feature_position":"","_kad_post_header":false,"_kad_post_footer":false,"_kad_post_classname":""},"product_brand":[156],"product_cat":[135],"product_tag":[74,68,84,37,69,33,32,73,88,94,129,128,91,76,87,89,83,79,112,123,77,92,70,23,86,36,71,131,80,81,85,75,82,90,93,72,34,125,126,127,124,31,22,35,30,130,109,21,110,24],"class_list":{"0":"post-725","1":"product","2":"type-product","3":"status-publish","4":"has-post-thumbnail","6":"product_brand-eternalumina","7":"product_cat-oil-refillable-memorial-candles","8":"product_tag-candle","9":"product_tag-devotional-articles","10":"product_tag-devotionalien","11":"product_tag-dewocjonalia","12":"product_tag-ecology","13":"product_tag-ekologia","14":"product_tag-eterna-lumina","15":"product_tag-eternal-light","16":"product_tag-ewiges-licht","17":"product_tag-gedenk-olivenkerze","18":"product_tag-gedenkkerze","19":"product_tag-gedenkkerzen","20":"product_tag-grabsteinkerzen","21":"product_tag-grave-candle","22":"product_tag-kein-plastik","23":"product_tag-kerze","24":"product_tag-lampa-naftowa","25":"product_tag-memorial-olive-candle","26":"product_tag-memorial-olive-oil-candle","27":"product_tag-memory-candle","28":"product_tag-modern-design","29":"product_tag-modernes-design","30":"product_tag-natural-flame","31":"product_tag-naturalny-plomien","32":"product_tag-naturliche-flamme","33":"product_tag-nie-dla-plastiku","34":"product_tag-no-to-plastic","35":"product_tag-nowoczesne-znicze","36":"product_tag-oil-candle","37":"product_tag-oil-lamp","38":"product_tag-okologie","39":"product_tag-olive-candle","40":"product_tag-olive-lamp","41":"product_tag-olivenkerze","42":"product_tag-petroleumlampe","43":"product_tag-recycling","44":"product_tag-recykling","45":"product_tag-remembrance-candles","46":"product_tag-remembrance-candles-for-funerals","47":"product_tag-remembrance-candles-for-loved-ones","48":"product_tag-reusable-memory-candle","49":"product_tag-swieto-zmarlych","50":"product_tag-wieczne-swiatlo","51":"product_tag-zero-waste","52":"product_tag-znicz","53":"product_tag-znicz-nagrobny","54":"product_tag-znicz-olejowy","55":"product_tag-znicz-oliwny","56":"product_tag-znicz-parafinowy","57":"product_tag-znicze-nagrobkowe","58":"pa_burning-time-72h","59":"pa_capacity-250ml","60":"pa_color-matt-silver","61":"pa_condition-new","62":"pa_cotton-wick-additional-included-diameter-3mm-length-30cm","63":"pa_dimensions-diameter-60mm","64":"pa_dimensions-height-120mm","66":"first","67":"instock","68":"sale","69":"taxable","70":"shipping-taxable","71":"purchasable","72":"product-type-simple","73":"entry","74":"content-bg","75":"loop-entry"},"_links":{"self":[{"href":"https:\/\/eternalumina.com\/es\/wp-json\/wp\/v2\/product\/725","targetHints":{"allow":["GET"]}}],"collection":[{"href":"https:\/\/eternalumina.com\/es\/wp-json\/wp\/v2\/product"}],"about":[{"href":"https:\/\/eternalumina.com\/es\/wp-json\/wp\/v2\/types\/product"}],"replies":[{"embeddable":true,"href":"https:\/\/eternalumina.com\/es\/wp-json\/wp\/v2\/comments?post=725"}],"wp:featuredmedia":[{"embeddable":true,"href":"https:\/\/eternalumina.com\/es\/wp-json\/wp\/v2\/media\/2454"}],"wp:attachment":[{"href":"https:\/\/eternalumina.com\/es\/wp-json\/wp\/v2\/media?parent=725"}],"wp:term":[{"taxonomy":"product_brand","embeddable":true,"href":"https:\/\/eternalumina.com\/es\/wp-json\/wp\/v2\/product_brand?post=725"},{"taxonomy":"product_cat","embeddable":true,"href":"https:\/\/eternalumina.com\/es\/wp-json\/wp\/v2\/product_cat?post=725"},{"taxonomy":"product_tag","embeddable":true,"href":"https:\/\/eternalumina.com\/es\/wp-json\/wp\/v2\/product_tag?post=725"}],"curies":[{"name":"wp","href":"https:\/\/api.w.org\/{rel}","templated":true}]}}