{"id":350,"date":"2024-10-19T16:54:30","date_gmt":"2024-10-19T14:54:30","guid":{"rendered":"https:\/\/eternalumina.com\/?page_id=350"},"modified":"2025-04-14T16:57:08","modified_gmt":"2025-04-14T14:57:08","slug":"privacy-policy","status":"publish","type":"page","link":"https:\/\/eternalumina.com\/fr\/privacy-policy\/","title":{"rendered":"Politique de confidentialit\u00e9"},"content":{"rendered":"<h2 class=\"wp-block-heading\">Qui nous sommes<\/h2>\n\n\n\n<p>Notre adresse de site web est : https:\/\/eternalumina.com<\/p>\n\n\n\n<h2 class=\"wp-block-heading\">Commentaires<\/h2>\n\n\n\n<p>Lorsque les visiteurs laissent des commentaires sur le site, nous recueillons les donn\u00e9es affich\u00e9es dans le formulaire de commentaires, ainsi que l'adresse IP du visiteur et la cha\u00eene de l'agent utilisateur du navigateur pour aider \u00e0 la d\u00e9tection des spams.<\/p>\n\n\n\n<p>Une cha\u00eene anonymis\u00e9e cr\u00e9\u00e9e \u00e0 partir de votre adresse e-mail (\u00e9galement appel\u00e9e hash) peut \u00eatre transmise au service Gravatar pour v\u00e9rifier si vous l\u2019utilisez. La politique de confidentialit\u00e9 du service Gravatar est disponible ici : https:\/\/automattic.com\/privacy\/. Apr\u00e8s l\u2019approbation de votre commentaire, votre photo de profil sera visible publiquement dans le contexte de votre commentaire.<\/p>\n\n\n\n<h2 class=\"wp-block-heading\">M\u00e9dias<\/h2>\n\n\n\n<p>Si vous t\u00e9l\u00e9chargez des images sur le site web, vous devriez \u00e9viter d\u2019inclure des donn\u00e9es de localisation int\u00e9gr\u00e9es (EXIF GPS). Les visiteurs du site peuvent t\u00e9l\u00e9charger et extraire toutes les donn\u00e9es de localisation des images pr\u00e9sentes sur le site.<\/p>\n\n\n\n<h2 class=\"wp-block-heading\">Cookies<\/h2>\n\n\n\n<p>Si vous laissez un commentaire sur notre site, vous pouvez choisir d\u2019enregistrer votre nom, votre adresse e-mail et votre site web dans des cookies. Cela est fait pour votre confort, afin que vous n'ayez pas \u00e0 saisir \u00e0 nouveau vos informations lors de votre prochain commentaire. Ces cookies dureront un an.<\/p>\n\n\n\n<p>Si vous visitez notre page de connexion, nous d\u00e9finirons un cookie temporaire pour d\u00e9terminer si votre navigateur accepte les cookies. Ce cookie ne contient aucune donn\u00e9e personnelle et est supprim\u00e9 lorsque vous fermez votre navigateur.<\/p>\n\n\n\n<p>Lorsque vous vous connectez, nous configurons \u00e9galement plusieurs cookies pour enregistrer vos informations de connexion et vos pr\u00e9f\u00e9rences d\u2019affichage. Les cookies de connexion durent deux jours, et les cookies des options d\u2019\u00e9cran durent un an. Si vous s\u00e9lectionnez \u00ab Se souvenir de moi \u00bb, votre connexion restera active pendant deux semaines. Si vous vous d\u00e9connectez de votre compte, les cookies de connexion seront supprim\u00e9s.<\/p>\n\n\n\n<p>Si vous modifiez ou publiez un article, un cookie suppl\u00e9mentaire sera enregistr\u00e9 dans votre navigateur. Ce cookie ne contient aucune donn\u00e9e personnelle et indique simplement l\u2019identifiant de l\u2019article que vous venez de modifier. Il expire apr\u00e8s 1 jour.<\/p>\n\n\n\n<h2 class=\"wp-block-heading\">Contenu int\u00e9gr\u00e9 provenant d\u2019autres sites web<\/h2>\n\n\n\n<p>Les articles de ce site peuvent inclure du contenu int\u00e9gr\u00e9 (par exemple des vid\u00e9os, des images, des articles, etc.). Le contenu int\u00e9gr\u00e9 provenant d\u2019autres sites web se comporte exactement de la m\u00eame mani\u00e8re que si le visiteur avait visit\u00e9 l\u2019autre site web.<\/p>\n\n\n\n<p>Ces sites web peuvent collecter des donn\u00e9es vous concernant, utiliser des cookies, int\u00e9grer un suivi de tiers suppl\u00e9mentaire et surveiller votre interaction avec ce contenu int\u00e9gr\u00e9, y compris suivre votre interaction avec le contenu int\u00e9gr\u00e9 si vous avez un compte et \u00eates connect\u00e9 \u00e0 ce site web.<\/p>\n\n\n\n<h2 class=\"wp-block-heading\">Avec qui nous partageons vos donn\u00e9es<\/h2>\n\n\n\n<p>Si vous demandez une r\u00e9initialisation de mot de passe, votre adresse IP sera incluse dans l'e-mail de r\u00e9initialisation.<\/p>\n\n\n\n<h2 class=\"wp-block-heading\">Combien de temps nous conservons vos donn\u00e9es<\/h2>\n\n\n\n<p>Si vous laissez un commentaire, le commentaire et ses m\u00e9tadonn\u00e9es seront conserv\u00e9s ind\u00e9finiment. Cela nous permet de reconna\u00eetre et d'approuver automatiquement les commentaires de suivi au lieu de les garder dans une file de mod\u00e9ration.<\/p>\n\n\n\n<p>Pour les utilisateurs qui s'inscrivent sur notre site web (si applicable), nous stockons \u00e9galement les informations personnelles qu'ils fournissent dans leur profil utilisateur. Tous les utilisateurs peuvent consulter, modifier ou supprimer leurs informations personnelles \u00e0 tout moment (\u00e0 l'exception de leur nom d'utilisateur). Les administrateurs du site peuvent \u00e9galement voir et modifier ces informations.<\/p>\n\n\n\n<h2 class=\"wp-block-heading\">Quels droits vous avez sur vos donn\u00e9es<\/h2>\n\n\n\n<p>Si vous avez un compte sur ce site ou si vous avez laiss\u00e9 des commentaires, vous pouvez demander \u00e0 recevoir un fichier export\u00e9 des donn\u00e9es personnelles que nous d\u00e9tenons vous concernant, y compris toutes les donn\u00e9es que vous nous avez fournies. Vous pouvez \u00e9galement demander que nous effacions toutes les donn\u00e9es personnelles que nous d\u00e9tenons vous concernant. Cela n'inclut pas les donn\u00e9es que nous sommes oblig\u00e9s de conserver pour des raisons administratives, l\u00e9gales ou de s\u00e9curit\u00e9.<\/p>\n\n\n\n<h2 class=\"wp-block-heading\">O\u00f9 vos donn\u00e9es sont envoy\u00e9es<\/h2>\n\n\n\n<p>Les commentaires des visiteurs peuvent \u00eatre v\u00e9rifi\u00e9s par un service automatis\u00e9 de d\u00e9tection de spam.<\/p>\n\n\n\n<p>Nous collectons des informations vous concernant pendant le processus de paiement sur notre boutique.<\/p>\n\n\n\n<h2 class=\"wp-block-heading\">Ce que nous collectons et stockons<\/h2>\n\n\n\n<p>Pendant que vous visitez notre site, nous suivrons:<\/p>\n\n\n\n<ul class=\"wp-block-list\">\n<li>Produits que vous avez consult\u00e9s : nous utiliserons cela pour, par exemple, vous montrer les produits que vous avez r\u00e9cemment consult\u00e9s<\/li>\n\n\n\n<li>Emplacement, adresse IP et type de navigateur : nous utiliserons cela \u00e0 des fins telles que l'estimation des taxes et des frais de livraison<\/li>\n\n\n\n<li>Adresse de livraison : nous vous demanderons de la saisir afin que nous puissions, par exemple, estimer les frais de livraison avant que vous ne passiez une commande et vous envoyer la commande !<\/li>\n<\/ul>\n\n\n\n<p>Nous utiliserons \u00e9galement des cookies pour suivre le contenu du panier pendant que vous naviguez sur notre site.<\/p>\n\n\n\n<p>Lorsque vous achetez chez nous, nous vous demanderons de fournir des informations, y compris votre nom, adresse de facturation, adresse de livraison, adresse e-mail, num\u00e9ro de t\u00e9l\u00e9phone, d\u00e9tails de carte de cr\u00e9dit\/paiement et informations de compte facultatives telles que le nom d'utilisateur et le mot de passe. Nous utiliserons ces informations \u00e0 des fins telles que :<\/p>\n\n\n\n<ul class=\"wp-block-list\">\n<li>Nous vous enverrons des informations concernant votre compte et votre commande<\/li>\n\n\n\n<li>Nous r\u00e9pondrons \u00e0 vos demandes, y compris les remboursements et les plaintes<\/li>\n\n\n\n<li>Traiter les paiements et pr\u00e9venir la fraude<\/li>\n\n\n\n<li>Configurez votre compte pour notre boutique<\/li>\n\n\n\n<li>Respecter toutes les obligations l\u00e9gales que nous avons, telles que le calcul des taxes<\/li>\n\n\n\n<li>Am\u00e9liorer les offres de notre magasin<\/li>\n\n\n\n<li>Vous envoyer des messages marketing, si vous choisissez de les recevoir<\/li>\n<\/ul>\n\n\n\n<p>Si vous cr\u00e9ez un compte, nous stockerons votre nom, adresse, e-mail et num\u00e9ro de t\u00e9l\u00e9phone, qui seront utilis\u00e9s pour remplir automatiquement le processus de paiement pour les commandes futures.<\/p>\n\n\n\n<p>Nous stockons g\u00e9n\u00e9ralement des informations vous concernant aussi longtemps que nous en avons besoin pour les fins pour lesquelles nous les recueillons et les utilisons, et tant que nous ne sommes pas l\u00e9galement oblig\u00e9s de les conserver. Par exemple, nous conserverons les informations de commande pendant XXX ann\u00e9es \u00e0 des fins fiscales et comptables. Cela inclut votre nom, votre adresse e-mail ainsi que vos adresses de facturation et de livraison.<\/p>\n\n\n\n<p>Nous stockerons \u00e9galement les commentaires ou avis, si vous choisissez de les laisser.<\/p>\n\n\n\n<h2 class=\"wp-block-heading\">Qui est le responsable du traitement des donn\u00e9es ?<\/h2>\n\n\n\n<p><strong>Responsable du traitement des donn\u00e9es personnelles<\/strong><\/p>\n\n\n\n<p>Les responsables du traitement de vos donn\u00e9es personnelles sont les partenaires qui exercent leur activit\u00e9 sous la forme d'une soci\u00e9t\u00e9 civile sous le nom :<\/p>\n\n\n\n<p><strong>TOOLING SYSTEMS S.C. M.P. STASZAK<\/strong><br>ul. T. Ko\u015bciuszki 78A\/15, 62-030 Lubo\u0144<br>NIP: 7831701766, REGON: 302485475<\/p>\n\n\n\n<p>Les partenaires de l'entreprise, qui agissent en tant que co-responsables du traitement des donn\u00e9es personnelles, sont :<\/p>\n\n\n\n<p><strong>Piotr Staszak<\/strong>qui exercent leur activit\u00e9 sous le nom&nbsp;<em>TOOLING SYSTEMS Piotr Staszak<\/em><br>NIP: 7772109628, REGON: 302456462<\/p>\n\n\n\n<p><strong>Marzena Staszak<\/strong>qui exercent leur activit\u00e9 sous le nom&nbsp;<em>TOOLING SYSTEMS PRECYZYJNE NARZ\u0118DZIA SKRAWAJ\u0104CE Marzena Staszak<\/em><br>NIP: 5571509610, REGON: 302275915<\/p>\n\n\n\n<p>En ce qui concerne le traitement des donn\u00e9es personnelles, vous pouvez nous contacter :<\/p>\n\n\n\n<p>par courrier postal :&nbsp;<strong>TOOLING SYSTEMS S.C., ul. T. Ko\u015bciuszki 78A\/15, 62-030 Lubo\u0144<\/strong><\/p>\n\n\n\n<p>par e-mail :&nbsp;<strong><a class=\"\">biuro@toolingsystems.pl<\/a><\/strong>&nbsp;or&nbsp;<strong><a class=\"\">store@eternalumina.com<\/a><\/strong><\/p>\n\n\n\n<p>Le Responsable du traitement a d\u00e9sign\u00e9 un D\u00e9l\u00e9gu\u00e9 \u00e0 la protection des donn\u00e9es, Piotr Staszak.<br><br>Le D\u00e9l\u00e9gu\u00e9 \u00e0 la protection des donn\u00e9es peut \u00eatre contact\u00e9 via :<\/p>\n\n\n\n<ul class=\"wp-block-list\">\n<li>by e-mail to the following address:\u00a0pstaszak@toolingsystems.pl,<\/li>\n\n\n\n<li>par t\u00e9l\u00e9phone :<\/li>\n\n\n\n<li>ou par \u00e9crit \u00e0 l'adresse suivante :<\/li>\n<\/ul>\n\n\n\n<p>Vous pouvez contacter le D\u00e9l\u00e9gu\u00e9 \u00e0 la protection des donn\u00e9es pour toutes les questions relatives au traitement des donn\u00e9es personnelles.<\/p>\n\n\n\n<h2 class=\"wp-block-heading\">Ce que nous partageons avec d'autres<\/h2>\n\n\n\n<p>Nous partageons des informations avec des tiers qui nous aident \u00e0 vous fournir nos services de commandes et de magasin.<\/p>\n\n\n\n<p>Des informations d\u00e9taill\u00e9es peuvent \u00eatre trouv\u00e9es dans notre <a href=\"https:\/\/eternalumina.com\/fr\/cookie-policy-eu\/\" data-type=\"page\" data-id=\"1175\">Politique de Cookies (UE)<\/a><\/p>\n\n\n\n<h3 class=\"wp-block-heading\">Paiements<\/h3>\n\n\n\n<p>Nous acceptons les paiements via les passerelles de paiement PayPal et AUTOPAY. <\/p>\n\n\n\n<p>Lors du traitement des paiements, certaines de vos donn\u00e9es seront transmises \u00e0 PayPal, y compris les informations n\u00e9cessaires pour traiter ou soutenir le paiement, telles que le montant total de l'achat et les informations de facturation.<\/p>\n\n\n\n<p>Please see the&nbsp;<a href=\"https:\/\/www.paypal.com\/us\/webapps\/mpp\/ua\/privacy-full\">Politique de confidentialit\u00e9 de PayPal<\/a>&nbsp;for more details.<\/p>\n\n\n\n<p>Nous collectons des informations vous concernant pendant le processus de paiement sur notre boutique.<\/p>\n\n\n\n<h2 class=\"wp-block-heading\"><\/h2>","protected":false},"excerpt":{"rendered":"<p>Who we are Our website address is: https:\/\/eternalumina.com. Comments When visitors leave comments on the site we collect the data shown in the comments form, and also the visitor\u2019s IP address and browser user agent string to help spam detection. An anonymised string created from your email address (also called a hash) may be provided&#8230;<\/p>","protected":false},"author":1,"featured_media":0,"parent":0,"menu_order":0,"comment_status":"closed","ping_status":"closed","template":"","meta":{"_seopress_robots_primary_cat":"","_seopress_titles_title":"Privacy Policy","_seopress_titles_desc":"We value your privacy. Read our comprehensive privacy policy to understand how we collect, use, and protect your personal information.","_seopress_robots_index":"","_kadence_starter_templates_imported_post":false,"_kad_post_transparent":"","_kad_post_title":"","_kad_post_layout":"","_kad_post_sidebar_id":"","_kad_post_content_style":"","_kad_post_vertical_padding":"","_kad_post_feature":"","_kad_post_feature_position":"","_kad_post_header":false,"_kad_post_footer":false,"_kad_post_classname":"","footnotes":""},"class_list":["post-350","page","type-page","status-publish","hentry"],"_links":{"self":[{"href":"https:\/\/eternalumina.com\/fr\/wp-json\/wp\/v2\/pages\/350","targetHints":{"allow":["GET"]}}],"collection":[{"href":"https:\/\/eternalumina.com\/fr\/wp-json\/wp\/v2\/pages"}],"about":[{"href":"https:\/\/eternalumina.com\/fr\/wp-json\/wp\/v2\/types\/page"}],"author":[{"embeddable":true,"href":"https:\/\/eternalumina.com\/fr\/wp-json\/wp\/v2\/users\/1"}],"replies":[{"embeddable":true,"href":"https:\/\/eternalumina.com\/fr\/wp-json\/wp\/v2\/comments?post=350"}],"version-history":[{"count":8,"href":"https:\/\/eternalumina.com\/fr\/wp-json\/wp\/v2\/pages\/350\/revisions"}],"predecessor-version":[{"id":1958,"href":"https:\/\/eternalumina.com\/fr\/wp-json\/wp\/v2\/pages\/350\/revisions\/1958"}],"wp:attachment":[{"href":"https:\/\/eternalumina.com\/fr\/wp-json\/wp\/v2\/media?parent=350"}],"curies":[{"name":"wp","href":"https:\/\/api.w.org\/{rel}","templated":true}]}}