{"id":760,"date":"2024-11-06T01:41:04","date_gmt":"2024-11-06T00:41:04","guid":{"rendered":"https:\/\/eternalumina.com\/?page_id=760"},"modified":"2025-04-14T14:06:36","modified_gmt":"2025-04-14T12:06:36","slug":"charity","status":"publish","type":"page","link":"https:\/\/eternalumina.com\/fr\/charity\/","title":{"rendered":"Charit\u00e9"},"content":{"rendered":"<h2 class=\"wp-block-heading\">Le projet Eterna Lumina a son propre Ange <\/h2>\n\n\n\n<p><\/p>\n\n\n\n<pre class=\"wp-block-verse\">Tout ce que nous faisons ici est d\u00e9di\u00e9 \u00e0 notre bien-aim\u00e9 Max, que nous avons perdu. Chaque id\u00e9e qui a \u00e9merg\u00e9 et commenc\u00e9 \u00e0 prendre forme dans la r\u00e9alit\u00e9 est enracin\u00e9e dans la douleur profonde de cette perte que nous ne pourrons jamais r\u00e9cup\u00e9rer ici sur Terre.<br><br>Bien qu\u2019Eterna Lumina soit un projet commercial, nous avons d\u00e9cid\u00e9 qu\u2019au moins 10\u202f% des b\u00e9n\u00e9fices issus de la vente de nos bougies seront consacr\u00e9s \u00e0 soutenir directement les jeunes confront\u00e9s \u00e0 des probl\u00e8mes de sant\u00e9 mentale, en particulier la d\u00e9pression et les troubles bipolaires (sous forme de cofinancement des co\u00fbts de psychoth\u00e9rapie et\/ou de traitement psychiatrique). Malheureusement, nous savons par exp\u00e9rience que, pour le dire gentiment, le syst\u00e8me de sant\u00e9 publique en Pologne ne fonctionne pas comme il le devrait dans ce domaine.<br><br>Le projet en est encore \u00e0 ses d\u00e9buts et nous n'avons donc pas encore beaucoup de fonds \u00e0 partager. Cependant, nous mettrons cette section \u00e0 jour au fil du temps afin de vous tenir inform\u00e9s de la mani\u00e8re dont nous utilisons ces fonds pour aider les personnes dans le besoin.<br><br>Oui, nous avons intentionnellement cach\u00e9 ces informations sous un bouton, en supposant que seules quelques personnes voudraient atteindre ce point et les lire. Mais si vous l'avez fait, cela signifie probablement que le projet a trouv\u00e9 un \u00e9cho plus profond en vous.<br><br>Nous esp\u00e9rons que vous croiserez les doigts pour nous.<br><br>Tous nos v\u0153ux de r\u00e9ussite,  <br><br>Piotr et Marzena<\/pre>\n\n\n\n<p><\/p>","protected":false},"excerpt":{"rendered":"<p>The Eterna Lumina project has got it`s own Angel Everything we do here is dedicated to our beloved Max, whom we lost. Every idea that has emerged and started to take shape in reality is rooted in the deep pain of that loss we can never reclaim here on Earth.Although Eterna Lumina is a commercial&#8230;<\/p>","protected":false},"author":1,"featured_media":0,"parent":0,"menu_order":0,"comment_status":"closed","ping_status":"closed","template":"","meta":{"_seopress_robots_primary_cat":"","_seopress_titles_title":"Charity - Eterna Lumina","_seopress_titles_desc":"Join Eterna Lumina in creating a lasting legacy for loved ones through heartfelt charitable initiatives. Together, we can transform loss into hope.","_seopress_robots_index":"","_kadence_starter_templates_imported_post":false,"_kad_post_transparent":"","_kad_post_title":"","_kad_post_layout":"","_kad_post_sidebar_id":"","_kad_post_content_style":"","_kad_post_vertical_padding":"","_kad_post_feature":"","_kad_post_feature_position":"","_kad_post_header":false,"_kad_post_footer":false,"_kad_post_classname":"","footnotes":""},"class_list":["post-760","page","type-page","status-publish","hentry"],"_links":{"self":[{"href":"https:\/\/eternalumina.com\/fr\/wp-json\/wp\/v2\/pages\/760","targetHints":{"allow":["GET"]}}],"collection":[{"href":"https:\/\/eternalumina.com\/fr\/wp-json\/wp\/v2\/pages"}],"about":[{"href":"https:\/\/eternalumina.com\/fr\/wp-json\/wp\/v2\/types\/page"}],"author":[{"embeddable":true,"href":"https:\/\/eternalumina.com\/fr\/wp-json\/wp\/v2\/users\/1"}],"replies":[{"embeddable":true,"href":"https:\/\/eternalumina.com\/fr\/wp-json\/wp\/v2\/comments?post=760"}],"version-history":[{"count":36,"href":"https:\/\/eternalumina.com\/fr\/wp-json\/wp\/v2\/pages\/760\/revisions"}],"predecessor-version":[{"id":1955,"href":"https:\/\/eternalumina.com\/fr\/wp-json\/wp\/v2\/pages\/760\/revisions\/1955"}],"wp:attachment":[{"href":"https:\/\/eternalumina.com\/fr\/wp-json\/wp\/v2\/media?parent=760"}],"curies":[{"name":"wp","href":"https:\/\/api.w.org\/{rel}","templated":true}]}}