{"id":2465,"date":"2026-01-31T19:35:57","date_gmt":"2026-01-31T18:35:57","guid":{"rendered":"https:\/\/eternalumina.com\/?post_type=product&#038;p=2465"},"modified":"2026-02-26T22:08:55","modified_gmt":"2026-02-26T21:08:55","slug":"refillable-memorial-candle-eterna-lumina-matt-gold-laser-engraving-heart-cross","status":"publish","type":"product","link":"https:\/\/eternalumina.com\/fr\/store\/refillable-memorial-candle-eterna-lumina-matt-gold-laser-engraving-heart-cross\/","title":{"rendered":"Bougie comm\u00e9morative rechargeable ETERNA LUMINA, or mat, gravure laser : c\u0153ur\/croix"},"content":{"rendered":"<p style=\"text-align: center;\"><strong><span class=\"\">Bougie comm\u00e9morative rechargeable avec m\u00e8che en coton r\u00e9glable, rechargeable avec paraffine liquide, fabriqu\u00e9e en aluminium anodis\u00e9 \u2013 or mat, gravure laser \u2013 motif sans d\u00e9dicace.<\/span><\/strong><\/p>\n<p><strong>REMARQUES: <\/strong><\/p>\n<ul>\n<li>The product is not filled with oil, paraffin oil to fill the candle must be purchased separately.<\/li>\n<li>Lantern is not included but it is a suggested set to our olive candle, must be purchased separately (even though we may release some photos or videos with those products together)<\/li>\n<li>It is not possible to return permanently personalized products made to special order.<\/li>\n<\/ul>\n<p><strong>SAFETY NOTES:<\/strong><\/p>\n<ul>\n<li><span class=\"OYPEnA font-feature-liga-off font-feature-clig-off font-feature-calt-off text-decoration-none text-strikethrough-none\">do not leave a lit candle unattended<\/span><\/li>\n<li><span class=\"OYPEnA font-feature-liga-off font-feature-clig-off font-feature-calt-off text-decoration-none text-strikethrough-none\">refill the fuel only when the candle is not burning and has cooled down<\/span><\/li>\n<li><span class=\"OYPEnA font-feature-liga-off font-feature-clig-off font-feature-calt-off text-decoration-none text-strikethrough-none\">keep candles away from flammable objects<\/span><\/li>\n<li><span class=\"OYPEnA font-feature-liga-off font-feature-clig-off font-feature-calt-off text-decoration-none text-strikethrough-none\">Placez la bougie sur une surface plane et stable.<\/span><\/li>\n<li><span class=\"OYPEnA font-feature-liga-off font-feature-clig-off font-feature-calt-off text-decoration-none text-strikethrough-none\">Garder hors de port\u00e9e des enfants en raison du risque de br\u00fblures.<\/span><\/li>\n<li><span class=\"OYPEnA font-feature-liga-off font-feature-clig-off font-feature-calt-off text-decoration-none text-strikethrough-none\">only to be used in cemeteries, outdoors<\/span><\/li>\n<li><span class=\"OYPEnA font-feature-liga-off font-feature-clig-off font-feature-calt-off text-decoration-none text-strikethrough-none\">use in a suitable lantern<\/span><\/li>\n<\/ul>\n<p><strong>Fabriqu\u00e9 en Pologne\u00a0<\/strong><strong>Dessin ou mod\u00e8le de l\u2019Union europ\u00e9enne enregistr\u00e9<\/strong><\/p>\n<p><strong><a href=\"https:\/\/euipo.europa.eu\/eSearch\/#details\/designs\/015069214-0001\/eRegister\" target=\"_blank\" rel=\"noopener\">Num\u00e9ro EUIPO 015069214-0001\/ date d'enregistrement 09\/08\/2024\/<\/a><\/strong><\/p>\n<pre style=\"text-align: center;\"><a title=\"Magasin\" href=\"https:\/\/eternalumina.com\/fr\/store\/\">Back to Store<\/a><\/pre>","protected":false},"excerpt":{"rendered":"<p><strong>Bougie comm\u00e9morative rechargeable - Version graphique grav\u00e9e<\/strong><br \/>\nStylish memorial candle crafted from anodized aluminum in a matte gold finish. Designed with an adjustable cotton wick and refillable with liquid paraffin (oil not included, to buy separately <a href=\"https:\/\/eternalumina.com\/fr\/kategoria-produktu\/consumables\/\">ici<\/a>). Id\u00e9al pour le cimeti\u00e8re et l'ext\u00e9rieur. Associez-le \u00e0 une lanterne pour obtenir un ensemble complet (lanternes vendues s\u00e9par\u00e9ment). <a href=\"https:\/\/eternalumina.com\/fr\/kategoria-produktu\/lanterns\/\">ici<\/a>).<\/p>\n<p><strong>Important :<\/strong> Les articles personnalis\u00e9s de fa\u00e7on permanente ne peuvent pas \u00eatre retourn\u00e9s.<\/p>\n<p><strong>Notes de s\u00e9curit\u00e9 :<\/strong> Ne laissez jamais une bougie allum\u00e9e sans surveillance. Ne la remplissez que lorsqu'elle est refroidie. Tenir \u00e0 l'\u00e9cart des objets inflammables et des enfants.<\/p>\n<p><strong>Fabriqu\u00e9 en Pologne\u00a0<\/strong><strong>Dessin ou mod\u00e8le de l\u2019Union europ\u00e9enne enregistr\u00e9<\/strong><\/p>\n<p><strong><a href=\"https:\/\/euipo.europa.eu\/eSearch\/#details\/designs\/015069214-0001\/eRegister\" target=\"_blank\" rel=\"noopener\">Num\u00e9ro EUIPO 015069214-0001\/ date d'enregistrement 09\/08\/2024\/<\/a><\/strong><\/p>","protected":false},"featured_media":2466,"comment_status":"open","ping_status":"closed","template":"","meta":{"_seopress_robots_primary_cat":"none","_seopress_titles_title":"Honor Loved Ones with ETERNA LUMINA's Modern Memorial Candle","_seopress_titles_desc":"Unique, modern and modest, reusable olive oil memorial candle by ETERNA LUMINA, that change the way you can mourn your loves ones. Made of anodised aluminium with laser engraving, 100% recyclable and enviroment-friendly, prevents from producing contaminated plastic wastes at cementieries due to it`s reusable feature. You just refill with the paraffin liquid oil, adjust the height of the knob and the flame lasts for about 72 hours.","_seopress_robots_index":"","_kadence_starter_templates_imported_post":false,"_kad_post_transparent":"default","_kad_post_title":"","_kad_post_layout":"default","_kad_post_sidebar_id":"","_kad_post_content_style":"default","_kad_post_vertical_padding":"default","_kad_post_feature":"","_kad_post_feature_position":"","_kad_post_header":false,"_kad_post_footer":false,"_kad_post_classname":""},"product_brand":[156],"product_cat":[135],"product_tag":[74,68,84,37,69,33,32,73,88,94,91,76,87,89,83,79,123,77,92,70,23,86,36,71,131,80,81,85,75,82,90,93,72,34,125,126,127,124,31,22,35,30,130,109,21,110,132,24],"class_list":{"0":"post-2465","1":"product","2":"type-product","3":"status-publish","4":"has-post-thumbnail","6":"product_brand-eternalumina","7":"product_cat-oil-refillable-memorial-candles","8":"product_tag-candle","9":"product_tag-devotional-articles","10":"product_tag-devotionalien","11":"product_tag-dewocjonalia","12":"product_tag-ecology","13":"product_tag-ekologia","14":"product_tag-eterna-lumina","15":"product_tag-eternal-light","16":"product_tag-ewiges-licht","17":"product_tag-gedenk-olivenkerze","18":"product_tag-grabsteinkerzen","19":"product_tag-grave-candle","20":"product_tag-kein-plastik","21":"product_tag-kerze","22":"product_tag-lampa-naftowa","23":"product_tag-memorial-olive-candle","24":"product_tag-memory-candle","25":"product_tag-modern-design","26":"product_tag-modernes-design","27":"product_tag-natural-flame","28":"product_tag-naturalny-plomien","29":"product_tag-naturliche-flamme","30":"product_tag-nie-dla-plastiku","31":"product_tag-no-to-plastic","32":"product_tag-nowoczesne-znicze","33":"product_tag-oil-candle","34":"product_tag-oil-lamp","35":"product_tag-okologie","36":"product_tag-olive-candle","37":"product_tag-olive-lamp","38":"product_tag-olivenkerze","39":"product_tag-petroleumlampe","40":"product_tag-recycling","41":"product_tag-recykling","42":"product_tag-remembrance-candles","43":"product_tag-remembrance-candles-for-funerals","44":"product_tag-remembrance-candles-for-loved-ones","45":"product_tag-reusable-memory-candle","46":"product_tag-swieto-zmarlych","47":"product_tag-wieczne-swiatlo","48":"product_tag-zero-waste","49":"product_tag-znicz","50":"product_tag-znicz-nagrobny","51":"product_tag-znicz-olejowy","52":"product_tag-znicz-oliwny","53":"product_tag-znicz-parafinowy","54":"product_tag-znicze-ekologiczne","55":"product_tag-znicze-nagrobkowe","56":"pa_burning-time-72h","57":"pa_capacity-250ml","58":"pa_color-laser-engraving-heart-cross","59":"pa_color-matt-black","60":"pa_condition-new","61":"pa_cotton-wick-additional-included-diameter-3mm-length-30cm","62":"pa_dimensions-diameter-60mm","63":"pa_dimensions-height-120mm","65":"first","66":"outofstock","67":"sale","68":"taxable","69":"shipping-taxable","70":"purchasable","71":"product-type-simple","72":"entry","73":"content-bg","74":"loop-entry"},"_links":{"self":[{"href":"https:\/\/eternalumina.com\/fr\/wp-json\/wp\/v2\/product\/2465","targetHints":{"allow":["GET"]}}],"collection":[{"href":"https:\/\/eternalumina.com\/fr\/wp-json\/wp\/v2\/product"}],"about":[{"href":"https:\/\/eternalumina.com\/fr\/wp-json\/wp\/v2\/types\/product"}],"replies":[{"embeddable":true,"href":"https:\/\/eternalumina.com\/fr\/wp-json\/wp\/v2\/comments?post=2465"}],"wp:featuredmedia":[{"embeddable":true,"href":"https:\/\/eternalumina.com\/fr\/wp-json\/wp\/v2\/media\/2466"}],"wp:attachment":[{"href":"https:\/\/eternalumina.com\/fr\/wp-json\/wp\/v2\/media?parent=2465"}],"wp:term":[{"taxonomy":"product_brand","embeddable":true,"href":"https:\/\/eternalumina.com\/fr\/wp-json\/wp\/v2\/product_brand?post=2465"},{"taxonomy":"product_cat","embeddable":true,"href":"https:\/\/eternalumina.com\/fr\/wp-json\/wp\/v2\/product_cat?post=2465"},{"taxonomy":"product_tag","embeddable":true,"href":"https:\/\/eternalumina.com\/fr\/wp-json\/wp\/v2\/product_tag?post=2465"}],"curies":[{"name":"wp","href":"https:\/\/api.w.org\/{rel}","templated":true}]}}