{"id":2467,"date":"2026-01-31T19:38:21","date_gmt":"2026-01-31T18:38:21","guid":{"rendered":"https:\/\/eternalumina.com\/?post_type=product&#038;p=2467"},"modified":"2026-02-28T20:15:44","modified_gmt":"2026-02-28T19:15:44","slug":"refillable-memorial-candle-eterna-lumina-matt-gold-laser-engraving-heart-cross-dedication","status":"publish","type":"product","link":"https:\/\/eternalumina.com\/fr\/store\/refillable-memorial-candle-eterna-lumina-matt-gold-laser-engraving-heart-cross-dedication\/","title":{"rendered":"Bougie comm\u00e9morative rechargeable ETERNA LUMINA, or mat, gravure laser : c\u0153ur\/croix + d\u00e9dicace"},"content":{"rendered":"<p style=\"text-align: center;\"><strong><span class=\"\">.<\/span><span class=\"\"> Bougie comm\u00e9morative avec m\u00e8che en coton r\u00e9glable, rechargeable avec paraffine liquide, fabriqu\u00e9e en aluminium anodis\u00e9 \u2013 or mat, gravure laser \u2013 motif et d\u00e9dicace personnalis\u00e9e (2\u20134 mots, p. ex. \u00ab Maman ador\u00e9e \u00bb, etc.).\nLa personnalisation prolonge le d\u00e9lai de livraison \u00e0 4\u20135 jours ouvrables. Le contenu de la d\u00e9dicace doit \u00eatre indiqu\u00e9 dans les commentaires lors de la commande.<\/span><\/strong><\/p>\n<p style=\"text-align: center;\"><strong>En raison du caract\u00e8re personnalis\u00e9 du produit, les articles r\u00e9alis\u00e9s sur commande sp\u00e9ciale ne peuvent pas \u00eatre retourn\u00e9s.<\/strong><\/p>\n<p><strong>REMARQUES: <\/strong><\/p>\n<ul>\n<li>The product is not filled with oil, paraffin oil to fill the candle must be purchased separately.<\/li>\n<li>Lantern is not included but it is a suggested set to our olive candle, must be purchased separately (even though we may release some photos or videos with those products together)<\/li>\n<li>It is not possible to return permanently personalized products made to special order.<\/li>\n<\/ul>\n<p><strong>SAFETY NOTES:<\/strong><\/p>\n<ul>\n<li><span class=\"OYPEnA font-feature-liga-off font-feature-clig-off font-feature-calt-off text-decoration-none text-strikethrough-none\">do not leave a lit candle unattended<\/span><\/li>\n<li><span class=\"OYPEnA font-feature-liga-off font-feature-clig-off font-feature-calt-off text-decoration-none text-strikethrough-none\">refill the fuel only when the candle is not burning and has cooled down<\/span><\/li>\n<li><span class=\"OYPEnA font-feature-liga-off font-feature-clig-off font-feature-calt-off text-decoration-none text-strikethrough-none\">keep candles away from flammable objects<\/span><\/li>\n<li><span class=\"OYPEnA font-feature-liga-off font-feature-clig-off font-feature-calt-off text-decoration-none text-strikethrough-none\">Placez la bougie sur une surface plane et stable.<\/span><\/li>\n<li><span class=\"OYPEnA font-feature-liga-off font-feature-clig-off font-feature-calt-off text-decoration-none text-strikethrough-none\">Garder hors de port\u00e9e des enfants en raison du risque de br\u00fblures.<\/span><\/li>\n<li><span class=\"OYPEnA font-feature-liga-off font-feature-clig-off font-feature-calt-off text-decoration-none text-strikethrough-none\">only to be used in cemeteries, outdoors<\/span><\/li>\n<li><span class=\"OYPEnA font-feature-liga-off font-feature-clig-off font-feature-calt-off text-decoration-none text-strikethrough-none\">use in a suitable lantern<\/span><\/li>\n<\/ul>\n<p><strong>Fabriqu\u00e9 en Pologne\u00a0<\/strong><strong>Dessin ou mod\u00e8le de l\u2019Union europ\u00e9enne enregistr\u00e9<\/strong><\/p>\n<p><strong><a href=\"https:\/\/euipo.europa.eu\/eSearch\/#details\/designs\/015069214-0001\/eRegister\" target=\"_blank\" rel=\"noopener\">Num\u00e9ro EUIPO 015069214-0001\/ date d'enregistrement 09\/08\/2024\/<\/a><\/strong><\/p>\n<pre style=\"text-align: center;\"><a title=\"Magasin\" href=\"https:\/\/eternalumina.com\/fr\/store\/\">Back to Store<\/a><\/pre>","protected":false},"excerpt":{"rendered":"<p><strong>Bougie comm\u00e9morative rechargeable - Version personnalis\u00e9e<\/strong><br \/>\nElegant and customizable memorial candle crafted from anodized aluminum in a matte gold finish. Designed with an adjustable cotton wick and refillable with liquid paraffin (oil not included, to buy separately <a href=\"https:\/\/eternalumina.com\/fr\/kategoria-produktu\/consumables\/\">ici<\/a>). Id\u00e9al pour le cimeti\u00e8re et l'ext\u00e9rieur. Associez-le \u00e0 une lanterne pour obtenir un ensemble complet (lanternes vendues s\u00e9par\u00e9ment). <a href=\"https:\/\/eternalumina.com\/fr\/kategoria-produktu\/lanterns\/\">ici<\/a>). Personnalisez avec un graphique grav\u00e9 au laser et une d\u00e9dicace de deux mots (par exemple, \"Maman bien-aim\u00e9e\"). Note : La personnalisation ajoute 4 \u00e0 5 jours ouvrables \u00e0 la livraison.<\/p>\n<p><strong>Important :<\/strong> Les articles personnalis\u00e9s ne peuvent pas \u00eatre retourn\u00e9s. Les d\u00e9tails de la d\u00e9dicace doivent \u00eatre indiqu\u00e9s dans les commentaires de la commande. Lanterne vendue s\u00e9par\u00e9ment pour un ensemble complet.<\/p>\n<p><strong>Notes de s\u00e9curit\u00e9 :<\/strong> Ne laissez jamais une bougie allum\u00e9e sans surveillance. Ne la remplissez que lorsqu'elle est refroidie. Tenir \u00e0 l'\u00e9cart des objets inflammables et des enfants.<\/p>\n<p><strong>Made in Poland,\u00a0Registered European Union Design<\/strong><\/p>\n<p><strong><a title=\"EUIPO No. 015069214-0001\/ date d&#039;enregistrement 09\/08\/2024\/\" href=\"https:\/\/euipo.europa.eu\/eSearch\/#details\/designs\/015069214-0001\/eRegister\" target=\"_blank\" rel=\"noopener\">EUIPO No. 015069214-0001\/ date d'enregistrement 09\/08\/2024\/\u00a0<\/a><\/strong><\/p>","protected":false},"featured_media":2468,"comment_status":"open","ping_status":"closed","template":"","meta":{"_seopress_robots_primary_cat":"none","_seopress_titles_title":"ETERNA LUMINA: Modern Reusable Memorial Candle Design","_seopress_titles_desc":"Unique, modern and modest, reusable olive oil memorial candle by ETERNA LUMINA, that change the way you can mourn your loves ones. Made of anodised aluminium with laser engraving, 100% recyclable and enviroment-friendly, prevents from producing contaminated plastic wastes at cementieries due to it`s reusable feature. You just refill with the paraffin liquid oil, adjust the height of the knob and the flame lasts for about 72 hours.","_seopress_robots_index":"","_kadence_starter_templates_imported_post":false,"_kad_post_transparent":"default","_kad_post_title":"","_kad_post_layout":"default","_kad_post_sidebar_id":"","_kad_post_content_style":"default","_kad_post_vertical_padding":"default","_kad_post_feature":"","_kad_post_feature_position":"","_kad_post_header":false,"_kad_post_footer":false,"_kad_post_classname":""},"product_brand":[156],"product_cat":[135],"product_tag":[74,68,84,37,69,33,32,73,88,94,91,76,87,89,83,134,79,112,123,77,92,70,23,86,36,71,80,81,85,75,82,90,93,72,34,125,126,127,124,31,22,35,30,133,130,109,21,110,24],"class_list":{"0":"post-2467","1":"product","2":"type-product","3":"status-publish","4":"has-post-thumbnail","6":"product_brand-eternalumina","7":"product_cat-oil-refillable-memorial-candles","8":"product_tag-candle","9":"product_tag-devotional-articles","10":"product_tag-devotionalien","11":"product_tag-dewocjonalia","12":"product_tag-ecology","13":"product_tag-ekologia","14":"product_tag-eterna-lumina","15":"product_tag-eternal-light","16":"product_tag-ewiges-licht","17":"product_tag-gedenk-olivenkerze","18":"product_tag-grabsteinkerzen","19":"product_tag-grave-candle","20":"product_tag-kein-plastik","21":"product_tag-kerze","22":"product_tag-lampa-naftowa","23":"product_tag-memorial-candle","24":"product_tag-memorial-olive-candle","25":"product_tag-memorial-olive-oil-candle","26":"product_tag-memory-candle","27":"product_tag-modern-design","28":"product_tag-modernes-design","29":"product_tag-natural-flame","30":"product_tag-naturalny-plomien","31":"product_tag-naturliche-flamme","32":"product_tag-nie-dla-plastiku","33":"product_tag-no-to-plastic","34":"product_tag-oil-candle","35":"product_tag-oil-lamp","36":"product_tag-okologie","37":"product_tag-olive-candle","38":"product_tag-olive-lamp","39":"product_tag-olivenkerze","40":"product_tag-petroleumlampe","41":"product_tag-recycling","42":"product_tag-recykling","43":"product_tag-remembrance-candles","44":"product_tag-remembrance-candles-for-funerals","45":"product_tag-remembrance-candles-for-loved-ones","46":"product_tag-reusable-memory-candle","47":"product_tag-swieto-zmarlych","48":"product_tag-wieczne-swiatlo","49":"product_tag-zero-waste","50":"product_tag-znicz","51":"product_tag-znicz-ekologiczny","52":"product_tag-znicz-nagrobny","53":"product_tag-znicz-olejowy","54":"product_tag-znicz-oliwny","55":"product_tag-znicz-parafinowy","56":"product_tag-znicze-nagrobkowe","57":"pa_burning-time-72h","58":"pa_capacity-250ml","59":"pa_color-laser-engraving-heart-cross","60":"pa_color-laser-engraving-personalised-dedication","61":"pa_color-matt-black","62":"pa_condition-new","63":"pa_cotton-wick-additional-included-diameter-3mm-length-30cm","64":"pa_dimensions-diameter-60mm","65":"pa_dimensions-height-120mm","67":"first","68":"instock","69":"sale","70":"taxable","71":"shipping-taxable","72":"purchasable","73":"product-type-simple","74":"entry","75":"content-bg","76":"loop-entry"},"_links":{"self":[{"href":"https:\/\/eternalumina.com\/fr\/wp-json\/wp\/v2\/product\/2467","targetHints":{"allow":["GET"]}}],"collection":[{"href":"https:\/\/eternalumina.com\/fr\/wp-json\/wp\/v2\/product"}],"about":[{"href":"https:\/\/eternalumina.com\/fr\/wp-json\/wp\/v2\/types\/product"}],"replies":[{"embeddable":true,"href":"https:\/\/eternalumina.com\/fr\/wp-json\/wp\/v2\/comments?post=2467"}],"wp:featuredmedia":[{"embeddable":true,"href":"https:\/\/eternalumina.com\/fr\/wp-json\/wp\/v2\/media\/2468"}],"wp:attachment":[{"href":"https:\/\/eternalumina.com\/fr\/wp-json\/wp\/v2\/media?parent=2467"}],"wp:term":[{"taxonomy":"product_brand","embeddable":true,"href":"https:\/\/eternalumina.com\/fr\/wp-json\/wp\/v2\/product_brand?post=2467"},{"taxonomy":"product_cat","embeddable":true,"href":"https:\/\/eternalumina.com\/fr\/wp-json\/wp\/v2\/product_cat?post=2467"},{"taxonomy":"product_tag","embeddable":true,"href":"https:\/\/eternalumina.com\/fr\/wp-json\/wp\/v2\/product_tag?post=2467"}],"curies":[{"name":"wp","href":"https:\/\/api.w.org\/{rel}","templated":true}]}}