{"id":725,"date":"2024-11-01T01:41:02","date_gmt":"2024-11-01T00:41:02","guid":{"rendered":"https:\/\/eternalumina.com\/?post_type=product&#038;p=725"},"modified":"2026-04-10T17:19:47","modified_gmt":"2026-04-10T15:19:47","slug":"znicz-oliwny-refillable-memorial-candle-eterna-lumina-matt-silver-basic","status":"publish","type":"product","link":"https:\/\/eternalumina.com\/fr\/store\/znicz-oliwny-refillable-memorial-candle-eterna-lumina-matt-silver-basic\/","title":{"rendered":"Bougie comm\u00e9morative rechargeable ETERNA LUMINA, argent mat, basic"},"content":{"rendered":"<p style=\"text-align: center;\"><strong>Bougie comm\u00e9morative rechargeable avec m\u00e8che en coton r\u00e9glable, rechargeable avec de la paraffine liquide, fabriqu\u00e9e en aluminium anodis\u00e9 \u2013 couleur noir mat, version de base (sans gravure laser, sans d\u00e9dicace).<\/strong><\/p>\n<p><strong>NOTE:<\/strong><\/p>\n<ul>\n<li>The product is not filled with oil, paraffin oil to fill the candle must be purchased separately.<\/li>\n<li>Lantern is not included but it is a suggested set to our olive candle, must be purchased separately (even though we may release some photos or videos with those products together)<\/li>\n<\/ul>\n<p><strong>SAFETY NOTES:<\/strong><\/p>\n<ul>\n<li><span class=\"OYPEnA font-feature-liga-off font-feature-clig-off font-feature-calt-off text-decoration-none text-strikethrough-none\">do not leave a lit candle unattended<\/span><\/li>\n<li><span class=\"OYPEnA font-feature-liga-off font-feature-clig-off font-feature-calt-off text-decoration-none text-strikethrough-none\">refill the fuel only when the candle is not burning and has cooled down<\/span><\/li>\n<li><span class=\"OYPEnA font-feature-liga-off font-feature-clig-off font-feature-calt-off text-decoration-none text-strikethrough-none\">keep candles away from flammable objects<\/span><\/li>\n<li><span class=\"OYPEnA font-feature-liga-off font-feature-clig-off font-feature-calt-off text-decoration-none text-strikethrough-none\">Placez la bougie sur une surface plane et stable.<\/span><\/li>\n<li><span class=\"OYPEnA font-feature-liga-off font-feature-clig-off font-feature-calt-off text-decoration-none text-strikethrough-none\"><span class=\"VIpgJd-yAWNEb-VIpgJd-fmcmS-sn54Q\">Garder hors de port\u00e9e des enfants en raison du risque de br\u00fblures.<\/span><\/span><\/li>\n<li><span class=\"OYPEnA font-feature-liga-off font-feature-clig-off font-feature-calt-off text-decoration-none text-strikethrough-none\">only to be used in cemeteries, outdoors<\/span><\/li>\n<li><span class=\"OYPEnA font-feature-liga-off font-feature-clig-off font-feature-calt-off text-decoration-none text-strikethrough-none\">use in a suitable lantern<\/span><\/li>\n<\/ul>\n<p><strong>Fabriqu\u00e9 en Pologne <\/strong><strong>Dessin ou mod\u00e8le de l\u2019Union europ\u00e9enne enregistr\u00e9<\/strong><\/p>\n<p><strong><a title=\"EUIPO No. 015069214-0001\/ date d&#039;enregistrement 09\/08\/2024\/\" href=\"https:\/\/euipo.europa.eu\/eSearch\/#details\/designs\/015069214-0001\/eRegister\" target=\"_blank\" rel=\"noopener\">EUIPO No. 015069214-0001\/ date d'enregistrement 09\/08\/2024\/\u00a0<\/a><\/strong><\/p>\n<pre style=\"text-align: center;\"><a title=\"Magasin\" href=\"https:\/\/eternalumina.com\/fr\/store\/\">Back to Store<\/a><\/pre>","protected":false},"excerpt":{"rendered":"<p><strong>Bougie comm\u00e9morative rechargeable - Version de base<\/strong><br \/>\nBougie comm\u00e9morative \u00e9l\u00e9gante et durable, fabriqu\u00e9e en aluminium anodis\u00e9 avec une finition argent\u00e9e mate. Con\u00e7ue avec une m\u00e8che en coton ajustable et rechargeable avec de la paraffine liquide (huile non incluse, \u00e0 acheter s\u00e9par\u00e9ment). <a href=\"https:\/\/eternalumina.com\/fr\/kategoria-produktu\/consumables\/\">ici<\/a>). Id\u00e9al pour le cimeti\u00e8re et l'ext\u00e9rieur. Associez-le \u00e0 une lanterne pour obtenir un ensemble complet (lanternes vendues s\u00e9par\u00e9ment). <a href=\"https:\/\/eternalumina.com\/fr\/kategoria-produktu\/lanterns\/\">ici<\/a>).<\/p>\n<p><strong>Notes de s\u00e9curit\u00e9 :<\/strong> Ne laissez jamais une bougie allum\u00e9e sans surveillance. Ne les remplissez que lorsqu'elles sont refroidies. Tenir \u00e0 l'\u00e9cart des objets inflammables et des enfants.<\/p>\n<p><strong>Fabriqu\u00e9 en Pologne <\/strong><strong>Dessin ou mod\u00e8le de l\u2019Union europ\u00e9enne enregistr\u00e9<\/strong><\/p>\n<p><strong><a title=\"EUIPO No. 015069214-0001\/ date d&#039;enregistrement 09\/08\/2024\/\" href=\"https:\/\/euipo.europa.eu\/eSearch\/#details\/designs\/015069214-0001\/eRegister\" target=\"_blank\" rel=\"noopener\">EUIPO No. 015069214-0001\/ date d'enregistrement 09\/08\/2024\/\u00a0<\/a><\/strong><\/p>","protected":false},"featured_media":2454,"comment_status":"open","ping_status":"closed","template":"","meta":{"_seopress_robots_primary_cat":"none","_seopress_titles_title":"Elegant Reusable Memorial Candle - ETERNA LUMINA","_seopress_titles_desc":"Unique, modern and modest, reusable olive oil memorial candle by ETERNA LUMINA, that change the way you can mourn your loves ones. Made of anodised aluminium with laser engraving, 100% recyclable and enviroment-friendly, prevents from producing contaminated plastic wastes at cementieries due to it`s reusable feature. You just refill with the paraffin liquid oil, adjust the height of the knob and the flame lasts for about 72 hours.","_seopress_robots_index":"","_kadence_starter_templates_imported_post":false,"_kad_post_transparent":"default","_kad_post_title":"","_kad_post_layout":"default","_kad_post_sidebar_id":"","_kad_post_content_style":"default","_kad_post_vertical_padding":"default","_kad_post_feature":"","_kad_post_feature_position":"","_kad_post_header":false,"_kad_post_footer":false,"_kad_post_classname":""},"product_brand":[156],"product_cat":[135],"product_tag":[74,68,84,37,69,33,32,73,88,94,129,128,91,76,87,89,83,79,112,123,77,92,70,23,86,36,71,131,80,81,85,75,82,90,93,72,34,125,126,127,124,31,22,35,30,130,109,21,110,24],"class_list":{"0":"post-725","1":"product","2":"type-product","3":"status-publish","4":"has-post-thumbnail","6":"product_brand-eternalumina","7":"product_cat-oil-refillable-memorial-candles","8":"product_tag-candle","9":"product_tag-devotional-articles","10":"product_tag-devotionalien","11":"product_tag-dewocjonalia","12":"product_tag-ecology","13":"product_tag-ekologia","14":"product_tag-eterna-lumina","15":"product_tag-eternal-light","16":"product_tag-ewiges-licht","17":"product_tag-gedenk-olivenkerze","18":"product_tag-gedenkkerze","19":"product_tag-gedenkkerzen","20":"product_tag-grabsteinkerzen","21":"product_tag-grave-candle","22":"product_tag-kein-plastik","23":"product_tag-kerze","24":"product_tag-lampa-naftowa","25":"product_tag-memorial-olive-candle","26":"product_tag-memorial-olive-oil-candle","27":"product_tag-memory-candle","28":"product_tag-modern-design","29":"product_tag-modernes-design","30":"product_tag-natural-flame","31":"product_tag-naturalny-plomien","32":"product_tag-naturliche-flamme","33":"product_tag-nie-dla-plastiku","34":"product_tag-no-to-plastic","35":"product_tag-nowoczesne-znicze","36":"product_tag-oil-candle","37":"product_tag-oil-lamp","38":"product_tag-okologie","39":"product_tag-olive-candle","40":"product_tag-olive-lamp","41":"product_tag-olivenkerze","42":"product_tag-petroleumlampe","43":"product_tag-recycling","44":"product_tag-recykling","45":"product_tag-remembrance-candles","46":"product_tag-remembrance-candles-for-funerals","47":"product_tag-remembrance-candles-for-loved-ones","48":"product_tag-reusable-memory-candle","49":"product_tag-swieto-zmarlych","50":"product_tag-wieczne-swiatlo","51":"product_tag-zero-waste","52":"product_tag-znicz","53":"product_tag-znicz-nagrobny","54":"product_tag-znicz-olejowy","55":"product_tag-znicz-oliwny","56":"product_tag-znicz-parafinowy","57":"product_tag-znicze-nagrobkowe","58":"pa_burning-time-72h","59":"pa_capacity-250ml","60":"pa_color-matt-silver","61":"pa_condition-new","62":"pa_cotton-wick-additional-included-diameter-3mm-length-30cm","63":"pa_dimensions-diameter-60mm","64":"pa_dimensions-height-120mm","66":"first","67":"instock","68":"sale","69":"taxable","70":"shipping-taxable","71":"purchasable","72":"product-type-simple","73":"entry","74":"content-bg","75":"loop-entry"},"_links":{"self":[{"href":"https:\/\/eternalumina.com\/fr\/wp-json\/wp\/v2\/product\/725","targetHints":{"allow":["GET"]}}],"collection":[{"href":"https:\/\/eternalumina.com\/fr\/wp-json\/wp\/v2\/product"}],"about":[{"href":"https:\/\/eternalumina.com\/fr\/wp-json\/wp\/v2\/types\/product"}],"replies":[{"embeddable":true,"href":"https:\/\/eternalumina.com\/fr\/wp-json\/wp\/v2\/comments?post=725"}],"wp:featuredmedia":[{"embeddable":true,"href":"https:\/\/eternalumina.com\/fr\/wp-json\/wp\/v2\/media\/2454"}],"wp:attachment":[{"href":"https:\/\/eternalumina.com\/fr\/wp-json\/wp\/v2\/media?parent=725"}],"wp:term":[{"taxonomy":"product_brand","embeddable":true,"href":"https:\/\/eternalumina.com\/fr\/wp-json\/wp\/v2\/product_brand?post=725"},{"taxonomy":"product_cat","embeddable":true,"href":"https:\/\/eternalumina.com\/fr\/wp-json\/wp\/v2\/product_cat?post=725"},{"taxonomy":"product_tag","embeddable":true,"href":"https:\/\/eternalumina.com\/fr\/wp-json\/wp\/v2\/product_tag?post=725"}],"curies":[{"name":"wp","href":"https:\/\/api.w.org\/{rel}","templated":true}]}}