{"id":760,"date":"2024-11-06T01:41:04","date_gmt":"2024-11-06T00:41:04","guid":{"rendered":"https:\/\/eternalumina.com\/?page_id=760"},"modified":"2025-04-14T14:06:36","modified_gmt":"2025-04-14T12:06:36","slug":"charity","status":"publish","type":"page","link":"https:\/\/eternalumina.com\/it\/charity\/","title":{"rendered":"La carit\u00e0"},"content":{"rendered":"<h2 class=\"wp-block-heading\">Il progetto Eterna Lumina ha un proprio Angelo <\/h2>\n\n\n\n<p><\/p>\n\n\n\n<pre class=\"wp-block-verse\">Tutto ci\u00f2 che facciamo qui \u00e8 dedicato al nostro amato Max, che abbiamo perso. Ogni idea che \u00e8 emersa e ha iniziato a prendere forma nella realt\u00e0 \u00e8 radicata nel profondo dolore di quella perdita che non potremo mai recuperare qui sulla Terra.<br><br>Sebbene Eterna Lumina sia un progetto commerciale, abbiamo deciso che almeno il 10\u202f% dei profitti derivanti dalla vendita delle nostre candele sar\u00e0 destinato a sostenere direttamente i giovani che affrontano difficolt\u00e0 legate alla salute mentale, in particolare depressione e disturbo bipolare (sotto forma di co-finanziamento per i costi della psicoterapia e\/o del trattamento psichiatrico). Purtroppo sappiamo per esperienza diretta che, per usare un eufemismo, il sistema sanitario pubblico in questo ambito in Polonia non funziona come dovrebbe.<br><br>Il progetto \u00e8 ancora nelle sue fasi iniziali, quindi non abbiamo ancora molti fondi da condividere. Tuttavia, aggiorneremo questa sezione nel tempo per tenervi informati su come e dove stiamo indirizzando questi fondi per aiutare chi ne ha bisogno.<br><br>S\u00ec, abbiamo intenzionalmente nascosto queste informazioni sotto un pulsante, supponendo che solo pochi vogliano arrivare a questo punto e leggerle. Ma se lo avete fatto, probabilmente significa che il progetto ha risuonato con voi a un livello pi\u00f9 profondo.<br><br>Ci auguriamo che teniate le dita incrociate per noi.<br><br>Tutto il meglio,  <br><br>Piotr e Marzena<\/pre>\n\n\n\n<p><\/p>","protected":false},"excerpt":{"rendered":"<p>The Eterna Lumina project has got it`s own Angel Everything we do here is dedicated to our beloved Max, whom we lost. Every idea that has emerged and started to take shape in reality is rooted in the deep pain of that loss we can never reclaim here on Earth.Although Eterna Lumina is a commercial&#8230;<\/p>","protected":false},"author":1,"featured_media":0,"parent":0,"menu_order":0,"comment_status":"closed","ping_status":"closed","template":"","meta":{"_seopress_robots_primary_cat":"","_seopress_titles_title":"Charity - Eterna Lumina","_seopress_titles_desc":"Join Eterna Lumina in creating a lasting legacy for loved ones through heartfelt charitable initiatives. Together, we can transform loss into hope.","_seopress_robots_index":"","_kadence_starter_templates_imported_post":false,"_kad_post_transparent":"","_kad_post_title":"","_kad_post_layout":"","_kad_post_sidebar_id":"","_kad_post_content_style":"","_kad_post_vertical_padding":"","_kad_post_feature":"","_kad_post_feature_position":"","_kad_post_header":false,"_kad_post_footer":false,"_kad_post_classname":"","footnotes":""},"class_list":["post-760","page","type-page","status-publish","hentry"],"_links":{"self":[{"href":"https:\/\/eternalumina.com\/it\/wp-json\/wp\/v2\/pages\/760","targetHints":{"allow":["GET"]}}],"collection":[{"href":"https:\/\/eternalumina.com\/it\/wp-json\/wp\/v2\/pages"}],"about":[{"href":"https:\/\/eternalumina.com\/it\/wp-json\/wp\/v2\/types\/page"}],"author":[{"embeddable":true,"href":"https:\/\/eternalumina.com\/it\/wp-json\/wp\/v2\/users\/1"}],"replies":[{"embeddable":true,"href":"https:\/\/eternalumina.com\/it\/wp-json\/wp\/v2\/comments?post=760"}],"version-history":[{"count":36,"href":"https:\/\/eternalumina.com\/it\/wp-json\/wp\/v2\/pages\/760\/revisions"}],"predecessor-version":[{"id":1955,"href":"https:\/\/eternalumina.com\/it\/wp-json\/wp\/v2\/pages\/760\/revisions\/1955"}],"wp:attachment":[{"href":"https:\/\/eternalumina.com\/it\/wp-json\/wp\/v2\/media?parent=760"}],"curies":[{"name":"wp","href":"https:\/\/api.w.org\/{rel}","templated":true}]}}