{"id":318,"date":"2024-10-19T00:49:21","date_gmt":"2024-10-18T22:49:21","guid":{"rendered":"https:\/\/eternalumina.com\/?page_id=318"},"modified":"2025-04-14T14:25:25","modified_gmt":"2025-04-14T12:25:25","slug":"gdpr-information-obligation","status":"publish","type":"page","link":"https:\/\/eternalumina.com\/pl\/gdpr-information-obligation\/","title":{"rendered":"Obowi\u0105zek informacyjny wynikaj\u0105cy z RODO"},"content":{"rendered":"<h1 class=\"wp-block-heading\">Obowi\u0105zek informacyjny wynikaj\u0105cy z RODO<\/h1>\n\n\n\n<p>Poni\u017csze informacje stanowi\u0105 zwi\u0119z\u0142e, zrozumia\u0142e i przejrzyste streszczenie informacji zawartych w&nbsp;<a href=\"https:\/\/eternalumina.com\/pl\/privacy-policy\/\">Polityce Prywatno\u015bci<\/a>&nbsp;w odniesieniu do Administratora danych osobowych, celu i sposobu przetwarzania danych osobowych oraz Pa\u0144stwa praw zwi\u0105zanych z tym przetwarzaniem, w formie wymaganej do spe\u0142nienia obowi\u0105zku informacyjnego wynikaj\u0105cego z RODO. Szczeg\u00f3\u0142y dotycz\u0105ce sposobu przetwarzania oraz podmiot\u00f3w bior\u0105cych udzia\u0142 w tym procesie s\u0105 dost\u0119pne w wskazanej polityce.<\/p>\n\n\n\n<h2 class=\"wp-block-heading\">Kim jest administrator danych osobowych?<\/h2>\n\n\n\n<p><strong>Administrator Danych Osobowych<\/strong><\/p>\n\n\n\n<p>Administratorami Pani\/Pana danych osobowych s\u0105 wsp\u00f3lnicy prowadz\u0105cy dzia\u0142alno\u015b\u0107 gospodarcz\u0105 w formie sp\u00f3\u0142ki cywilnej pod firm\u0105:<\/p>\n\n\n\n<p><strong>TOOLING SYSTEMS S.C. M.P. STASZAK<\/strong><br>ul. T. Ko\u015bciuszki 78A\/15, 62-030 Lubo\u0144<br>NIP: 7831701766, REGON: 302485475<\/p>\n\n\n\n<p>Wsp\u00f3lnikami sp\u00f3\u0142ki, kt\u00f3rzy pe\u0142ni\u0105 rol\u0119 wsp\u00f3\u0142administrator\u00f3w danych osobowych, s\u0105:<\/p>\n\n\n\n<p><strong>Piotr Staszak<\/strong>prowadz\u0105ca dzia\u0142alno\u015b\u0107 gospodarcz\u0105 pod firm\u0105 <em>TOOLING SYSTEMS Piotr Staszak<\/em><br>NIP: 7772109628, REGON: 302456462<\/p>\n\n\n\n<p><strong>Marzena Staszak<\/strong>prowadz\u0105ca dzia\u0142alno\u015b\u0107 gospodarcz\u0105 pod firm\u0105 <em>TOOLING SYSTEMS PRECYZYJNE NARZ\u0118DZIA SKRAWAJ\u0104CE Marzena Staszak<\/em><br>NIP: 5571509610, REGON: 302275915<\/p>\n\n\n\n<p>W sprawach dotycz\u0105cych przetwarzania danych osobowych mog\u0105 si\u0119 Pa\u0144stwo z nami skontaktowa\u0107:<\/p>\n\n\n\n<p>listownie: <strong>TOOLING SYSTEMS S.C., ul. T. Ko\u015bciuszki 78A\/15, 62-030 Lubo\u0144<\/strong><\/p>\n\n\n\n<p>za po\u015brednictwem poczty elektronicznej: <strong><a class=\"\">biuro@toolingsystems.pl<\/a><\/strong> or <strong><a class=\"\">store@eternalumina.com<\/a><\/strong><\/p>\n\n\n\n<p>Administrator wyznaczy\u0142 Inspektora Ochrony Danych, Piotra Staszaka.<br><br>Z Inspektorem mo\u017cna skontaktowa\u0107 si\u0119 za po\u015brednictwem:<\/p>\n\n\n\n<ul class=\"wp-block-list\">\n<li>by e-mail to the following address:&nbsp;pstaszak@toolingsystems.pl,<\/li>\n\n\n\n<li>telefonicznie:<\/li>\n\n\n\n<li>lub na pi\u015bmie na nast\u0119puj\u0105cy adres:<br><\/li>\n<\/ul>\n\n\n\n<p>Z Inspektorem Ochrony Danych mo\u017cna skontaktowa\u0107 si\u0119 we wszelkich sprawach dotycz\u0105cych przetwarzania danych osobowych.<\/p>\n\n\n\n<h2 class=\"wp-block-heading\">Sk\u0105d pozyskujemy dane osobowe i jakie s\u0105 ich \u017ar\u00f3d\u0142a?<\/h2>\n\n\n\n<p>Dane pozyskiwane s\u0105 z nast\u0119puj\u0105cych \u017ar\u00f3de\u0142:<\/p>\n\n\n\n<ul class=\"wp-block-list\">\n<li>od os\u00f3b, kt\u00f3rych dane dotycz\u0105<\/li>\n<\/ul>\n\n\n\n<h2 class=\"wp-block-heading\">Jaki jest zakres przetwarzanych przez nas danych osobowych?<\/h2>\n\n\n\n<p>Us\u0142uga przetwarza&nbsp;<strong>zwyk\u0142e dane osobowe<\/strong>&nbsp;dostarczone dobrowolnie przez osoby, kt\u00f3rych dane dotycz\u0105<br><small>(np. imi\u0119 i nazwisko, login, adres e-mail, numer telefonu, adres IP itp.)<\/small><\/p>\n\n\n\n<p>Szczeg\u00f3\u0142owy zakres przetwarzanych danych jest dost\u0119pny w&nbsp;<a href=\"https:\/\/eternalumina.com\/pl\/privacy-policy\/\">Polityce Prywatno\u015bci<\/a>&nbsp;.<\/p>\n\n\n\n<h2 class=\"wp-block-heading\">Jakie s\u0105 cele naszego przetwarzania danych?<\/h2>\n\n\n\n<p>Dane osobowe dobrowolnie przekazane przez U\u017cytkownik\u00f3w s\u0105 przetwarzane w jednym z nast\u0119puj\u0105cych cel\u00f3w:<\/p>\n\n\n\n<ul class=\"wp-block-list\">\n<li>Realizacja us\u0142ug elektronicznych:\n<ul class=\"wp-block-list\">\n<li>Us\u0142ugi zwi\u0105zane z rejestracj\u0105 i utrzymaniem konta U\u017cytkownika na Stronie internetowej oraz funkcjonalno\u015bci z tym zwi\u0105zane<\/li>\n\n\n\n<li>Us\u0142ugi newslettera (w tym wysy\u0142anie tre\u015bci reklamowych za zgod\u0105)<\/li>\n\n\n\n<li>Us\u0142ugi komentowania\/lajkowania wpis\u00f3w w Serwisie bez potrzeby rejestracji<\/li>\n<\/ul>\n<\/li>\n\n\n\n<li>Komunikacja pomi\u0119dzy Administratorem a U\u017cytkownikami w sprawach zwi\u0105zanych z Serwisem i ochron\u0105 danych<\/li>\n\n\n\n<li>Zapewnienie prawnie uzasadnionego interesu Administratora<\/li>\n<\/ul>\n\n\n\n<h2 class=\"wp-block-heading\">Jakie s\u0105 podstawy prawne przetwarzania danych?<\/h2>\n\n\n\n<p>Strona internetowa zbiera i przetwarza dane U\u017cytkownika na podstawie:<\/p>\n\n\n\n<ul class=\"wp-block-list\">\n<li>Rozporz\u0105dzenie (UE) 2016\/679 Parlamentu Europejskiego i Rady z dnia 27 kwietnia 2016 r. w sprawie ochrony os\u00f3b fizycznych w zwi\u0105zku z przetwarzaniem danych osobowych i w sprawie swobodnego przep\u0142ywu takich danych oraz uchylaj\u0105ce dyrektyw\u0119 95\/46\/WE (Og\u00f3lne rozporz\u0105dzenie o ochronie danych)\n<ul class=\"wp-block-list\">\n<li>Artyku\u0142 6 ust\u0119p 1 litera a<br><small>osoba, kt\u00f3rej dane dotycz\u0105, wyrazi\u0142a zgod\u0119 na przetwarzanie swoich danych osobowych w jednym lub wi\u0119cej okre\u015blonych celach<\/small><\/li>\n\n\n\n<li>Artyku\u0142 6 ust. 1 lit. b<br><small>przetwarzanie jest niezb\u0119dne do wykonania umowy, kt\u00f3rej stron\u0105 jest osoba, kt\u00f3rej dane dotycz\u0105, lub do podj\u0119cia dzia\u0142a\u0144 na \u017c\u0105danie osoby, kt\u00f3rej dane dotycz\u0105, przed zawarciem umowy<\/small><\/li>\n\n\n\n<li>Artyku\u0142 6 ust. 1 lit. f<br><small>przetwarzanie jest niezb\u0119dne dla cel\u00f3w prawnie uzasadnionych interes\u00f3w realizowanych przez administratora lub przez stron\u0119 trzeci\u0105<\/small><\/li>\n<\/ul>\n<\/li>\n\n\n\n<li>Ustawa z dnia 10 maja 2018 r. o ochronie danych osobowych (Dziennik Ustaw 2018, poz. 1000)<\/li>\n\n\n\n<li>Ustawa z dnia 16 lipca 2004 r. \u2013 Prawo telekomunikacyjne (Dziennik Ustaw 2004 nr 171, poz. 1800)<\/li>\n\n\n\n<li>Ustawa z dnia 4 lutego 1994 r. o prawie autorskim i prawach pokrewnych (Dziennik Ustaw 1994 nr 24, poz. 83)<\/li>\n<\/ul>\n\n\n\n<h2 class=\"wp-block-heading\">Jaki jest prawnie uzasadniony interes realizowany przez Administratora?<\/h2>\n\n\n\n<ul class=\"wp-block-list\">\n<li>W celu ustalenia, dochodzenia lub obrony przed roszczeniami, podstaw\u0105 prawn\u0105 przetwarzania jest nasz prawnie uzasadniony interes (Artyku\u0142 6 (1) (f) RODO) w ochronie naszych praw, w tym m.in.;<\/li>\n\n\n\n<li>W celu oceny ryzyka potencjalnych klient\u00f3w<\/li>\n\n\n\n<li>W celu oceny planowanych kampanii marketingowych<\/li>\n\n\n\n<li>W celu marketingu bezpo\u015bredniego<\/li>\n<\/ul>\n\n\n\n<h2 class=\"wp-block-heading\">Jak d\u0142ugo przetwarzamy dane osobowe?<\/h2>\n\n\n\n<p>Zasadniczo wskazane dane osobowe przechowywane s\u0105 tylko przez okres \u015bwiadczenia us\u0142ug w ramach us\u0142ugi prowadzonej przez Administratora. S\u0105 one usuwane lub anonimizowane w ci\u0105gu&nbsp;<strong>2 lata od zako\u0144czenia \u015bwiadczenia us\u0142ug<\/strong> (sprzeda\u017c) tak d\u0142ugo, jak obowi\u0105zuje gwarancja na zakupiony towar.<\/p>\n\n\n\n<p>W wyj\u0105tkowych przypadkach, w celu ochrony prawnie uzasadnionego interesu realizowanego przez Administratora, okres ten mo\u017ce zosta\u0107 przed\u0142u\u017cony. W takiej sytuacji Administrator b\u0119dzie przechowywa\u0142 wskazane dane, od momentu \u017c\u0105dania przez U\u017cytkownika ich usuni\u0119cia, przez nie d\u0142u\u017cej ni\u017c 3 lata w przypadku naruszenia lub podejrzenia naruszenia postanowie\u0144 regulaminu us\u0142ugi przez osob\u0119, kt\u00f3rej dane s\u0105 przetwarzane.<\/p>\n\n\n\n<h2 class=\"wp-block-heading\">Kto jest odbiorc\u0105 danych, w tym danych osobowych?<\/h2>\n\n\n\n<p>Zasadniczo jedynym odbiorc\u0105 danych jest Administrator.<\/p>\n\n\n\n<p>Jednak przetwarzanie danych mo\u017ce zosta\u0107 powierzone innym podmiotom, kt\u00f3re \u015bwiadcz\u0105 us\u0142ugi na rzecz Administratora w celu utrzymania funkcjonowania strony internetowej. Takie podmioty to mi\u0119dzy innymi:<\/p>\n\n\n\n<ul class=\"wp-block-list\">\n<li>Firmy hostingowe \u015bwiadcz\u0105ce us\u0142ugi hostingowe lub pokrewne na rzecz Administratora<\/li>\n\n\n\n<li>Firmy, przez kt\u00f3re \u015bwiadczona jest us\u0142uga Newslettera<\/li>\n<\/ul>\n\n\n\n<h2 class=\"wp-block-heading\">Czy Twoje dane osobowe zostan\u0105 przekazane poza Uni\u0119 Europejsk\u0105?<\/h2>\n\n\n\n<p>Dane osobowe&nbsp;<strong>nie b\u0119d\u0105 przekazane poza Uni\u0119 Europejsk\u0105<\/strong>&nbsp;chyba \u017ce zostan\u0105 opublikowane w wyniku indywidualnej czynno\u015bci U\u017cytkownika (np. dodania komentarza lub wpisu), co spowoduje, \u017ce dane b\u0119d\u0105 dost\u0119pne dla ka\u017cdej osoby odwiedzaj\u0105cej stron\u0119 internetow\u0105.<\/p>\n\n\n\n<h2 class=\"wp-block-heading\">Czy dane osobowe b\u0119d\u0105 podstaw\u0105 do podejmowania zautomatyzowanych decyzji?<\/h2>\n\n\n\n<p>Dane osobowe&nbsp;<strong>nie b\u0119d\u0105 wykorzystywane<\/strong>&nbsp;do podejmowania zautomatyzowanych decyzji (profilowanie).<\/p>\n\n\n\n<h2 class=\"wp-block-heading\">Jakie masz prawa w zwi\u0105zku z przetwarzaniem danych osobowych?<\/h2>\n\n\n\n<ul class=\"wp-block-list\">\n<li><strong>Prawo dost\u0119pu do danych osobowych<\/strong><br>U\u017cytkownicy maj\u0105 prawo dost\u0119pu do swoich danych osobowych, kt\u00f3re realizowane jest na wniosek z\u0142o\u017cony do Administratora<\/li>\n\n\n\n<li><strong>Prawo do poprawiania danych osobowych<\/strong><br>U\u017cytkownicy maj\u0105 prawo \u017c\u0105da\u0107 od Administratora niezw\u0142ocznego poprawienia danych osobowych, kt\u00f3re s\u0105 nieprawid\u0142owe i\/lub uzupe\u0142nienia niekompletnych danych osobowych, na podstawie wniosku z\u0142o\u017conego do Administratora<\/li>\n\n\n\n<li><strong>Prawo do usuni\u0119cia danych osobowych<\/strong><br>U\u017cytkownicy maj\u0105 prawo \u017c\u0105da\u0107 od Administratora niezw\u0142ocznego usuni\u0119cia danych osobowych, realizowane na podstawie wniosku z\u0142o\u017conego do Administratora<br><br>W przypadku kont u\u017cytkownik\u00f3w usuni\u0119cie danych polega na ich anonimizacji uniemo\u017cliwiaj\u0105cej identyfikacj\u0119 U\u017cytkownika<br><br>W przypadku us\u0142ugi Newsletter U\u017cytkownik ma mo\u017cliwo\u015b\u0107 samodzielnego usuni\u0119cia swoich danych osobowych za pomoc\u0105 linku umieszczonego w ka\u017cdej wys\u0142anej wiadomo\u015bci e-mail<\/li>\n\n\n\n<li><strong>Prawo do ograniczenia przetwarzania danych osobowych<\/strong><br>U\u017cytkownicy maj\u0105 prawo do ograniczenia przetwarzania danych osobowych w przypadkach wskazanych w art. 18 RODO, w tym kwestionowania prawid\u0142owo\u015bci danych osobowych, realizowane na podstawie wniosku z\u0142o\u017conego do Administratora<\/li>\n\n\n\n<li><strong>Prawo do przenoszenia danych osobowych<\/strong><br>U\u017cytkownicy maj\u0105 prawo do uzyskania od Administratora danych osobowych ich dotycz\u0105cych w ustrukturyzowanym, powszechnie u\u017cywanym formacie nadaj\u0105cym si\u0119 do odczytu maszynowego, realizowane na podstawie wniosku z\u0142o\u017conego do Administratora<\/li>\n\n\n\n<li><strong>Prawo do sprzeciwu wobec przetwarzania danych osobowych<\/strong><br>U\u017cytkownicy maj\u0105 prawo do sprzeciwu wobec przetwarzania swoich danych osobowych w przypadkach okre\u015blonych w art. 21 RODO, realizowane na podstawie wniosku z\u0142o\u017conego do Administratora<\/li>\n\n\n\n<li><strong>Prawo do wniesienia skargi<\/strong><br>U\u017cytkownicy maj\u0105 prawo do wniesienia skargi do organu nadzorczego odpowiedzialnego za ochron\u0119 danych osobowych<\/li>\n<\/ul>","protected":false},"excerpt":{"rendered":"<p>GDPR information obligation The information below is a concise, understandable and transparent summary of the information contained in&nbsp;the Privacy Policy&nbsp;regarding the Data Controller, the purpose and method of processing personal data and your rights in connection with this processing, in the form required to meet the information obligation of the GDPR. Details regarding the method&#8230;<\/p>","protected":false},"author":1,"featured_media":0,"parent":0,"menu_order":0,"comment_status":"closed","ping_status":"closed","template":"","meta":{"_seopress_robots_primary_cat":"","_seopress_titles_title":"GDPR Information Obligation","_seopress_titles_desc":"Learn about our GDPR information obligation and how we protect your privacy. Find out more about our data handling practices and your rights.","_seopress_robots_index":"","_kadence_starter_templates_imported_post":false,"_kad_post_transparent":"","_kad_post_title":"","_kad_post_layout":"","_kad_post_sidebar_id":"","_kad_post_content_style":"","_kad_post_vertical_padding":"","_kad_post_feature":"","_kad_post_feature_position":"","_kad_post_header":false,"_kad_post_footer":false,"_kad_post_classname":"","footnotes":""},"class_list":["post-318","page","type-page","status-publish","hentry"],"_links":{"self":[{"href":"https:\/\/eternalumina.com\/pl\/wp-json\/wp\/v2\/pages\/318","targetHints":{"allow":["GET"]}}],"collection":[{"href":"https:\/\/eternalumina.com\/pl\/wp-json\/wp\/v2\/pages"}],"about":[{"href":"https:\/\/eternalumina.com\/pl\/wp-json\/wp\/v2\/types\/page"}],"author":[{"embeddable":true,"href":"https:\/\/eternalumina.com\/pl\/wp-json\/wp\/v2\/users\/1"}],"replies":[{"embeddable":true,"href":"https:\/\/eternalumina.com\/pl\/wp-json\/wp\/v2\/comments?post=318"}],"version-history":[{"count":8,"href":"https:\/\/eternalumina.com\/pl\/wp-json\/wp\/v2\/pages\/318\/revisions"}],"predecessor-version":[{"id":1957,"href":"https:\/\/eternalumina.com\/pl\/wp-json\/wp\/v2\/pages\/318\/revisions\/1957"}],"wp:attachment":[{"href":"https:\/\/eternalumina.com\/pl\/wp-json\/wp\/v2\/media?parent=318"}],"curies":[{"name":"wp","href":"https:\/\/api.w.org\/{rel}","templated":true}]}}