{"id":350,"date":"2024-10-19T16:54:30","date_gmt":"2024-10-19T14:54:30","guid":{"rendered":"https:\/\/eternalumina.com\/?page_id=350"},"modified":"2025-04-14T16:57:08","modified_gmt":"2025-04-14T14:57:08","slug":"privacy-policy","status":"publish","type":"page","link":"https:\/\/eternalumina.com\/pl\/privacy-policy\/","title":{"rendered":"Polityka prywatno\u015bci"},"content":{"rendered":"<h2 class=\"wp-block-heading\">Kim jeste\u015bmy<\/h2>\n\n\n\n<p>Nasz adres strony internetowej to: https:\/\/eternalumina.com<\/p>\n\n\n\n<h2 class=\"wp-block-heading\">Komentarze<\/h2>\n\n\n\n<p>Kiedy odwiedzaj\u0105cy zostawiaj\u0105 komentarze na stronie, zbieramy dane pokazane w formularzu komentarzy, a tak\u017ce adres IP odwiedzaj\u0105cego i ci\u0105g identyfikatora przegl\u0105darki w celu pomocy w wykrywaniu spamu.<\/p>\n\n\n\n<p>Zanonimizowany ci\u0105g utworzony z Twojego adresu e-mail (zwany r\u00f3wnie\u017c hashem) mo\u017ce zosta\u0107 przekazany do us\u0142ugi Gravatar, aby sprawdzi\u0107, czy z niej korzystasz. Polityka prywatno\u015bci us\u0142ugi Gravatar jest dost\u0119pna tutaj: https:\/\/automattic.com\/privacy\/. Po zatwierdzeniu Twojego komentarza Twoje zdj\u0119cie profilowe b\u0119dzie widoczne publicznie w kontek\u015bcie Twojego komentarza.<\/p>\n\n\n\n<h2 class=\"wp-block-heading\">Media<\/h2>\n\n\n\n<p>Je\u015bli przesy\u0142asz obrazy na stron\u0119 internetow\u0105, powiniene\u015b unika\u0107 przesy\u0142ania obraz\u00f3w z osadzonymi danymi lokalizacyjnymi (EXIF GPS). Odwiedzaj\u0105cy stron\u0119 mog\u0105 pobra\u0107 i wyodr\u0119bni\u0107 wszelkie dane lokalizacyjne z obraz\u00f3w znajduj\u0105cych si\u0119 na stronie.<\/p>\n\n\n\n<h2 class=\"wp-block-heading\">Pliki cookie<\/h2>\n\n\n\n<p>Je\u015bli zostawisz komentarz na naszej stronie, mo\u017cesz wyrazi\u0107 zgod\u0119 na zapisanie swojego imienia, adresu e-mail i strony internetowej w plikach cookie. S\u0105 one przechowywane dla Twojej wygody, aby\u015b nie musia\u0142 ponownie wprowadza\u0107 swoich danych przy dodawaniu kolejnego komentarza. Te pliki cookie b\u0119d\u0105 przechowywane przez jeden rok.<\/p>\n\n\n\n<p>Je\u015bli odwiedzisz nasz\u0105 stron\u0119 logowania, ustawimy tymczasowy plik cookie, aby sprawdzi\u0107, czy Twoja przegl\u0105darka akceptuje pliki cookie. Ten plik cookie nie zawiera \u017cadnych danych osobowych i jest usuwany po zamkni\u0119ciu przegl\u0105darki.<\/p>\n\n\n\n<p>Kiedy si\u0119 logujesz, ustawimy r\u00f3wnie\u017c kilka plik\u00f3w cookie, aby zapisa\u0107 informacje o logowaniu i preferencje wy\u015bwietlania ekranu. Pliki cookie logowania s\u0105 przechowywane przez dwa dni, a pliki cookie ustawie\u0144 ekranu przez rok. Je\u015bli wybierzesz opcj\u0119 \u201eZapami\u0119taj mnie\u201d, Twoje logowanie b\u0119dzie aktywne przez dwa tygodnie. Je\u015bli wylogujesz si\u0119 ze swojego konta, pliki cookie logowania zostan\u0105 usuni\u0119te.<\/p>\n\n\n\n<p>Je\u015bli edytujesz lub opublikujesz artyku\u0142, w Twojej przegl\u0105darce zostanie zapisany dodatkowy plik cookie. Ten plik cookie nie zawiera \u017cadnych danych osobowych i wskazuje jedynie ID posta artyku\u0142u, kt\u00f3ry w\u0142a\u015bnie edytowa\u0142e\u015b. Wygasa po 1 dniu.<\/p>\n\n\n\n<h2 class=\"wp-block-heading\">Tre\u015bci osadzone z innych stron internetowych<\/h2>\n\n\n\n<p>Artyku\u0142y na tej stronie mog\u0105 zawiera\u0107 osadzone tre\u015bci (np. filmy, obrazy, artyku\u0142y itp.). Osadzone tre\u015bci z innych stron internetowych zachowuj\u0105 si\u0119 dok\u0142adnie tak samo, jak gdyby odwiedzaj\u0105cy odwiedzi\u0142 tamt\u0105 stron\u0119.<\/p>\n\n\n\n<p>Te strony internetowe mog\u0105 zbiera\u0107 dane o Tobie, u\u017cywa\u0107 plik\u00f3w cookie, osadza\u0107 dodatkowe narz\u0119dzia \u015bledzenia stron trzecich oraz monitorowa\u0107 Twoj\u0105 interakcj\u0119 z osadzonymi tre\u015bciami, w tym \u015bledzi\u0107 Twoj\u0105 interakcj\u0119 z osadzonymi tre\u015bciami, je\u015bli masz konto i jeste\u015b zalogowany na tej stronie.<\/p>\n\n\n\n<h2 class=\"wp-block-heading\">Z kim dzielimy si\u0119 Twoimi danymi<\/h2>\n\n\n\n<p>Je\u015bli poprosisz o resetowanie has\u0142a, Tw\u00f3j adres IP zostanie uwzgl\u0119dniony w e-mailu resetuj\u0105cym has\u0142o.<\/p>\n\n\n\n<h2 class=\"wp-block-heading\">Jak d\u0142ugo przechowujemy Twoje dane<\/h2>\n\n\n\n<p>Je\u015bli zostawisz komentarz, komentarz i jego metadane b\u0119d\u0105 przechowywane bezterminowo. Dzi\u0119ki temu b\u0119dziemy w stanie automatycznie rozpozna\u0107 i zatwierdzi\u0107 wszelkie komentarze odpowiedziowe, zamiast trzyma\u0107 je w kolejce moderacyjnej.<\/p>\n\n\n\n<p>Dla u\u017cytkownik\u00f3w, kt\u00f3rzy rejestruj\u0105 si\u0119 na naszej stronie (je\u015bli tacy s\u0105), przechowujemy r\u00f3wnie\u017c dane osobowe, kt\u00f3re podaj\u0105 w swoim profilu u\u017cytkownika. Wszyscy u\u017cytkownicy mog\u0105 w ka\u017cdej chwili zobaczy\u0107, edytowa\u0107 lub usun\u0105\u0107 swoje dane osobowe (z wyj\u0105tkiem zmiany nazwy u\u017cytkownika). Administratorzy strony mog\u0105 r\u00f3wnie\u017c zobaczy\u0107 i edytowa\u0107 te informacje.<\/p>\n\n\n\n<h2 class=\"wp-block-heading\">Jakie masz prawa do swoich danych<\/h2>\n\n\n\n<p>Je\u015bli masz konto na tej stronie lub zostawi\u0142e\u015b komentarze, mo\u017cesz poprosi\u0107 o otrzymanie wyeksportowanego pliku zawieraj\u0105cego dane osobowe, kt\u00f3re przechowujemy na Tw\u00f3j temat, w tym wszelkie dane, kt\u00f3re nam poda\u0142e\u015b. Mo\u017cesz r\u00f3wnie\u017c poprosi\u0107 o usuni\u0119cie wszelkich danych osobowych, kt\u00f3re przechowujemy na Tw\u00f3j temat. Nie dotyczy to danych, kt\u00f3re musimy przechowywa\u0107 w celach administracyjnych, prawnych lub bezpiecze\u0144stwa.<\/p>\n\n\n\n<h2 class=\"wp-block-heading\">Gdzie wysy\u0142ane s\u0105 twoje dane<\/h2>\n\n\n\n<p>Komentarze odwiedzaj\u0105cych mog\u0105 by\u0107 sprawdzane za pomoc\u0105 zautomatyzowanej us\u0142ugi wykrywania spamu.<\/p>\n\n\n\n<p>Zbieramy informacje o Tobie podczas procesu realizacji zakupu w naszym sklepie.<\/p>\n\n\n\n<h2 class=\"wp-block-heading\">Jakie dane zbieramy i przechowujemy<\/h2>\n\n\n\n<p>Podczas odwiedzania naszej strony, b\u0119dziemy \u015bledzi\u0107:<\/p>\n\n\n\n<ul class=\"wp-block-list\">\n<li>Produkty, kt\u00f3re ogl\u0105da\u0142e\u015b: wykorzystamy to, aby na przyk\u0142ad pokaza\u0107 Ci produkty, kt\u00f3re ostatnio ogl\u0105da\u0142e\u015b<\/li>\n\n\n\n<li>Lokalizacja, adres IP i typ przegl\u0105darki: wykorzystamy to w celach takich jak szacowanie podatk\u00f3w i koszt\u00f3w wysy\u0142ki<\/li>\n\n\n\n<li>Adres wysy\u0142ki: poprosimy Ci\u0119 o podanie tego, aby\u015bmy mogli na przyk\u0142ad oszacowa\u0107 koszty wysy\u0142ki przed z\u0142o\u017ceniem zam\u00f3wienia i wys\u0142a\u0107 Ci zam\u00f3wienie!<\/li>\n<\/ul>\n\n\n\n<p>B\u0119dziemy r\u00f3wnie\u017c u\u017cywa\u0107 plik\u00f3w cookie do \u015bledzenia zawarto\u015bci koszyka podczas przegl\u0105dania naszej strony.<\/p>\n\n\n\n<p>Kiedy dokonujesz zakupu u nas, poprosimy Ci\u0119 o podanie informacji, w tym imienia, adresu rozliczeniowego, adresu wysy\u0142ki, adresu e-mail, numeru telefonu, danych karty kredytowej\/p\u0142atniczej oraz opcjonalnych informacji o koncie, takich jak nazwa u\u017cytkownika i has\u0142o. Wykorzystamy te informacje w celach takich jak:<\/p>\n\n\n\n<ul class=\"wp-block-list\">\n<li>Wy\u015blemy Ci informacje o Twoim koncie i zam\u00f3wieniu<\/li>\n\n\n\n<li>Odpowiemy na Twoje pro\u015bby, w tym zwroty i reklamacje<\/li>\n\n\n\n<li>Przetwarza\u0107 p\u0142atno\u015bci i zapobiega\u0107 oszustwom<\/li>\n\n\n\n<li>Ustaw swoje konto w naszym sklepie<\/li>\n\n\n\n<li>Spe\u0142nia\u0107 wszelkie nasze obowi\u0105zki prawne, takie jak obliczanie podatk\u00f3w<\/li>\n\n\n\n<li>Poprawi\u0107 ofert\u0119 naszego sklepu<\/li>\n\n\n\n<li>Wysy\u0142a\u0107 Ci wiadomo\u015bci marketingowe, je\u015bli zdecydujesz si\u0119 je otrzyma\u0107<\/li>\n<\/ul>\n\n\n\n<p>Je\u015bli utworzysz konto, przechowamy Twoje imi\u0119, adres, e-mail i numer telefonu, kt\u00f3re b\u0119d\u0105 u\u017cywane do automatycznego wype\u0142niania danych przy realizacji przysz\u0142ych zam\u00f3wie\u0144.<\/p>\n\n\n\n<p>Zasadniczo przechowujemy informacje o Tobie tak d\u0142ugo, jak potrzebujemy ich do cel\u00f3w, w jakich je zbieramy i u\u017cywamy, a tak\u017ce tak d\u0142ugo, jak nie jeste\u015bmy prawnie zobowi\u0105zani do ich dalszego przechowywania. Na przyk\u0142ad, b\u0119dziemy przechowywa\u0107 informacje o zam\u00f3wieniach przez XXX lat w celach podatkowych i ksi\u0119gowych. Obejmuje to Twoje imi\u0119, adres e-mail oraz adresy rozliczeniowy i wysy\u0142kowy.<\/p>\n\n\n\n<p>B\u0119dziemy r\u00f3wnie\u017c przechowywa\u0107 komentarze lub recenzje, je\u015bli zdecydujesz si\u0119 je zostawi\u0107.<\/p>\n\n\n\n<h2 class=\"wp-block-heading\">Kto jest administratorem danych?<\/h2>\n\n\n\n<p><strong>Administrator Danych Osobowych<\/strong><\/p>\n\n\n\n<p>Administratorami Pani\/Pana danych osobowych s\u0105 wsp\u00f3lnicy prowadz\u0105cy dzia\u0142alno\u015b\u0107 gospodarcz\u0105 w formie sp\u00f3\u0142ki cywilnej pod firm\u0105:<\/p>\n\n\n\n<p><strong>TOOLING SYSTEMS S.C. M.P. STASZAK<\/strong><br>ul. T. Ko\u015bciuszki 78A\/15, 62-030 Lubo\u0144<br>NIP: 7831701766, REGON: 302485475<\/p>\n\n\n\n<p>Wsp\u00f3lnikami sp\u00f3\u0142ki, kt\u00f3rzy pe\u0142ni\u0105 rol\u0119 wsp\u00f3\u0142administrator\u00f3w danych osobowych, s\u0105:<\/p>\n\n\n\n<p><strong>Piotr Staszak<\/strong>prowadz\u0105ca dzia\u0142alno\u015b\u0107 gospodarcz\u0105 pod firm\u0105&nbsp;<em>TOOLING SYSTEMS Piotr Staszak<\/em><br>NIP: 7772109628, REGON: 302456462<\/p>\n\n\n\n<p><strong>Marzena Staszak<\/strong>prowadz\u0105ca dzia\u0142alno\u015b\u0107 gospodarcz\u0105 pod firm\u0105&nbsp;<em>TOOLING SYSTEMS PRECYZYJNE NARZ\u0118DZIA SKRAWAJ\u0104CE Marzena Staszak<\/em><br>NIP: 5571509610, REGON: 302275915<\/p>\n\n\n\n<p>W sprawach dotycz\u0105cych przetwarzania danych osobowych mog\u0105 si\u0119 Pa\u0144stwo z nami skontaktowa\u0107:<\/p>\n\n\n\n<p>listownie:&nbsp;<strong>TOOLING SYSTEMS S.C., ul. T. Ko\u015bciuszki 78A\/15, 62-030 Lubo\u0144<\/strong><\/p>\n\n\n\n<p>za po\u015brednictwem poczty elektronicznej:&nbsp;<strong><a class=\"\">biuro@toolingsystems.pl<\/a><\/strong>&nbsp;or&nbsp;<strong><a class=\"\">store@eternalumina.com<\/a><\/strong><\/p>\n\n\n\n<p>Administrator wyznaczy\u0142 Inspektora Ochrony Danych, Piotra Staszaka.<br><br>Z Inspektorem mo\u017cna skontaktowa\u0107 si\u0119 za po\u015brednictwem:<\/p>\n\n\n\n<ul class=\"wp-block-list\">\n<li>by e-mail to the following address:\u00a0pstaszak@toolingsystems.pl,<\/li>\n\n\n\n<li>telefonicznie:<\/li>\n\n\n\n<li>lub na pi\u015bmie na nast\u0119puj\u0105cy adres:<\/li>\n<\/ul>\n\n\n\n<p>Z Inspektorem Ochrony Danych mo\u017cna skontaktowa\u0107 si\u0119 we wszelkich sprawach dotycz\u0105cych przetwarzania danych osobowych.<\/p>\n\n\n\n<h2 class=\"wp-block-heading\">Czym dzielimy z innymi<\/h2>\n\n\n\n<p>Dzielimy si\u0119 informacjami z osobami trzecimi, kt\u00f3re pomagaj\u0105 nam \u015bwiadczy\u0107 us\u0142ugi zam\u00f3wie\u0144 i sklepu dla Ciebie.<\/p>\n\n\n\n<p>Szczeg\u00f3\u0142owe informacje mo\u017cna znale\u017a\u0107 w naszej <a href=\"https:\/\/eternalumina.com\/pl\/cookie-policy-eu\/\" data-type=\"page\" data-id=\"1175\">Polityka Cookies (UE)<\/a><\/p>\n\n\n\n<h3 class=\"wp-block-heading\">P\u0142atno\u015bci<\/h3>\n\n\n\n<p>Akceptujemy p\u0142atno\u015bci za po\u015brednictwem bramek p\u0142atniczych PayPal i AUTOPAY. <\/p>\n\n\n\n<p>Podczas przetwarzania p\u0142atno\u015bci, niekt\u00f3re z Twoich danych zostan\u0105 przekazane do PayPal, w tym informacje niezb\u0119dne do przetworzenia lub wsparcia p\u0142atno\u015bci, takie jak \u0142\u0105czna kwota zakupu i dane rozliczeniowe.<\/p>\n\n\n\n<p>Please see the&nbsp;<a href=\"https:\/\/www.paypal.com\/us\/webapps\/mpp\/ua\/privacy-full\">Polityka prywatno\u015bci PayPal<\/a>&nbsp;for more details.<\/p>\n\n\n\n<p>Zbieramy informacje o Tobie podczas procesu realizacji zakupu w naszym sklepie.<\/p>\n\n\n\n<h2 class=\"wp-block-heading\"><\/h2>","protected":false},"excerpt":{"rendered":"<p>Who we are Our website address is: https:\/\/eternalumina.com. Comments When visitors leave comments on the site we collect the data shown in the comments form, and also the visitor\u2019s IP address and browser user agent string to help spam detection. An anonymised string created from your email address (also called a hash) may be provided&#8230;<\/p>","protected":false},"author":1,"featured_media":0,"parent":0,"menu_order":0,"comment_status":"closed","ping_status":"closed","template":"","meta":{"_seopress_robots_primary_cat":"","_seopress_titles_title":"Privacy Policy","_seopress_titles_desc":"We value your privacy. Read our comprehensive privacy policy to understand how we collect, use, and protect your personal information.","_seopress_robots_index":"","_kadence_starter_templates_imported_post":false,"_kad_post_transparent":"","_kad_post_title":"","_kad_post_layout":"","_kad_post_sidebar_id":"","_kad_post_content_style":"","_kad_post_vertical_padding":"","_kad_post_feature":"","_kad_post_feature_position":"","_kad_post_header":false,"_kad_post_footer":false,"_kad_post_classname":"","footnotes":""},"class_list":["post-350","page","type-page","status-publish","hentry"],"_links":{"self":[{"href":"https:\/\/eternalumina.com\/pl\/wp-json\/wp\/v2\/pages\/350","targetHints":{"allow":["GET"]}}],"collection":[{"href":"https:\/\/eternalumina.com\/pl\/wp-json\/wp\/v2\/pages"}],"about":[{"href":"https:\/\/eternalumina.com\/pl\/wp-json\/wp\/v2\/types\/page"}],"author":[{"embeddable":true,"href":"https:\/\/eternalumina.com\/pl\/wp-json\/wp\/v2\/users\/1"}],"replies":[{"embeddable":true,"href":"https:\/\/eternalumina.com\/pl\/wp-json\/wp\/v2\/comments?post=350"}],"version-history":[{"count":8,"href":"https:\/\/eternalumina.com\/pl\/wp-json\/wp\/v2\/pages\/350\/revisions"}],"predecessor-version":[{"id":1958,"href":"https:\/\/eternalumina.com\/pl\/wp-json\/wp\/v2\/pages\/350\/revisions\/1958"}],"wp:attachment":[{"href":"https:\/\/eternalumina.com\/pl\/wp-json\/wp\/v2\/media?parent=350"}],"curies":[{"name":"wp","href":"https:\/\/api.w.org\/{rel}","templated":true}]}}