{"id":760,"date":"2024-11-06T01:41:04","date_gmt":"2024-11-06T00:41:04","guid":{"rendered":"https:\/\/eternalumina.com\/?page_id=760"},"modified":"2025-04-14T14:06:36","modified_gmt":"2025-04-14T12:06:36","slug":"charity","status":"publish","type":"page","link":"https:\/\/eternalumina.com\/pl\/charity\/","title":{"rendered":"Dobroczynno\u015b\u0107"},"content":{"rendered":"<h2 class=\"wp-block-heading\">Projekt Eterna Lumina ma swojego w\u0142asnego Anio\u0142a <\/h2>\n\n\n\n<p><\/p>\n\n\n\n<pre class=\"wp-block-verse\">Wszystko, co tutaj robimy, jest po\u015bwi\u0119cone naszemu ukochanemu Maksiowi, kt\u00f3rego utracili\u015bmy. Ka\u017cdy pomys\u0142, kt\u00f3ry pojawi\u0142 si\u0119 i zacz\u0105\u0142 nabiera\u0107 kszta\u0142tu w rzeczywisto\u015bci, jest zakorzeniony w g\u0142\u0119bokim b\u00f3lu po tej stracie.<br><br>Chocia\u017c Eterna Lumina jest projektem komercyjnym, zdecydowali\u015bmy, \u017ce co najmniej 10% zysk\u00f3w ze sprzeda\u017cy naszych \u015bwiec b\u0119dzie przeznaczone na bezpo\u015brednie wsparcie m\u0142odych os\u00f3b zmagaj\u0105cych si\u0119 z problemami zdrowia psychicznego, w szczeg\u00f3lno\u015bci depresj\u0105 i chorob\u0105 afektywn\u0105 dwubiegunow\u0105 (w formie dofinansowania koszt\u00f3w psychoterapii i\/lub leczenia psychiatrycznego). Niestety, wiemy z w\u0142asnego do\u015bwiadczenia, \u017ce publiczna s\u0142u\u017cba zdrowia w tym obszarze w Polsce \u2014 delikatnie m\u00f3wi\u0105c \u2014 nie dzia\u0142a tak, jak powinna!<br><br>Projekt jest wci\u0105\u017c na wczesnym etapie, wi\u0119c nie mamy jeszcze zbyt wielu funduszy do udost\u0119pnienia. Z czasem b\u0119dziemy jednak aktualizowa\u0107 t\u0119 sekcj\u0119, aby informowa\u0107 Ci\u0119 o tym, jak i gdzie kierujemy te fundusze, aby pom\u00f3c potrzebuj\u0105cym.<br><br>Tak, celowo ukryli\u015bmy te informacje pod przyciskiem, zak\u0142adaj\u0105c, \u017ce tylko nieliczni b\u0119d\u0105 chcieli dotrze\u0107 do tego miejsca i je przeczyta\u0107. Ale je\u015bli to zrobi\u0142e\u015b, prawdopodobnie oznacza to, \u017ce projekt wywar\u0142 na Tobie g\u0142\u0119bsze wra\u017cenie.<br><br>Mamy nadziej\u0119, \u017ce b\u0119dziecie trzyma\u0107 za nas kciuki.<br><br>Wszystkiego najlepszego,  <br><br>Piotr i Marzena<\/pre>\n\n\n\n<p><\/p>","protected":false},"excerpt":{"rendered":"<p>The Eterna Lumina project has got it`s own Angel Everything we do here is dedicated to our beloved Max, whom we lost. Every idea that has emerged and started to take shape in reality is rooted in the deep pain of that loss we can never reclaim here on Earth.Although Eterna Lumina is a commercial&#8230;<\/p>","protected":false},"author":1,"featured_media":0,"parent":0,"menu_order":0,"comment_status":"closed","ping_status":"closed","template":"","meta":{"_seopress_robots_primary_cat":"","_seopress_titles_title":"Charity - Eterna Lumina","_seopress_titles_desc":"Join Eterna Lumina in creating a lasting legacy for loved ones through heartfelt charitable initiatives. Together, we can transform loss into hope.","_seopress_robots_index":"","_kadence_starter_templates_imported_post":false,"_kad_post_transparent":"","_kad_post_title":"","_kad_post_layout":"","_kad_post_sidebar_id":"","_kad_post_content_style":"","_kad_post_vertical_padding":"","_kad_post_feature":"","_kad_post_feature_position":"","_kad_post_header":false,"_kad_post_footer":false,"_kad_post_classname":"","footnotes":""},"class_list":["post-760","page","type-page","status-publish","hentry"],"_links":{"self":[{"href":"https:\/\/eternalumina.com\/pl\/wp-json\/wp\/v2\/pages\/760","targetHints":{"allow":["GET"]}}],"collection":[{"href":"https:\/\/eternalumina.com\/pl\/wp-json\/wp\/v2\/pages"}],"about":[{"href":"https:\/\/eternalumina.com\/pl\/wp-json\/wp\/v2\/types\/page"}],"author":[{"embeddable":true,"href":"https:\/\/eternalumina.com\/pl\/wp-json\/wp\/v2\/users\/1"}],"replies":[{"embeddable":true,"href":"https:\/\/eternalumina.com\/pl\/wp-json\/wp\/v2\/comments?post=760"}],"version-history":[{"count":36,"href":"https:\/\/eternalumina.com\/pl\/wp-json\/wp\/v2\/pages\/760\/revisions"}],"predecessor-version":[{"id":1955,"href":"https:\/\/eternalumina.com\/pl\/wp-json\/wp\/v2\/pages\/760\/revisions\/1955"}],"wp:attachment":[{"href":"https:\/\/eternalumina.com\/pl\/wp-json\/wp\/v2\/media?parent=760"}],"curies":[{"name":"wp","href":"https:\/\/api.w.org\/{rel}","templated":true}]}}