{"id":2467,"date":"2026-01-31T19:38:21","date_gmt":"2026-01-31T18:38:21","guid":{"rendered":"https:\/\/eternalumina.com\/?post_type=product&#038;p=2467"},"modified":"2026-02-28T20:15:44","modified_gmt":"2026-02-28T19:15:44","slug":"refillable-memorial-candle-eterna-lumina-matt-gold-laser-engraving-heart-cross-dedication","status":"publish","type":"product","link":"https:\/\/eternalumina.com\/pl\/store\/refillable-memorial-candle-eterna-lumina-matt-gold-laser-engraving-heart-cross-dedication\/","title":{"rendered":"Znicz Oliwny ETERNA LUMINA do wielokrotnego nape\u0142niania, matowy z\u0142oty, grawer laserowy: serce\/krzy\u017c + dedykacja"},"content":{"rendered":"<p style=\"text-align: center;\"><strong><span class=\"\">.<\/span><span class=\"\"> Znicz oliwny wielokrotnego nape\u0142niania z regulowanym bawe\u0142nianym knotem, przystosowany do uzupe\u0142niania parafin\u0105 p\u0142ynn\u0105.\nWykonany z anodowanego aluminium matowy z\u0142oty, z grawerem laserowym \u2014 grafik\u0105 oraz personalizowan\u0105 dedykacj\u0105 (2\u20134 s\u0142owa, np. \u201eUkochana Mama\u201d).\nPersonalizacja wyd\u0142u\u017ca czas realizacji zam\u00f3wienia do 4\u20135 dni roboczych.\nTre\u015b\u0107 dedykacji nale\u017cy poda\u0107 w uwagach do zam\u00f3wienia podczas sk\u0142adania zam\u00f3wienia.<\/span><\/strong><\/p>\n<p style=\"text-align: center;\"><strong>Ze wzgl\u0119du na indywidualny charakter personalizacji, produkty wykonywane na specjalne zam\u00f3wienie nie podlegaj\u0105 zwrotowi.<\/strong><\/p>\n<p><strong>UWAGI: <\/strong><\/p>\n<ul>\n<li>Produkt nie jest wype\u0142niony olejem, olej parafinowy do wype\u0142nienia \u015bwiecy nale\u017cy zakupi\u0107 osobno.<\/li>\n<li>Latarnia nie jest do\u0142\u0105czona, ale jest sugerowanym zestawem do naszej \u015bwiecy oliwnej, nale\u017cy j\u0105 kupi\u0107 osobno (nawet je\u015bli mo\u017cemy opublikowa\u0107 niekt\u00f3re zdj\u0119cia lub filmy z tymi produktami razem).<\/li>\n<li>Nie ma mo\u017cliwo\u015bci zwrotu trwale spersonalizowanych produkt\u00f3w wykonanych na specjalne zam\u00f3wienie.<\/li>\n<\/ul>\n<p><strong>UWAGI DOTYCZ\u0104CE BEZPIECZE\u0143STWA:<\/strong><\/p>\n<ul>\n<li><span class=\"OYPEnA font-feature-liga-off font-feature-clig-off font-feature-calt-off text-decoration-none text-strikethrough-none\">nie zostawiaj zapalonej \u015bwiecy bez nadzoru<\/span><\/li>\n<li><span class=\"OYPEnA font-feature-liga-off font-feature-clig-off font-feature-calt-off text-decoration-none text-strikethrough-none\">uzupe\u0142nia\u0107 paliwo tylko wtedy, gdy \u015bwieca nie pali si\u0119 i ostyg\u0142a<\/span><\/li>\n<li><span class=\"OYPEnA font-feature-liga-off font-feature-clig-off font-feature-calt-off text-decoration-none text-strikethrough-none\">trzyma\u0107 \u015bwiece z dala od \u0142atwopalnych przedmiot\u00f3w<\/span><\/li>\n<li><span class=\"OYPEnA font-feature-liga-off font-feature-clig-off font-feature-calt-off text-decoration-none text-strikethrough-none\">umie\u015bci\u0107 \u015bwiec\u0119 na p\u0142askiej, stabilnej powierzchni<\/span><\/li>\n<li><span class=\"OYPEnA font-feature-liga-off font-feature-clig-off font-feature-calt-off text-decoration-none text-strikethrough-none\">trzyma\u0107 z dala od dzieci ze wzgl\u0119du na ryzyko poparzenia<\/span><\/li>\n<li><span class=\"OYPEnA font-feature-liga-off font-feature-clig-off font-feature-calt-off text-decoration-none text-strikethrough-none\">tylko do u\u017cytku na cmentarzach, na zewn\u0105trz<\/span><\/li>\n<li><span class=\"OYPEnA font-feature-liga-off font-feature-clig-off font-feature-calt-off text-decoration-none text-strikethrough-none\">u\u017cywa\u0107 w odpowiedniej latarni<\/span><\/li>\n<\/ul>\n<p><strong>Wyprodukowano w Polsce\u00a0<\/strong><strong>Zarejestrowany wz\u00f3r przemys\u0142owy Unii Europejskiej<\/strong><\/p>\n<p><strong><a href=\"https:\/\/euipo.europa.eu\/eSearch\/#details\/designs\/015069214-0001\/eRegister\" target=\"_blank\" rel=\"noopener\">EUIPO nr 015069214-0001\/ data rejestracji 09\/08\/2024\/<\/a><\/strong><\/p>\n<pre style=\"text-align: center;\"><a title=\"Sklep\" href=\"https:\/\/eternalumina.com\/pl\/store\/\">Powr\u00f3t do sklepu<\/a><\/pre>","protected":false},"excerpt":{"rendered":"<p><strong>Znicz Oliwny do wielokrotnego nape\u0142niania - wersja spersonalizowana<\/strong><br \/>\nElegant and customizable memorial candle crafted from anodized aluminum in a matte gold finish. Designed with an adjustable cotton wick and refillable with liquid paraffin (oil not included, to buy separately <a href=\"https:\/\/eternalumina.com\/pl\/kategoria-produktu\/consumables\/\">tutaj<\/a>). Przeznaczony na cmentarz, do u\u017cytku na zewn\u0105trz. W komplecie z latarni\u0105 (latarnie sprzedawane oddzielnie <a href=\"https:\/\/eternalumina.com\/pl\/kategoria-produktu\/lanterns\/\">tutaj<\/a>). Personalizacja za pomoc\u0105 grawerowanej laserowo grafiki i 2-wyrazowej dedykacji (np. \"Ukochanej Mamie\"). Uwaga: Personalizacja wyd\u0142u\u017ca czas dostawy o 4-5 dni roboczych.<\/p>\n<p><strong>Wa\u017cne:<\/strong> Spersonalizowane przedmioty nie mog\u0105 zosta\u0107 zwr\u00f3cone. Szczeg\u00f3\u0142y dedykacji nale\u017cy poda\u0107 w komentarzu do zam\u00f3wienia. Latarnia sprzedawana osobno w komplecie.<\/p>\n<p><strong>Uwagi dotycz\u0105ce bezpiecze\u0144stwa:<\/strong> Nigdy nie zostawiaj zapalonej \u015bwiecy bez nadzoru. Uzupe\u0142nia\u0107 dopiero po ostygni\u0119ciu. Przechowywa\u0107 z dala od \u0142atwopalnych przedmiot\u00f3w i dzieci.<\/p>\n<p><strong>Made in Poland,\u00a0Registered European Union Design<\/strong><\/p>\n<p><strong><a title=\"Nr EUIPO 015069214-0001\/ data rejestracji 09\/08\/2024\/\" href=\"https:\/\/euipo.europa.eu\/eSearch\/#details\/designs\/015069214-0001\/eRegister\" target=\"_blank\" rel=\"noopener\">Nr EUIPO 015069214-0001\/ data rejestracji 09\/08\/2024\/\u00a0<\/a><\/strong><\/p>","protected":false},"featured_media":2468,"comment_status":"open","ping_status":"closed","template":"","meta":{"_seopress_robots_primary_cat":"none","_seopress_titles_title":"ETERNA LUMINA: Modern Reusable Memorial Candle Design","_seopress_titles_desc":"Unique, modern and modest, reusable olive oil memorial candle by ETERNA LUMINA, that change the way you can mourn your loves ones. Made of anodised aluminium with laser engraving, 100% recyclable and enviroment-friendly, prevents from producing contaminated plastic wastes at cementieries due to it`s reusable feature. You just refill with the paraffin liquid oil, adjust the height of the knob and the flame lasts for about 72 hours.","_seopress_robots_index":"","_kadence_starter_templates_imported_post":false,"_kad_post_transparent":"default","_kad_post_title":"","_kad_post_layout":"default","_kad_post_sidebar_id":"","_kad_post_content_style":"default","_kad_post_vertical_padding":"default","_kad_post_feature":"","_kad_post_feature_position":"","_kad_post_header":false,"_kad_post_footer":false,"_kad_post_classname":""},"product_brand":[156],"product_cat":[135],"product_tag":[74,68,84,37,69,33,32,73,88,94,91,76,87,89,83,134,79,112,123,77,92,70,23,86,36,71,80,81,85,75,82,90,93,72,34,125,126,127,124,31,22,35,30,133,130,109,21,110,24],"class_list":{"0":"post-2467","1":"product","2":"type-product","3":"status-publish","4":"has-post-thumbnail","6":"product_brand-eternalumina","7":"product_cat-oil-refillable-memorial-candles","8":"product_tag-candle","9":"product_tag-devotional-articles","10":"product_tag-devotionalien","11":"product_tag-dewocjonalia","12":"product_tag-ecology","13":"product_tag-ekologia","14":"product_tag-eterna-lumina","15":"product_tag-eternal-light","16":"product_tag-ewiges-licht","17":"product_tag-gedenk-olivenkerze","18":"product_tag-grabsteinkerzen","19":"product_tag-grave-candle","20":"product_tag-kein-plastik","21":"product_tag-kerze","22":"product_tag-lampa-naftowa","23":"product_tag-memorial-candle","24":"product_tag-memorial-olive-candle","25":"product_tag-memorial-olive-oil-candle","26":"product_tag-memory-candle","27":"product_tag-modern-design","28":"product_tag-modernes-design","29":"product_tag-natural-flame","30":"product_tag-naturalny-plomien","31":"product_tag-naturliche-flamme","32":"product_tag-nie-dla-plastiku","33":"product_tag-no-to-plastic","34":"product_tag-oil-candle","35":"product_tag-oil-lamp","36":"product_tag-okologie","37":"product_tag-olive-candle","38":"product_tag-olive-lamp","39":"product_tag-olivenkerze","40":"product_tag-petroleumlampe","41":"product_tag-recycling","42":"product_tag-recykling","43":"product_tag-remembrance-candles","44":"product_tag-remembrance-candles-for-funerals","45":"product_tag-remembrance-candles-for-loved-ones","46":"product_tag-reusable-memory-candle","47":"product_tag-swieto-zmarlych","48":"product_tag-wieczne-swiatlo","49":"product_tag-zero-waste","50":"product_tag-znicz","51":"product_tag-znicz-ekologiczny","52":"product_tag-znicz-nagrobny","53":"product_tag-znicz-olejowy","54":"product_tag-znicz-oliwny","55":"product_tag-znicz-parafinowy","56":"product_tag-znicze-nagrobkowe","57":"pa_burning-time-72h","58":"pa_capacity-250ml","59":"pa_color-laser-engraving-heart-cross","60":"pa_color-laser-engraving-personalised-dedication","61":"pa_color-matt-black","62":"pa_condition-new","63":"pa_cotton-wick-additional-included-diameter-3mm-length-30cm","64":"pa_dimensions-diameter-60mm","65":"pa_dimensions-height-120mm","67":"first","68":"instock","69":"sale","70":"taxable","71":"shipping-taxable","72":"purchasable","73":"product-type-simple","74":"entry","75":"content-bg","76":"loop-entry"},"_links":{"self":[{"href":"https:\/\/eternalumina.com\/pl\/wp-json\/wp\/v2\/product\/2467","targetHints":{"allow":["GET"]}}],"collection":[{"href":"https:\/\/eternalumina.com\/pl\/wp-json\/wp\/v2\/product"}],"about":[{"href":"https:\/\/eternalumina.com\/pl\/wp-json\/wp\/v2\/types\/product"}],"replies":[{"embeddable":true,"href":"https:\/\/eternalumina.com\/pl\/wp-json\/wp\/v2\/comments?post=2467"}],"wp:featuredmedia":[{"embeddable":true,"href":"https:\/\/eternalumina.com\/pl\/wp-json\/wp\/v2\/media\/2468"}],"wp:attachment":[{"href":"https:\/\/eternalumina.com\/pl\/wp-json\/wp\/v2\/media?parent=2467"}],"wp:term":[{"taxonomy":"product_brand","embeddable":true,"href":"https:\/\/eternalumina.com\/pl\/wp-json\/wp\/v2\/product_brand?post=2467"},{"taxonomy":"product_cat","embeddable":true,"href":"https:\/\/eternalumina.com\/pl\/wp-json\/wp\/v2\/product_cat?post=2467"},{"taxonomy":"product_tag","embeddable":true,"href":"https:\/\/eternalumina.com\/pl\/wp-json\/wp\/v2\/product_tag?post=2467"}],"curies":[{"name":"wp","href":"https:\/\/api.w.org\/{rel}","templated":true}]}}