{"id":721,"date":"2024-11-01T00:59:49","date_gmt":"2024-10-31T23:59:49","guid":{"rendered":"https:\/\/eternalumina.com\/?post_type=product&#038;p=721"},"modified":"2026-02-28T20:21:03","modified_gmt":"2026-02-28T19:21:03","slug":"znicz-oliwny-refillable-memorial-candle-eterna-lumina-matt-silver-laser-engraving-heart-cross","status":"publish","type":"product","link":"https:\/\/eternalumina.com\/pl\/store\/znicz-oliwny-refillable-memorial-candle-eterna-lumina-matt-silver-laser-engraving-heart-cross\/","title":{"rendered":"Znicz Oliwny ETERNA LUMINA do wielokrotnego nape\u0142niania, matowe srebro, grawer laserowy: serce\/krzy\u017c"},"content":{"rendered":"<p style=\"text-align: center;\"><strong>Znicz Oliwny z regulowanym bawe\u0142nianym knotem, nape\u0142niany p\u0142ynn\u0105 parafin\u0105, wykonany z anodowanego aluminium \u2013 matowy srebrny, grawer laserowy \u2013 grafika, bez dedykacji.<\/strong><\/p>\n<p><strong>UWAGA:<\/strong><\/p>\n<ul>\n<li>Produkt nie jest wype\u0142niony olejem, olej parafinowy do wype\u0142nienia \u015bwiecy nale\u017cy zakupi\u0107 osobno.<\/li>\n<li>Latarnia nie jest do\u0142\u0105czona, ale jest sugerowanym zestawem do naszej \u015bwiecy oliwnej, nale\u017cy j\u0105 kupi\u0107 osobno (nawet je\u015bli mo\u017cemy opublikowa\u0107 niekt\u00f3re zdj\u0119cia lub filmy z tymi produktami razem).<\/li>\n<\/ul>\n<p><strong>UWAGI DOTYCZ\u0104CE BEZPIECZE\u0143STWA:<\/strong><\/p>\n<ul>\n<li><span class=\"OYPEnA font-feature-liga-off font-feature-clig-off font-feature-calt-off text-decoration-none text-strikethrough-none\">nie zostawiaj zapalonej \u015bwiecy bez nadzoru<\/span><\/li>\n<li><span class=\"OYPEnA font-feature-liga-off font-feature-clig-off font-feature-calt-off text-decoration-none text-strikethrough-none\">uzupe\u0142nia\u0107 paliwo tylko wtedy, gdy \u015bwieca nie pali si\u0119 i ostyg\u0142a<\/span><\/li>\n<li><span class=\"OYPEnA font-feature-liga-off font-feature-clig-off font-feature-calt-off text-decoration-none text-strikethrough-none\">trzyma\u0107 \u015bwiece z dala od \u0142atwopalnych przedmiot\u00f3w<\/span><\/li>\n<li><span class=\"OYPEnA font-feature-liga-off font-feature-clig-off font-feature-calt-off text-decoration-none text-strikethrough-none\">umie\u015bci\u0107 \u015bwiec\u0119 na p\u0142askiej, stabilnej powierzchni<\/span><\/li>\n<li><span class=\"OYPEnA font-feature-liga-off font-feature-clig-off font-feature-calt-off text-decoration-none text-strikethrough-none\"><span class=\"VIpgJd-yAWNEb-VIpgJd-fmcmS-sn54Q\">trzyma\u0107 z dala od dzieci ze wzgl\u0119du na ryzyko poparzenia<\/span><\/span><\/li>\n<li><span class=\"OYPEnA font-feature-liga-off font-feature-clig-off font-feature-calt-off text-decoration-none text-strikethrough-none\">tylko do u\u017cytku na cmentarzach, na zewn\u0105trz<\/span><\/li>\n<li><span class=\"OYPEnA font-feature-liga-off font-feature-clig-off font-feature-calt-off text-decoration-none text-strikethrough-none\">u\u017cywa\u0107 w odpowiedniej latarni<\/span><\/li>\n<\/ul>\n<p><strong>Wyprodukowano w Polsce\u00a0<\/strong><strong>Zarejestrowany wz\u00f3r przemys\u0142owy Unii Europejskiej<\/strong><\/p>\n<p><strong><a title=\"Nr EUIPO 015069214-0001\/ data rejestracji 09\/08\/2024\/\" href=\"https:\/\/euipo.europa.eu\/eSearch\/#details\/designs\/015069214-0001\/eRegister\" target=\"_blank\" rel=\"noopener\">Nr EUIPO 015069214-0001\/ data rejestracji 09\/08\/2024\/\u00a0<\/a><\/strong><\/p>\n<pre style=\"text-align: center;\"><a title=\"Sklep\" href=\"https:\/\/eternalumina.com\/pl\/store\/\">Powr\u00f3t do sklepu<\/a><\/pre>","protected":false},"excerpt":{"rendered":"<p><strong>\u015awieca pami\u0119ci wielokrotnego nape\u0142niania - wersja z grawerowan\u0105 grafik\u0105<\/strong><br \/>\nStylowy znicz wykonany z anodyzowanego aluminium w matowym srebrnym wyko\u0144czeniu. Zaprojektowany z regulowanym bawe\u0142nianym knotem i mo\u017cliwo\u015bci\u0105 ponownego nape\u0142nienia p\u0142ynn\u0105 parafin\u0105 (olej nie jest do\u0142\u0105czony, do kupienia osobno). <a href=\"https:\/\/eternalumina.com\/pl\/kategoria-produktu\/consumables\/\">tutaj<\/a>). Przeznaczony na cmentarz, do u\u017cytku na zewn\u0105trz. W komplecie z latarni\u0105 (latarnie sprzedawane oddzielnie <a href=\"https:\/\/eternalumina.com\/pl\/kategoria-produktu\/lanterns\/\">tutaj<\/a>).<\/p>\n<p><strong>Wa\u017cne:<\/strong> Elementy trwale spersonalizowane nie mog\u0105 zosta\u0107 zwr\u00f3cone.<\/p>\n<p><strong>Uwagi dotycz\u0105ce bezpiecze\u0144stwa:<\/strong> Nigdy nie zostawiaj zapalonej \u015bwiecy bez nadzoru. Uzupe\u0142nia\u0107 dopiero po ostygni\u0119ciu. Przechowywa\u0107 z dala od \u0142atwopalnych przedmiot\u00f3w i dzieci.<\/p>\n<p><strong>Wyprodukowano w Polsce\u00a0<\/strong><strong>Zarejestrowany wz\u00f3r przemys\u0142owy Unii Europejskiej<\/strong><\/p>\n<p><strong><a href=\"https:\/\/euipo.europa.eu\/eSearch\/#details\/designs\/015069214-0001\/eRegister\" target=\"_blank\" rel=\"noopener\">EUIPO nr 015069214-0001\/ data rejestracji 09\/08\/2024\/<\/a><\/strong><\/p>","protected":false},"featured_media":2456,"comment_status":"open","ping_status":"closed","template":"","meta":{"_seopress_robots_primary_cat":"none","_seopress_titles_title":"Eco-Friendly Modern Memorial Candle ETERNA LUMINA","_seopress_titles_desc":"Unique, modern and modest, reusable olive oil memorial candle by ETERNA LUMINA, that change the way you can mourn your loves ones. Made of anodised aluminium with laser engraving, 100% recyclable and enviroment-friendly, prevents from producing contaminated plastic wastes at cementieries due to it`s reusable feature. You just refill with the paraffin liquid oil, adjust the height of the knob and the flame lasts for about 72 hours.","_seopress_robots_index":"","_kadence_starter_templates_imported_post":false,"_kad_post_transparent":"default","_kad_post_title":"","_kad_post_layout":"default","_kad_post_sidebar_id":"","_kad_post_content_style":"default","_kad_post_vertical_padding":"default","_kad_post_feature":"","_kad_post_feature_position":"","_kad_post_header":false,"_kad_post_footer":false,"_kad_post_classname":""},"product_brand":[156],"product_cat":[135],"product_tag":[74,68,84,37,69,33,32,73,88,94,91,76,87,89,83,79,112,123,77,92,70,23,86,36,71,80,81,85,75,82,90,93,72,34,125,126,127,124,31,22,35,30,130,109,21,110,132,24],"class_list":{"0":"post-721","1":"product","2":"type-product","3":"status-publish","4":"has-post-thumbnail","6":"product_brand-eternalumina","7":"product_cat-oil-refillable-memorial-candles","8":"product_tag-candle","9":"product_tag-devotional-articles","10":"product_tag-devotionalien","11":"product_tag-dewocjonalia","12":"product_tag-ecology","13":"product_tag-ekologia","14":"product_tag-eterna-lumina","15":"product_tag-eternal-light","16":"product_tag-ewiges-licht","17":"product_tag-gedenk-olivenkerze","18":"product_tag-grabsteinkerzen","19":"product_tag-grave-candle","20":"product_tag-kein-plastik","21":"product_tag-kerze","22":"product_tag-lampa-naftowa","23":"product_tag-memorial-olive-candle","24":"product_tag-memorial-olive-oil-candle","25":"product_tag-memory-candle","26":"product_tag-modern-design","27":"product_tag-modernes-design","28":"product_tag-natural-flame","29":"product_tag-naturalny-plomien","30":"product_tag-naturliche-flamme","31":"product_tag-nie-dla-plastiku","32":"product_tag-no-to-plastic","33":"product_tag-oil-candle","34":"product_tag-oil-lamp","35":"product_tag-okologie","36":"product_tag-olive-candle","37":"product_tag-olive-lamp","38":"product_tag-olivenkerze","39":"product_tag-petroleumlampe","40":"product_tag-recycling","41":"product_tag-recykling","42":"product_tag-remembrance-candles","43":"product_tag-remembrance-candles-for-funerals","44":"product_tag-remembrance-candles-for-loved-ones","45":"product_tag-reusable-memory-candle","46":"product_tag-swieto-zmarlych","47":"product_tag-wieczne-swiatlo","48":"product_tag-zero-waste","49":"product_tag-znicz","50":"product_tag-znicz-nagrobny","51":"product_tag-znicz-olejowy","52":"product_tag-znicz-oliwny","53":"product_tag-znicz-parafinowy","54":"product_tag-znicze-ekologiczne","55":"product_tag-znicze-nagrobkowe","56":"pa_burning-time-72h","57":"pa_capacity-250ml","58":"pa_color-laser-engraving-heart-cross","59":"pa_color-matt-silver","60":"pa_condition-new","61":"pa_cotton-wick-additional-included-diameter-3mm-length-30cm","62":"pa_dimensions-diameter-60mm","63":"pa_dimensions-height-120mm","65":"first","66":"instock","67":"sale","68":"taxable","69":"shipping-taxable","70":"purchasable","71":"product-type-simple","72":"entry","73":"content-bg","74":"loop-entry"},"_links":{"self":[{"href":"https:\/\/eternalumina.com\/pl\/wp-json\/wp\/v2\/product\/721","targetHints":{"allow":["GET"]}}],"collection":[{"href":"https:\/\/eternalumina.com\/pl\/wp-json\/wp\/v2\/product"}],"about":[{"href":"https:\/\/eternalumina.com\/pl\/wp-json\/wp\/v2\/types\/product"}],"replies":[{"embeddable":true,"href":"https:\/\/eternalumina.com\/pl\/wp-json\/wp\/v2\/comments?post=721"}],"wp:featuredmedia":[{"embeddable":true,"href":"https:\/\/eternalumina.com\/pl\/wp-json\/wp\/v2\/media\/2456"}],"wp:attachment":[{"href":"https:\/\/eternalumina.com\/pl\/wp-json\/wp\/v2\/media?parent=721"}],"wp:term":[{"taxonomy":"product_brand","embeddable":true,"href":"https:\/\/eternalumina.com\/pl\/wp-json\/wp\/v2\/product_brand?post=721"},{"taxonomy":"product_cat","embeddable":true,"href":"https:\/\/eternalumina.com\/pl\/wp-json\/wp\/v2\/product_cat?post=721"},{"taxonomy":"product_tag","embeddable":true,"href":"https:\/\/eternalumina.com\/pl\/wp-json\/wp\/v2\/product_tag?post=721"}],"curies":[{"name":"wp","href":"https:\/\/api.w.org\/{rel}","templated":true}]}}